{"id":2996,"date":"2017-10-17T15:15:29","date_gmt":"2017-10-17T15:15:29","guid":{"rendered":"http:\/\/www.tatanka.nl\/?post_type=product&#038;p=2996"},"modified":"2025-05-20T11:02:10","modified_gmt":"2025-05-20T10:02:10","slug":"cbd-raw-oil-500mg-5-10ml-bottle-hemp-cannabis-weed","status":"publish","type":"product","link":"https:\/\/www.tatanka.nl\/it\/cbd-raw-oil-500mg-5-10ml-bottle-hemp-cannabis-weed\/","title":{"rendered":"HempCare Raw 5% Olio di Cbd 10ml"},"content":{"rendered":"<h2>HempCare Raw 5% Olio di CBD 10ml<\/h2>\n<h2 data-start=\"0\" data-end=\"31\">Che cos'\u00e8 Hempcare RAW 5% CBD?<\/h2>\n<p data-start=\"33\" data-end=\"652\">Hempcare RAW 5% CBD \u00e8 un olio di CBD organico di alta qualit\u00e0 derivato dalla canapa. Questo prodotto si presenta nella sua forma pi\u00f9 pura, offrendo un estratto grezzo e non lavorato che conserva tutti i composti naturali presenti nella pianta di canapa, come cannabinoidi, terpeni e flavonoidi. Questi composti lavorano insieme per fornire benefici olistici al corpo, senza gli effetti psicoattivi associati al THC. Il CBD Hempcare RAW 5% \u00e8 prodotto con estrazione a CO2, un metodo che preserva l'integrit\u00e0 naturale della pianta e garantisce un prodotto pulito ed efficace. Questo prodotto \u00e8 ideale per chi \u00e8 alle prime armi con il CBD o preferisce un rimedio organico e naturale.<\/p>\n<h2 data-start=\"654\" data-end=\"687\">Storia di Hempcare RAW 5% CBD<\/h2>\n<p data-start=\"689\" data-end=\"1292\">Il CBD \u00e8 riconosciuto per le sue propriet\u00e0 terapeutiche da secoli, ma negli ultimi anni il suo uso ha ottenuto un'attenzione significativa. Le antiche civilt\u00e0 conoscevano i benefici medicinali del CBD e nel XX secolo la ricerca scientifica ha iniziato a confermare i suoi potenziali vantaggi per la salute. Hempcare RAW 5% CBD fa parte del moderno movimento del CBD, offrendo un'opzione grezza e non raffinata per gli utenti che cercano un'esperienza di CBD puro. Il prodotto \u00e8 ottenuto da piante di canapa organiche accuratamente selezionate e il suo metodo di estrazione a CO2 garantisce una scelta affidabile per chi cerca l'intero spettro dei benefici della canapa.<\/p>\n<h2 data-start=\"1294\" data-end=\"1327\">Come utilizzare Hempcare RAW 5% CBD<\/h2>\n<p data-start=\"1329\" data-end=\"1923\">Per massimizzare i benefici del CBD Hempcare RAW 5%, si consiglia di assumere l'olio per via sublinguale, mettendo alcune gocce sotto la lingua. Questo metodo consente un pi\u00f9 rapido assorbimento nel flusso sanguigno, garantendo risultati rapidi ed efficaci. Iniziate con un piccolo dosaggio e aumentatelo gradualmente in base alle vostre esigenze personali. Poich\u00e9 questo prodotto \u00e8 naturale, i suoi effetti possono variare da persona a persona, quindi \u00e8 importante monitorare la propria risposta e regolare il dosaggio in base alle necessit\u00e0. Hempcare RAW 5% CBD \u00e8 disponibile in un comodo flacone contagocce, che lo rende facile da incorporare nella vostra routine quotidiana di benessere.<\/p>\n<h2 data-start=\"1925\" data-end=\"1962\">Ingredienti di Hempcare RAW 5% CBD<\/h2>\n<p data-start=\"1964\" data-end=\"2547\">Hempcare RAW 5% CBD \u00e8 prodotto con 100% ingredienti naturali, che garantiscono un prodotto puro e biologico. L'ingrediente principale \u00e8 l'estratto di canapa, che contiene una variet\u00e0 di cannabinoidi, tra cui CBD e CBG, oltre a terpeni e flavonoidi. Questi composti lavorano insieme per sostenere la salute e il benessere generale. Inoltre, il prodotto contiene olio di semi di canapa, che fornisce acidi grassi essenziali nutrienti. Questa combinazione di ingredienti derivati dalla canapa fa s\u00ec che Hempcare RAW 5% CBD offra una gamma completa di benefici, come la promozione del rilassamento e la riduzione delle infiammazioni.<\/p>\n<p data-start=\"2549\" data-end=\"2559\"><strong>Avvertenze<\/strong><\/p>\n<p data-start=\"2561\" data-end=\"2823\" data-is-last-node=\"\">Come per qualsiasi integratore naturale, \u00e8 importante consultare un operatore sanitario prima di iniziare un nuovo regime a base di CBD, soprattutto in caso di gravidanza, allattamento o condizioni di salute esistenti. Tenere fuori dalla portata dei bambini e conservare in un luogo fresco e asciutto.<\/p>","protected":false},"excerpt":{"rendered":"<p>HempCare RAW 5% CBD \u00e8 fortemente concentrato e contiene, oltre al CBD, anche olio di semi di canapa con vitamina B ed E!<\/p>\n<p>Ricco di antiossidanti, acidi grassi sani 3 e 6 e del potente estratto di canapa dell'olio di CBD, che contiene Raw CBD che aiuta a ricostruire l'organismo. Contiene 10 ml.<\/p>","protected":false},"featured_media":126591,"template":"","meta":[],"product_brand":[],"product_cat":[601,297,485,371,483],"product_tag":[],"class_list":{"0":"post-2996","1":"product","2":"type-product","3":"status-publish","4":"has-post-thumbnail","6":"product_cat-hempcare","7":"product_cat-all-products","8":"product_cat-cbd-oils","9":"product_cat-cbd-top-10","10":"product_cat-cbdshop","12":"first","13":"instock","14":"taxable","15":"shipping-taxable","16":"purchasable","17":"product-type-variable"},"_links":{"self":[{"href":"https:\/\/www.tatanka.nl\/it\/wp-json\/wp\/v2\/product\/2996","targetHints":{"allow":["GET"]}}],"collection":[{"href":"https:\/\/www.tatanka.nl\/it\/wp-json\/wp\/v2\/product"}],"about":[{"href":"https:\/\/www.tatanka.nl\/it\/wp-json\/wp\/v2\/types\/product"}],"wp:featuredmedia":[{"embeddable":true,"href":"https:\/\/www.tatanka.nl\/it\/wp-json\/wp\/v2\/media\/126591"}],"wp:attachment":[{"href":"https:\/\/www.tatanka.nl\/it\/wp-json\/wp\/v2\/media?parent=2996"}],"wp:term":[{"taxonomy":"product_brand","embeddable":true,"href":"https:\/\/www.tatanka.nl\/it\/wp-json\/wp\/v2\/product_brand?post=2996"},{"taxonomy":"product_cat","embeddable":true,"href":"https:\/\/www.tatanka.nl\/it\/wp-json\/wp\/v2\/product_cat?post=2996"},{"taxonomy":"product_tag","embeddable":true,"href":"https:\/\/www.tatanka.nl\/it\/wp-json\/wp\/v2\/product_tag?post=2996"}],"curies":[{"name":"wp","href":"https:\/\/api.w.org\/{rel}","templated":true}]}}