{"id":32635,"date":"2022-09-13T15:43:37","date_gmt":"2022-09-13T13:43:37","guid":{"rendered":"https:\/\/www.tatanka.nl\/?post_type=product&#038;p=32635"},"modified":"2025-10-31T10:01:25","modified_gmt":"2025-10-31T09:01:25","slug":"reishi-extract-capsules","status":"publish","type":"product","link":"https:\/\/www.tatanka.nl\/it\/reishi-extract-capsules\/","title":{"rendered":"Reishi extract Capsules"},"content":{"rendered":"<h2 data-pm-slice=\"1 1 []\">Che cos'\u00e8 il Reishi?<\/h2>\n<p>Il Reishi (Ganoderma Lucidum) \u00e8 un fungo bruno-rossastro che cresce sui tronchi di alberi in decomposizione, soprattutto querce e faggi. Questo fungo \u00e8 stato un punto fermo della medicina tradizionale cinese per oltre 2000 anni, dove \u00e8 conosciuto come Lingzhi, che significa \"fungo dell'immortalit\u00e0\". Il Reishi \u00e8 molto apprezzato per i suoi potenziali benefici per la salute e per le sue propriet\u00e0 adattogene, che aiutano l'organismo a far fronte allo stress. A differenza dei funghi comuni, il Reishi ha una consistenza dura e legnosa, che lo rende inadatto al consumo diretto. Viene invece spesso trasformato in estratti, polveri o capsule per sfruttare i suoi composti benefici, come i polisaccaridi e i beta-glucani.<\/p>\n<h2>Storia del Reishi<\/h2>\n<p>Il Reishi ha una ricca storia millenaria. Gli antichi testi cinesi lo indicano come simbolo di longevit\u00e0, potenza spirituale e salute. Imperatori e famiglie nobili apprezzavano il Reishi per la sua capacit\u00e0 di aumentare la vitalit\u00e0 e promuovere la longevit\u00e0. Nella medicina tradizionale cinese, il Reishi veniva utilizzato per sostenere il benessere generale, rafforzare il sistema immunitario e bilanciare l'energia del corpo, nota anche come Qi. Nel corso dei secoli, la sua popolarit\u00e0 si \u00e8 diffusa in altre parti dell'Asia, tra cui il Giappone e la Corea, dove \u00e8 diventato una parte fondamentale della medicina erboristica. Oggi la scienza moderna continua a esplorare i potenziali benefici del Reishi, rendendolo un integratore popolare in tutto il mondo.<\/p>\n<h2>Come usare il Reishi<\/h2>\n<p>Il Reishi \u00e8 disponibile in varie forme, tra cui polveri, t\u00e8 e capsule. Le nostre capsule di Reishi sono progettate per un facile consumo e un assorbimento ottimale. La dose consigliata \u00e8 di due capsule al giorno, da assumere durante i pasti e con acqua. L'uso costante \u00e8 fondamentale per sperimentare tutti i suoi benefici. Il Reishi \u00e8 meglio incorporato in una routine quotidiana di benessere, insieme a una dieta equilibrata e a uno stile di vita sano. Alcuni utenti riferiscono di averne avvertito gli effetti nel giro di poche settimane, mentre altri potrebbero aver bisogno di pi\u00f9 tempo per notare i miglioramenti. Il Reishi \u00e8 comunemente usato per sostenere il sistema immunitario, ridurre lo stress e favorire il rilassamento. Come per qualsiasi altro integratore, \u00e8 essenziale seguire il dosaggio raccomandato e consultare un professionista sanitario in caso di condizioni di salute sottostanti.<\/p>\n<h2>Ingredienti di Reishi Capsules<\/h2>\n<p>Ogni capsula vegana contiene 400 mg di estratto biologico di Reishi (Ganoderma Lucidum) derivato dai corpi fruttiferi 100%. Questo estratto a spettro completo \u00e8 ottenuto mediante estrazione con acqua ed etanolo per massimizzare i suoi composti benefici. L'estratto contiene 30% polisaccaridi e beta-glucani, noti per le loro propriet\u00e0 di sostegno immunitario. Inoltre, la formula include vitamina C e zinco, che contribuiscono entrambi a un sistema immunitario sano e al metabolismo energetico. Altri ingredienti sono il citrato di magnesio e il biossido di silicio, che favoriscono l'assorbimento e la stabilit\u00e0 dell'integratore. Le nostre capsule di Reishi soddisfano i pi\u00f9 alti standard di qualit\u00e0 e sono prive di additivi artificiali, il che le rende adatte ai vegani e alle persone attente alla salute.<\/p>\n<p><strong>Attenzione:<\/strong><br \/>\nReishi by McMyco \u00e8 un integratore alimentare e deve essere utilizzato di conseguenza. Non superare la dose giornaliera raccomandata. Tenere il prodotto fuori dalla portata dei bambini. Consultare il medico prima dell'uso, soprattutto in caso di gravidanza, allattamento o condizioni mediche particolari.<\/p>","protected":false},"excerpt":{"rendered":"<p data-pm-slice=\"1 1 []\">Scoprite il potere del Reishi, noto anche come fungo dell'immortalit\u00e0. Questo potente integratore, arricchito con vitamina C e zinco, sostiene il sistema immunitario e promuove il benessere generale. Una spinta naturale per il metabolismo energetico e la vitalit\u00e0.<\/p>","protected":false},"featured_media":134872,"template":"","meta":[],"product_brand":[],"product_cat":[596,297,512,475,481,521,523,533,515,476,487,486],"product_tag":[662],"class_list":{"0":"post-32635","1":"product","2":"type-product","3":"status-publish","4":"has-post-thumbnail","6":"product_cat-mcmyco","7":"product_cat-all-products","8":"product_cat-extracts","9":"product_cat-healthshop","10":"product_cat-healthshop-top-10","11":"product_cat-medicinal-mushrooms","12":"product_cat-medicinal-mushrooms-supplements","13":"product_cat-recovery","14":"product_cat-shroomshop","15":"product_cat-smartshop","16":"product_cat-sport","17":"product_cat-superfoods","18":"product_tag-shrdeal","19":"product_shipping_class-creditcard-on","21":"first","22":"instock","23":"taxable","24":"shipping-taxable","25":"purchasable","26":"product-type-variable","27":"has-default-attributes"},"_links":{"self":[{"href":"https:\/\/www.tatanka.nl\/it\/wp-json\/wp\/v2\/product\/32635","targetHints":{"allow":["GET"]}}],"collection":[{"href":"https:\/\/www.tatanka.nl\/it\/wp-json\/wp\/v2\/product"}],"about":[{"href":"https:\/\/www.tatanka.nl\/it\/wp-json\/wp\/v2\/types\/product"}],"wp:featuredmedia":[{"embeddable":true,"href":"https:\/\/www.tatanka.nl\/it\/wp-json\/wp\/v2\/media\/134872"}],"wp:attachment":[{"href":"https:\/\/www.tatanka.nl\/it\/wp-json\/wp\/v2\/media?parent=32635"}],"wp:term":[{"taxonomy":"product_brand","embeddable":true,"href":"https:\/\/www.tatanka.nl\/it\/wp-json\/wp\/v2\/product_brand?post=32635"},{"taxonomy":"product_cat","embeddable":true,"href":"https:\/\/www.tatanka.nl\/it\/wp-json\/wp\/v2\/product_cat?post=32635"},{"taxonomy":"product_tag","embeddable":true,"href":"https:\/\/www.tatanka.nl\/it\/wp-json\/wp\/v2\/product_tag?post=32635"}],"curies":[{"name":"wp","href":"https:\/\/api.w.org\/{rel}","templated":true}]}}