{"id":32640,"date":"2022-09-13T15:50:18","date_gmt":"2022-09-13T13:50:18","guid":{"rendered":"https:\/\/www.tatanka.nl\/?post_type=product&#038;p=32640"},"modified":"2026-01-20T14:50:28","modified_gmt":"2026-01-20T13:50:28","slug":"lions-mane-extract-capsules","status":"publish","type":"product","link":"https:\/\/www.tatanka.nl\/it\/lions-mane-extract-capsules\/","title":{"rendered":"Lion\u2019s Mane extract Capsules"},"content":{"rendered":"<h2 data-pm-slice=\"1 1 []\">Che cos'\u00e8 l'Lion\u2019s Mane?<\/h2>\n<p>L'Lion\u2019s Mane (Hericium Erinaceus) \u00e8 un fungo caratteristico con un aspetto bianco e ispido che ricorda la criniera di un leone. Questo affascinante fungo \u00e8 noto anche come Sacerdote della Montagna giapponese, Testa di Scimmia o Pruikzwam in olandese. Nella medicina tradizionale cinese viene chiamato Hou Tou Gu ed \u00e8 apprezzato da secoli per le sue potenziali propriet\u00e0 cerebrali.<\/p>\n<p>Il fungo Lion\u2019s Mane \u00e8 spesso chiamato \"il nutriente della natura per i neuroni\" per i benefici che si ritiene abbia sulle funzioni cognitive. \u00c8 comunemente usato per sostenere la chiarezza mentale e la concentrazione, il che lo rende popolare tra coloro che praticano il microdosaggio. Le nostre capsule di Lion\u2019s Mane contengono un potente estratto a spettro completo, derivato dal corpo fruttifero del fungo, che garantisce la massima qualit\u00e0 ed efficacia.<\/p>\n<h2>Storia di Lion\u2019s Mane<\/h2>\n<p>L'uso dell'Lion\u2019s Mane risale a migliaia di anni fa, in particolare nella medicina tradizionale asiatica. Gli antichi monaci cinesi e giapponesi consumavano il t\u00e8 Lion\u2019s Mane per migliorare la concentrazione durante la meditazione e per sostenere la loro salute generale. Il fungo era anche preferito dagli imperatori per i suoi potenziali benefici cognitivi.<\/p>\n<p>La scienza moderna ha iniziato a esplorare le propriet\u00e0 dell'Lion\u2019s Mane, scoprendo la sua ricca composizione di composti bioattivi, tra cui polisaccaridi e beta-glucani. Oggi l'Lion\u2019s Mane \u00e8 ampiamente utilizzato nel settore del benessere, in particolare tra le persone che cercano metodi naturali per migliorare le funzioni cognitive e il benessere mentale.<\/p>\n<h2>Come utilizzare Lion\u2019s Mane<\/h2>\n<p>L'integrazione della Lion\u2019s Mane nella vostra routine quotidiana \u00e8 semplice ed efficace. Ogni capsula contiene 400 mg di estratto organico di Lion\u2019s Mane di alta qualit\u00e0, combinato con vitamina C e zinco per ottenere maggiori benefici.<\/p>\n<p>La dose consigliata \u00e8 di due capsule al giorno, da assumere durante i pasti e con acqua. La costanza \u00e8 fondamentale, quindi l'uso regolare pu\u00f2 fornire i migliori risultati. L'Lion\u2019s Mane pu\u00f2 essere abbinato ad altri funghi medicinali per un approccio pi\u00f9 completo al benessere. Queste capsule sono vegane e facili da deglutire, il che le rende un'ottima aggiunta a qualsiasi stile di vita.<\/p>\n<h2>Ingredienti di Lion\u2019s Mane Capsules<\/h2>\n<p>Ogni capsula vegana \u00e8 formulata con 400 mg di estratto organico di Lion\u2019s Mane, derivato esclusivamente dal corpo fruttifero del fungo. Per garantire un assorbimento e un'efficacia ottimali, l'estratto \u00e8 ottenuto mediante una combinazione di estrazione con acqua ed etanolo, che ne preserva i composti benefici.<\/p>\n<p>La formula \u00e8 ulteriormente potenziata con Vitamina C e Zinco. La vitamina C contribuisce alla normale funzione cognitiva, mentre lo zinco favorisce la chiarezza mentale e la concentrazione. Tra gli ingredienti aggiuntivi figurano il citrato di magnesio e il biossido di silicio per mantenere la stabilit\u00e0 e la qualit\u00e0 delle capsule.<\/p>\n<p><strong>Attenzione:<\/strong> Lion\u2019s Mane by McMyco \u00e8 un integratore alimentare e deve essere usato di conseguenza. Non superare la dose giornaliera raccomandata. Tenere fuori dalla portata dei bambini. Consultare un operatore sanitario prima dell'uso in caso di gravidanza, allattamento o condizioni di salute sottostanti.<\/p>","protected":false},"excerpt":{"rendered":"<p data-pm-slice=\"1 1 []\">Scoprite il potere della natura con Lion\u2019s Mane, un fungo straordinario noto per il suo aspetto unico e per i suoi potenziali benefici cognitivi. Arricchite con vitamina C e zinco, queste capsule vegane supportano la memoria, la concentrazione e la chiarezza mentale generale.<\/p>","protected":false},"featured_media":134865,"template":"","meta":[],"product_brand":[],"product_cat":[596,297,512,475,481,521,523,533,515,476,514,487,486],"product_tag":[723],"class_list":{"0":"post-32640","1":"product","2":"type-product","3":"status-publish","4":"has-post-thumbnail","6":"product_cat-mcmyco","7":"product_cat-all-products","8":"product_cat-extracts","9":"product_cat-healthshop","10":"product_cat-healthshop-top-10","11":"product_cat-medicinal-mushrooms","12":"product_cat-medicinal-mushrooms-supplements","13":"product_cat-recovery","14":"product_cat-shroomshop","15":"product_cat-smartshop","16":"product_cat-smartshop-top-10","17":"product_cat-sport","18":"product_cat-superfoods","19":"product_tag-triple-deal","20":"product_shipping_class-creditcard-on","22":"first","23":"instock","24":"taxable","25":"shipping-taxable","26":"purchasable","27":"product-type-variable","28":"has-default-attributes"},"_links":{"self":[{"href":"https:\/\/www.tatanka.nl\/it\/wp-json\/wp\/v2\/product\/32640","targetHints":{"allow":["GET"]}}],"collection":[{"href":"https:\/\/www.tatanka.nl\/it\/wp-json\/wp\/v2\/product"}],"about":[{"href":"https:\/\/www.tatanka.nl\/it\/wp-json\/wp\/v2\/types\/product"}],"wp:featuredmedia":[{"embeddable":true,"href":"https:\/\/www.tatanka.nl\/it\/wp-json\/wp\/v2\/media\/134865"}],"wp:attachment":[{"href":"https:\/\/www.tatanka.nl\/it\/wp-json\/wp\/v2\/media?parent=32640"}],"wp:term":[{"taxonomy":"product_brand","embeddable":true,"href":"https:\/\/www.tatanka.nl\/it\/wp-json\/wp\/v2\/product_brand?post=32640"},{"taxonomy":"product_cat","embeddable":true,"href":"https:\/\/www.tatanka.nl\/it\/wp-json\/wp\/v2\/product_cat?post=32640"},{"taxonomy":"product_tag","embeddable":true,"href":"https:\/\/www.tatanka.nl\/it\/wp-json\/wp\/v2\/product_tag?post=32640"}],"curies":[{"name":"wp","href":"https:\/\/api.w.org\/{rel}","templated":true}]}}