{"id":32755,"date":"2021-08-05T14:30:04","date_gmt":"2021-08-05T12:30:04","guid":{"rendered":"https:\/\/www.tatanka.nl\/?post_type=product&#038;p=32755"},"modified":"2025-05-20T09:21:37","modified_gmt":"2025-05-20T08:21:37","slug":"hempcare-sport-10-cbd-oil-30ml","status":"publish","type":"product","link":"https:\/\/www.tatanka.nl\/it\/hempcare-sport-10-cbd-oil-30ml\/","title":{"rendered":"HempCare Sport 10% Olio di CBD 30ml"},"content":{"rendered":"<h2 data-start=\"0\" data-end=\"30\">Che cos'\u00e8 l'Hempcare CBD Sport?<\/h2>\n<p data-start=\"32\" data-end=\"315\">Hempcare CBD Sport \u00e8 un prodotto a base di CBD 100% naturale e a spettro completo, studiato appositamente per gli atleti che cercano un supporto ottimale per le prestazioni e il recupero. Questo prodotto contiene tutti i composti essenziali della pianta di canapa, tra cui cannabidiolo (CBD), terpeni, vitamine e proteine.<\/p>\n<p data-start=\"317\" data-end=\"766\">Ci\u00f2 che distingue Hempcare CBD Sport \u00e8 la sua miscela unica di terpeni specifici che forniscono ulteriori benefici all'organismo. I terpeni sono composti naturali presenti nelle piante che contribuiscono all'aroma, al colore e al sapore e hanno propriet\u00e0 bioattive. La ricerca ha dimostrato che questi terpeni, combinati con il CBD, contribuiscono ad accelerare il recupero muscolare, a ridurre le infiammazioni e a migliorare la qualit\u00e0 del sonno. Hempcare CBD Sport \u00e8 uno strumento prezioso per gli atleti di tutti i livelli.<\/p>\n<h2 data-start=\"768\" data-end=\"800\">Storia di Hempcare CBD Sport<\/h2>\n<p data-start=\"802\" data-end=\"1085\">Il CBD viene utilizzato da secoli per i suoi benefici medicinali e terapeutici. La pianta di canapa, da cui si ricava il CBD, \u00e8 una delle pi\u00f9 antiche coltivazioni al mondo. Negli ultimi decenni, gli studi scientifici hanno sostenuto sempre pi\u00f9 gli effetti positivi del CBD per gli atleti.<\/p>\n<p data-start=\"1087\" data-end=\"1518\">In collaborazione con atleti e ricercatori, Hempcare ha sviluppato una formula speciale che risponde alle esigenze specifiche degli sportivi. Grazie all'incorporazione di terpeni selezionati, Hempcare CBD Sport non \u00e8 solo uno strumento efficace per il recupero muscolare e il sollievo dal dolore, ma anche un prodotto che aiuta il rilassamento e la concentrazione mentale. Questo integratore innovativo ha ottenuto il riconoscimento dell'industria sportiva per la sua efficacia.<\/p>\n<h2 data-start=\"1520\" data-end=\"1552\">Come utilizzare Hempcare CBD Sport<\/h2>\n<p data-start=\"1554\" data-end=\"1833\">Per ottenere risultati ottimali, si consiglia di assumere Hempcare CBD Sport due volte al giorno. Agitare bene il flacone prima dell'uso e mettere da 1 a 5 gocce sotto la lingua. Lasciare assorbire l'olio per qualche secondo prima di deglutire per garantire un assorbimento rapido ed efficace dei composti attivi.<\/p>\n<p data-start=\"1835\" data-end=\"2190\">Ogni flacone contiene almeno 600 gocce, per un uso prolungato. Il dosaggio esatto pu\u00f2 variare a seconda delle esigenze individuali, dell'intensit\u00e0 dell'allenamento e degli effetti desiderati. Si consiglia di iniziare con una dose bassa e di aumentarla gradualmente fino a raggiungere il risultato desiderato. In caso di domande sul dosaggio o sull'uso, si consiglia di consultare uno specialista.<\/p>\n<h2 data-start=\"2192\" data-end=\"2228\">Ingredienti di Hempcare CBD Sport<\/h2>\n<p data-start=\"2230\" data-end=\"2366\">Hempcare CBD Sport contiene solo ingredienti naturali e accuratamente selezionati per garantire la massima efficacia. I componenti chiave includono:<\/p>\n<ul data-start=\"2368\" data-end=\"2974\">\n<li data-start=\"2368\" data-end=\"2458\"><strong data-start=\"2370\" data-end=\"2387\">Olio di semi di canapa<\/strong> - Una ricca fonte di acidi grassi essenziali che migliora l'assorbimento del CBD.<\/li>\n<li data-start=\"2459\" data-end=\"2550\"><strong data-start=\"2461\" data-end=\"2483\">Estratto di canapa (CBD)<\/strong> - Favorisce il recupero muscolare, riduce il dolore e promuove il rilassamento.<\/li>\n<li data-start=\"2551\" data-end=\"2611\"><strong data-start=\"2553\" data-end=\"2564\">Mircene<\/strong> - Un terpene con propriet\u00e0 antinfiammatorie.<\/li>\n<li data-start=\"2612\" data-end=\"2689\"><strong data-start=\"2614\" data-end=\"2636\">Beta-cariofillene<\/strong> - Aiuta ad alleviare il dolore e sostiene il sistema immunitario.<\/li>\n<li data-start=\"2690\" data-end=\"2778\"><strong data-start=\"2692\" data-end=\"2706\">Eucaliptolo<\/strong> - Offre un effetto rinfrescante e favorisce una sana funzione respiratoria.<\/li>\n<li data-start=\"2779\" data-end=\"2842\"><strong data-start=\"2781\" data-end=\"2793\">Linalolo<\/strong> - Conosciuta per le sue propriet\u00e0 calmanti e rilassanti.<\/li>\n<li data-start=\"2843\" data-end=\"2896\"><strong data-start=\"2845\" data-end=\"2857\">A-Pinene<\/strong> - Migliora la concentrazione e la prontezza mentale.<\/li>\n<li data-start=\"2897\" data-end=\"2974\"><strong data-start=\"2899\" data-end=\"2911\">Umulene<\/strong> - Contribuisce a una risposta infiammatoria equilibrata nell'organismo.<\/li>\n<\/ul>\n<p data-start=\"2976\" data-end=\"3134\">Questa potente combinazione di CBD e terpeni rende Hempcare CBD Sport un integratore eccellente per gli atleti che cercano di ottimizzare sia le prestazioni che il recupero.<\/p>\n<p data-start=\"3136\" data-end=\"3146\"><strong>Avvertenze<\/strong><\/p>\n<p data-start=\"3148\" data-end=\"3487\" data-is-last-node=\"\">Non superare la dose massima consigliata di 32 gocce al giorno. Questo prodotto non \u00e8 adatto alle donne in gravidanza o in allattamento. Consultare il medico o il farmacista in caso di assunzione di farmaci. Questo integratore alimentare non sostituisce una dieta variata. Conservare il prodotto in un luogo buio, a temperatura ambiente e fuori dalla portata dei bambini.<\/p>","protected":false},"excerpt":{"rendered":"<p>Gli atleti e le persone attive a diversi livelli utilizzano il CBD per migliorare le loro prestazioni. Allo stesso tempo, sempre pi\u00f9 atleti scoprono che il CBD li aiuta in molti modi. Il CBD riduce il dolore e l'infiammazione, migliora il sonno e la concentrazione e ripristina l'equilibrio dell'organismo. Ecco perch\u00e9 hempcare ha sviluppato un prodotto a base di CBD arricchito appositamente per gli atleti: CBD Sport. Questo CBD a spettro completo \u00e8 integrato con terpeni specifici dell'ambiente del CBD, in modo che hempcare CBD Sport funzioni in modo ottimale per gli atleti.<\/p>","protected":false},"featured_media":126612,"template":"","meta":[],"product_brand":[],"product_cat":[601,297,485,371,483,487],"product_tag":[],"class_list":{"0":"post-32755","1":"product","2":"type-product","3":"status-publish","4":"has-post-thumbnail","6":"product_cat-hempcare","7":"product_cat-all-products","8":"product_cat-cbd-oils","9":"product_cat-cbd-top-10","10":"product_cat-cbdshop","11":"product_cat-sport","13":"first","14":"instock","15":"taxable","16":"shipping-taxable","17":"purchasable","18":"product-type-variable"},"_links":{"self":[{"href":"https:\/\/www.tatanka.nl\/it\/wp-json\/wp\/v2\/product\/32755","targetHints":{"allow":["GET"]}}],"collection":[{"href":"https:\/\/www.tatanka.nl\/it\/wp-json\/wp\/v2\/product"}],"about":[{"href":"https:\/\/www.tatanka.nl\/it\/wp-json\/wp\/v2\/types\/product"}],"wp:featuredmedia":[{"embeddable":true,"href":"https:\/\/www.tatanka.nl\/it\/wp-json\/wp\/v2\/media\/126612"}],"wp:attachment":[{"href":"https:\/\/www.tatanka.nl\/it\/wp-json\/wp\/v2\/media?parent=32755"}],"wp:term":[{"taxonomy":"product_brand","embeddable":true,"href":"https:\/\/www.tatanka.nl\/it\/wp-json\/wp\/v2\/product_brand?post=32755"},{"taxonomy":"product_cat","embeddable":true,"href":"https:\/\/www.tatanka.nl\/it\/wp-json\/wp\/v2\/product_cat?post=32755"},{"taxonomy":"product_tag","embeddable":true,"href":"https:\/\/www.tatanka.nl\/it\/wp-json\/wp\/v2\/product_tag?post=32755"}],"curies":[{"name":"wp","href":"https:\/\/api.w.org\/{rel}","templated":true}]}}