{"id":32763,"date":"2021-08-05T14:50:23","date_gmt":"2021-08-05T12:50:23","guid":{"rendered":"https:\/\/www.tatanka.nl\/?post_type=product&#038;p=32763"},"modified":"2025-05-20T09:21:25","modified_gmt":"2025-05-20T08:21:25","slug":"hempcare-sleep-10-cbd-and-10-cbg-oil-10ml","status":"publish","type":"product","link":"https:\/\/www.tatanka.nl\/it\/hempcare-sleep-10-cbd-and-10-cbg-oil-10ml\/","title":{"rendered":"HempCare Sleep 10% CBD e 10% CBG Olio 10ml"},"content":{"rendered":"<h2 data-start=\"0\" data-end=\"30\">Che cos'\u00e8 HempCare CBD Sleep?<\/h2>\n<p data-start=\"32\" data-end=\"705\">HempCare CBD Sleep \u00e8 un olio di CBD a spettro completo, arricchito da una miscela accuratamente selezionata di terpeni studiati per favorire un sonno migliore. Contiene composti naturali della pianta di canapa, tra cui il cannabidiolo (CBD) e il cannabigerolo (CBG), noti per i loro effetti rilassanti e calmanti. Il prodotto agisce interagendo con il sistema endocannabinoide del corpo per ripristinare l'equilibrio e promuovere un ciclo di sonno sano. A differenza di altri ausili per il sonno, HempCare CBD Sleep offre una soluzione delicata e non assuefacente per migliorare il sonno. Se avete problemi ad addormentarvi, a rimanere addormentati o a svegliarvi riposati, questo prodotto pu\u00f2 aiutarvi a raggiungere un sonno pi\u00f9 profondo e riposante.<\/p>\n<h2 data-start=\"707\" data-end=\"739\">Storia di HempCare CBD Sleep<\/h2>\n<p data-start=\"741\" data-end=\"1620\">HempCare CBD Sleep nasce dalla crescente popolarit\u00e0 del cannabidiolo (CBD) come integratore per il benessere. Il CBD, derivato dalla pianta di canapa, \u00e8 noto da tempo per il suo potenziale terapeutico. Negli ultimi anni, il CBD \u00e8 stato riconosciuto per la sua capacit\u00e0 di favorire il rilassamento e migliorare il sonno. Con ulteriori ricerche, la scoperta del CBG (Cannabigerolo) ha ampliato i benefici del CBD, soprattutto nel favorire un sonno pi\u00f9 profondo. Il prodotto CBD Sleep di HempCare combina questi due potenti cannabinoidi con altri terpeni per creare una soluzione efficace per chi ha difficolt\u00e0 a dormire. Questo integratore naturale fa parte di una tendenza in crescita che prevede l'utilizzo di alternative olistiche e vegetali ai tradizionali farmaci e ai supporti per il sonno. HempCare si \u00e8 costruita una reputazione per la produzione di prodotti di canapa di alta qualit\u00e0 e a spettro completo, utilizzando pratiche sostenibili che soddisfano un'ampia gamma di esigenze di salute.<\/p>\n<h2 data-start=\"1622\" data-end=\"1654\">Come usare il CBD HempCare Sleep<\/h2>\n<p data-start=\"1656\" data-end=\"2322\">L'uso di HempCare CBD Sleep \u00e8 semplice ed efficace. Agitare bene il flacone prima dell'uso e mettere 1-5 gocce di olio sotto la lingua due volte al giorno. L'olio \u00e8 formulato per avere un'azione rapida, consentendo un rapido assorbimento nel flusso sanguigno per ottenere i massimi benefici. Per ottenere risultati ottimali, \u00e8 necessario assumere le gocce con costanza nel tempo. Alcuni utenti possono sperimentare effetti calmanti nel giro di pochi giorni, mentre altri possono impiegare pi\u00f9 tempo per notare i benefici. Poich\u00e9 la dose ideale varia da persona a persona, si consiglia di iniziare con una dose pi\u00f9 bassa e di adattarla in base alle necessit\u00e0. Ogni flacone contiene un minimo di 600 gocce, che possono avere una durata significativa in base al dosaggio giornaliero.<\/p>\n<h2 data-start=\"2324\" data-end=\"2360\">Ingredienti di HempCare CBD Sleep<\/h2>\n<p data-start=\"2362\" data-end=\"3218\">HempCare CBD Sleep contiene una miscela di ingredienti naturali che lavorano insieme per favorire un sonno migliore. Gli ingredienti chiave includono olio di semi di canapa, estratto di canapa, cannabidiolo (CBD) e cannabigerolo (CBG), noti per i loro effetti calmanti sul corpo e sulla mente. Inoltre, l'olio \u00e8 arricchito con terpeni come mircene, beta-cariofillene, limonene, linalolo, alfa-pinene, umulene e terpinolene. Questi terpeni non solo contribuiscono al profilo aromatico del prodotto, ma ne potenziano anche gli effetti terapeutici. Ad esempio, il mircene \u00e8 noto per le sue propriet\u00e0 sedative, mentre il limonene pu\u00f2 contribuire a ridurre lo stress. Insieme, questi ingredienti agiscono sinergicamente per favorire il rilassamento, ridurre l'ansia e promuovere un sonno pi\u00f9 profondo e ristoratore. HempCare si assicura che vengano utilizzati solo ingredienti di altissima qualit\u00e0 per garantire purezza e potenza.<\/p>\n<p><strong>Avvertenze<\/strong><\/p>\n<p data-start=\"3232\" data-end=\"3581\">Non superare la dose massima consigliata di 32 gocce al giorno. Questo prodotto non deve essere utilizzato durante la gravidanza o l'allattamento. Consultare il medico o il farmacista prima di utilizzare questo prodotto se si stanno assumendo farmaci. Questo integratore non deve essere utilizzato come sostituto di una dieta varia. Conservare in un luogo fresco e buio, fuori dalla portata dei bambini.<\/p>\n<p data-start=\"3583\" data-end=\"3772\" data-is-last-node=\"\">Seguendo il dosaggio corretto e utilizzando HempCare CBD Sleep con costanza, gli utenti possono sperimentare miglioramenti evidenti nella qualit\u00e0 del sonno, svegliandosi con una sensazione di maggiore freschezza e riposo.<\/p>","protected":false},"excerpt":{"rendered":"<p class=\"price\"><span style=\"font-size: 14.4px;\">L'essere umano dorme per circa un terzo della sua vita. Il sonno \u00e8 il momento in cui il corpo si riprende. In caso di sonno insufficiente e di mancanza di sonno, il corpo non si riprende completamente, per cui si hanno e\/o si mantengono disturbi durante il giorno. Hempcare SLEEP 10% CBG &amp; 10% CBD \u00e8 un olio CBD a spettro completo di alta qualit\u00e0, arricchito con terpeni specifici, che pu\u00f2 aiutare a migliorare la qualit\u00e0 del sonno.<\/span><\/p>","protected":false},"featured_media":126603,"template":"","meta":[],"product_brand":[],"product_cat":[601,297,485,371,483],"product_tag":[],"class_list":{"0":"post-32763","1":"product","2":"type-product","3":"status-publish","4":"has-post-thumbnail","6":"product_cat-hempcare","7":"product_cat-all-products","8":"product_cat-cbd-oils","9":"product_cat-cbd-top-10","10":"product_cat-cbdshop","12":"first","13":"instock","14":"taxable","15":"shipping-taxable","16":"purchasable","17":"product-type-variable"},"_links":{"self":[{"href":"https:\/\/www.tatanka.nl\/it\/wp-json\/wp\/v2\/product\/32763","targetHints":{"allow":["GET"]}}],"collection":[{"href":"https:\/\/www.tatanka.nl\/it\/wp-json\/wp\/v2\/product"}],"about":[{"href":"https:\/\/www.tatanka.nl\/it\/wp-json\/wp\/v2\/types\/product"}],"wp:featuredmedia":[{"embeddable":true,"href":"https:\/\/www.tatanka.nl\/it\/wp-json\/wp\/v2\/media\/126603"}],"wp:attachment":[{"href":"https:\/\/www.tatanka.nl\/it\/wp-json\/wp\/v2\/media?parent=32763"}],"wp:term":[{"taxonomy":"product_brand","embeddable":true,"href":"https:\/\/www.tatanka.nl\/it\/wp-json\/wp\/v2\/product_brand?post=32763"},{"taxonomy":"product_cat","embeddable":true,"href":"https:\/\/www.tatanka.nl\/it\/wp-json\/wp\/v2\/product_cat?post=32763"},{"taxonomy":"product_tag","embeddable":true,"href":"https:\/\/www.tatanka.nl\/it\/wp-json\/wp\/v2\/product_tag?post=32763"}],"curies":[{"name":"wp","href":"https:\/\/api.w.org\/{rel}","templated":true}]}}