{"id":36399,"date":"2025-01-30T17:36:05","date_gmt":"2025-01-30T16:36:05","guid":{"rendered":"https:\/\/www.tatanka.nl\/?post_type=product&#038;p=36399"},"modified":"2025-11-28T12:48:33","modified_gmt":"2025-11-28T11:48:33","slug":"auto-ak-49","status":"publish","type":"product","link":"https:\/\/www.tatanka.nl\/it\/auto-ak-49\/","title":{"rendered":"Auto AK-49 - Semi Vision"},"content":{"rendered":"<h2>Semi di cannabis Auto AK-49 di Vision Seeds<\/h2>\n<p>I semi di cannabis Auto AK-49 sono semplici da coltivare, asciutti e facili per i principianti.<\/p>\n<p>AK-49 Auto Cannabis Seeds di Vision Seeds \u00e8 la nuova piccola bellezza autofiorente che offre una forte azione con poco sforzo da parte vostra. Incrociando perfettamente due femmine di due potenti razze - AK-49 e Lowryder - questo sar\u00e0 probabilmente uno dei vostri semi preferiti di sempre perch\u00e9 non solo vi d\u00e0 tutto ci\u00f2 che cercate in una pianta (arti forti e robusti, dove le cime cespugliose colpiscono il terreno), ma offre anche forti profumi di skunky insieme ad alcune sfumature fresche. Il tutto combinato in piccole versioni di una delle variet\u00e0 pi\u00f9 conosciute al mondo: AK-49!<\/p>","protected":false},"excerpt":{"rendered":"<p>Questo incrocio perfetto tra AK-49 e Lowryder ha dato vita a una versione stabile, facile da coltivare e minuscola della potente AK-49, famosa in tutto il mondo, che tutti conoscono e amano. Aspettatevi cime piuttosto compatte e densamente riempite di peli con tricomi. Il profumo \u00e8 forte, ma sufficientemente fragrante da mantenere la sua dolce freschezza.<\/p>","protected":false},"featured_media":36427,"template":"","meta":[],"product_brand":[],"product_cat":[546,297,547,548,638],"product_tag":[],"class_list":{"0":"post-36399","1":"product","2":"type-product","3":"status-publish","4":"has-post-thumbnail","6":"product_cat-seedshop","7":"product_cat-all-products","8":"product_cat-autoflowering-seeds","9":"product_cat-high-thc-seeds","10":"product_cat-vision-seeds","11":"product_shipping_class-creditcard-on","13":"first","14":"instock","15":"taxable","16":"shipping-taxable","17":"purchasable","18":"product-type-variable","19":"has-default-attributes"},"_links":{"self":[{"href":"https:\/\/www.tatanka.nl\/it\/wp-json\/wp\/v2\/product\/36399","targetHints":{"allow":["GET"]}}],"collection":[{"href":"https:\/\/www.tatanka.nl\/it\/wp-json\/wp\/v2\/product"}],"about":[{"href":"https:\/\/www.tatanka.nl\/it\/wp-json\/wp\/v2\/types\/product"}],"wp:featuredmedia":[{"embeddable":true,"href":"https:\/\/www.tatanka.nl\/it\/wp-json\/wp\/v2\/media\/36427"}],"wp:attachment":[{"href":"https:\/\/www.tatanka.nl\/it\/wp-json\/wp\/v2\/media?parent=36399"}],"wp:term":[{"taxonomy":"product_brand","embeddable":true,"href":"https:\/\/www.tatanka.nl\/it\/wp-json\/wp\/v2\/product_brand?post=36399"},{"taxonomy":"product_cat","embeddable":true,"href":"https:\/\/www.tatanka.nl\/it\/wp-json\/wp\/v2\/product_cat?post=36399"},{"taxonomy":"product_tag","embeddable":true,"href":"https:\/\/www.tatanka.nl\/it\/wp-json\/wp\/v2\/product_tag?post=36399"}],"curies":[{"name":"wp","href":"https:\/\/api.w.org\/{rel}","templated":true}]}}