{"id":36401,"date":"2025-01-30T17:36:05","date_gmt":"2025-01-30T16:36:05","guid":{"rendered":"https:\/\/www.tatanka.nl\/?post_type=product&#038;p=36401"},"modified":"2025-11-28T12:48:33","modified_gmt":"2025-11-28T11:48:33","slug":"auto-blueberry-bliss","status":"publish","type":"product","link":"https:\/\/www.tatanka.nl\/it\/auto-blueberry-bliss\/","title":{"rendered":"Auto Blueberry Bliss - Semi Vision"},"content":{"rendered":"<h2>Semi di cannabis Auto Blueberry Bliss da Vision Seeds<\/h2>\n<p>Questa sativa di medie dimensioni \u00e8 un'ottima variet\u00e0 da fiore per principianti con cime grandi e belle. Sebbene sia in circolazione solo da pochi anni, Auto Bliss prende il nome dal lato Auto Blueberry del suo DNA ed \u00e8 diventata rapidamente una delle preferite nei dispensari. Cresce fino a circa 3 o 4 metri di altezza in fiore e ha colori scandalosi che renderebbero orgoglioso qualsiasi artista. Il sapore \u00e8 fresco e dolce, con un high edificante che arriva rapidamente e poi si schianta nella terra dei sogni del divano.<\/p>\n<p>Questa ragazza delizier\u00e0 i suoi fumatori con una dominante Indica e una dolce dominante Sativa. Vi salver\u00e0 dallo stress della giornata: basteranno poche boccate e lei si prender\u00e0 cura di tutto.<br \/>\nLa Auto Blueberry Bliss di Vision Seeds \u00e8 consigliata a chi cerca una pianta pi\u00f9 piccola ma gustosa, oltre a un fumo occasionale in grado di rilassare profondamente senza paranoie o processi di pensiero rallentati associati alla maggior parte delle indica.<\/p>","protected":false},"excerpt":{"rendered":"<p>Questa variet\u00e0 di cannabis \u00e8 perfetta per coloro che amano un fumo con un livello di THC elevato (intorno ai 14%), ma che sono alla ricerca dell'unicit\u00e0 e di un aspetto pi\u00f9 dolce delle cime. Con radici nella BlueBerry, questa Indica blu offre cime forti e piene di sapore, dense come la roccia.<\/p>","protected":false},"featured_media":36430,"template":"","meta":[],"product_brand":[],"product_cat":[546,297,547,638],"product_tag":[],"class_list":{"0":"post-36401","1":"product","2":"type-product","3":"status-publish","4":"has-post-thumbnail","6":"product_cat-seedshop","7":"product_cat-all-products","8":"product_cat-autoflowering-seeds","9":"product_cat-vision-seeds","10":"product_shipping_class-creditcard-on","12":"first","13":"instock","14":"taxable","15":"shipping-taxable","16":"purchasable","17":"product-type-variable","18":"has-default-attributes"},"_links":{"self":[{"href":"https:\/\/www.tatanka.nl\/it\/wp-json\/wp\/v2\/product\/36401","targetHints":{"allow":["GET"]}}],"collection":[{"href":"https:\/\/www.tatanka.nl\/it\/wp-json\/wp\/v2\/product"}],"about":[{"href":"https:\/\/www.tatanka.nl\/it\/wp-json\/wp\/v2\/types\/product"}],"wp:featuredmedia":[{"embeddable":true,"href":"https:\/\/www.tatanka.nl\/it\/wp-json\/wp\/v2\/media\/36430"}],"wp:attachment":[{"href":"https:\/\/www.tatanka.nl\/it\/wp-json\/wp\/v2\/media?parent=36401"}],"wp:term":[{"taxonomy":"product_brand","embeddable":true,"href":"https:\/\/www.tatanka.nl\/it\/wp-json\/wp\/v2\/product_brand?post=36401"},{"taxonomy":"product_cat","embeddable":true,"href":"https:\/\/www.tatanka.nl\/it\/wp-json\/wp\/v2\/product_cat?post=36401"},{"taxonomy":"product_tag","embeddable":true,"href":"https:\/\/www.tatanka.nl\/it\/wp-json\/wp\/v2\/product_tag?post=36401"}],"curies":[{"name":"wp","href":"https:\/\/api.w.org\/{rel}","templated":true}]}}