{"id":36402,"date":"2025-01-30T17:36:06","date_gmt":"2025-01-30T16:36:06","guid":{"rendered":"https:\/\/www.tatanka.nl\/?post_type=product&#038;p=36402"},"modified":"2025-05-16T14:43:14","modified_gmt":"2025-05-16T13:43:14","slug":"auto-delhi-cheese","status":"publish","type":"product","link":"https:\/\/www.tatanka.nl\/it\/auto-delhi-cheese\/","title":{"rendered":"Auto Delhi Cheese - Semi Vision"},"content":{"rendered":"<h2><span data-sheets-value=\"{&quot;1&quot;:2,&quot;2&quot;:&quot;Auto Delhi Cheese&quot;}\" data-sheets-userformat=\"{&quot;2&quot;:14915,&quot;3&quot;:{&quot;1&quot;:0},&quot;4&quot;:{&quot;1&quot;:2,&quot;2&quot;:11982760},&quot;9&quot;:0,&quot;12&quot;:0,&quot;14&quot;:{&quot;1&quot;:2,&quot;2&quot;:0},&quot;15&quot;:&quot;Calibri&quot;,&quot;16&quot;:12}\">Auto Delhi Cheese<\/span> Semi di cannabis da Vision Seeds<\/h2>\n<p>Genetica di formaggio di alta qualit\u00e0 per tutti gli amanti delle boccate! La Delhi Cheese Auto di Vision Seeds \u00e8 perfetta per gli inalatori pi\u00f9 morbidi. Questa pianta di solito attira una produzione di THC inferiore rispetto ad altri ceppi auto di questa lista, ma non preoccupatevi - c'\u00e8 ancora un sacco di roba buona da gustare con questa dea della genetica divina.<\/p>\n<p>Ci sono solo 10 settimane prima che vi consegni il vostro lotto accuratamente selezionato, quindi siate pazienti e preparatevi a un'esperienza di fumo esagerata! L'odore durante la crescita e il fumo sono entrambi piuttosto evidenti, quindi preparatevi.<\/p>","protected":false},"excerpt":{"rendered":"<p>Delhi Cheese Auto \u00e8 la delizia perfetta per gli amanti dei soft puff. I puristi della canna la troveranno altamente raffinata e altrettanto potente: qui non si spreca nemmeno un pezzetto di formaggio! Volete quel gusto che potete ottenere solo dai ceppi di altissima qualit\u00e0 selezionati a mano? Delhi Cheese Auto fa per voi.<\/p>","protected":false},"featured_media":36431,"template":"","meta":[],"product_brand":[],"product_cat":[546,297,547,638],"product_tag":[],"class_list":{"0":"post-36402","1":"product","2":"type-product","3":"status-publish","4":"has-post-thumbnail","6":"product_cat-seedshop","7":"product_cat-all-products","8":"product_cat-autoflowering-seeds","9":"product_cat-vision-seeds","10":"product_shipping_class-creditcard-on","12":"first","13":"instock","14":"taxable","15":"shipping-taxable","16":"purchasable","17":"product-type-variable","18":"has-default-attributes"},"_links":{"self":[{"href":"https:\/\/www.tatanka.nl\/it\/wp-json\/wp\/v2\/product\/36402","targetHints":{"allow":["GET"]}}],"collection":[{"href":"https:\/\/www.tatanka.nl\/it\/wp-json\/wp\/v2\/product"}],"about":[{"href":"https:\/\/www.tatanka.nl\/it\/wp-json\/wp\/v2\/types\/product"}],"wp:featuredmedia":[{"embeddable":true,"href":"https:\/\/www.tatanka.nl\/it\/wp-json\/wp\/v2\/media\/36431"}],"wp:attachment":[{"href":"https:\/\/www.tatanka.nl\/it\/wp-json\/wp\/v2\/media?parent=36402"}],"wp:term":[{"taxonomy":"product_brand","embeddable":true,"href":"https:\/\/www.tatanka.nl\/it\/wp-json\/wp\/v2\/product_brand?post=36402"},{"taxonomy":"product_cat","embeddable":true,"href":"https:\/\/www.tatanka.nl\/it\/wp-json\/wp\/v2\/product_cat?post=36402"},{"taxonomy":"product_tag","embeddable":true,"href":"https:\/\/www.tatanka.nl\/it\/wp-json\/wp\/v2\/product_tag?post=36402"}],"curies":[{"name":"wp","href":"https:\/\/api.w.org\/{rel}","templated":true}]}}