{"id":36404,"date":"2025-01-30T17:36:06","date_gmt":"2025-01-30T16:36:06","guid":{"rendered":"https:\/\/www.tatanka.nl\/?post_type=product&#038;p=36404"},"modified":"2025-05-16T14:43:56","modified_gmt":"2025-05-16T13:43:56","slug":"auto-la-blanca-gold","status":"publish","type":"product","link":"https:\/\/www.tatanka.nl\/it\/auto-la-blanca-gold\/","title":{"rendered":"Auto La Blanca Gold - Semi Vision"},"content":{"rendered":"<h2><span data-sheets-value=\"{&quot;1&quot;:2,&quot;2&quot;:&quot;Auto La Blanca Gold&quot;}\" data-sheets-userformat=\"{&quot;2&quot;:14915,&quot;3&quot;:{&quot;1&quot;:0},&quot;4&quot;:{&quot;1&quot;:2,&quot;2&quot;:13228792},&quot;9&quot;:0,&quot;12&quot;:0,&quot;14&quot;:{&quot;1&quot;:2,&quot;2&quot;:0},&quot;15&quot;:&quot;Calibri&quot;,&quot;16&quot;:12}\">Auto La Blanca Gold <\/span>Semi di cannabis da Vision Seeds<\/h2>\n<p>Ci siamo passati tutti: una piccola boccata e la voglia di rannicchiarsi in una palla. Se vi trovate a lottare con gli effetti non proprio ideali della cannabis, potrebbe essere il momento di provare La Blanca Gold Auto Cannabis Seeds di Vision Seeds (40% Sativa).<\/p>\n<p>100% femminizzata con una genetica incredibile che produce piccoli fiori sicuri per l'uso personale, questa variet\u00e0 far\u00e0 crescere piccole piante discrete che il fumo non intralcer\u00e0 la vostra giornata produttiva. Con i classici geni Skunk e le note dolci di agrumi e lavanda, questo fiore \u00e8 perfetto per il fumo diurno. Una donna davvero speciale!<\/p>","protected":false},"excerpt":{"rendered":"<p>La Blanca Gold pu\u00f2 essere una scelta interessante per i fumatori che amano essere produttivi dopo aver fumato il loro spinello o semplicemente desiderano coltivare piante pi\u00f9 piccole per uso completamente personale. Non c'\u00e8 bisogno di una pianta ad alto contenuto di THC per godersi la vita di un consumatore quotidiano di cannabis. \u00c8 una vera bellezza!<\/p>","protected":false},"featured_media":36433,"template":"","meta":[],"product_brand":[],"product_cat":[546,297,547,638],"product_tag":[],"class_list":{"0":"post-36404","1":"product","2":"type-product","3":"status-publish","4":"has-post-thumbnail","6":"product_cat-seedshop","7":"product_cat-all-products","8":"product_cat-autoflowering-seeds","9":"product_cat-vision-seeds","10":"product_shipping_class-creditcard-on","12":"first","13":"instock","14":"taxable","15":"shipping-taxable","16":"purchasable","17":"product-type-variable","18":"has-default-attributes"},"_links":{"self":[{"href":"https:\/\/www.tatanka.nl\/it\/wp-json\/wp\/v2\/product\/36404","targetHints":{"allow":["GET"]}}],"collection":[{"href":"https:\/\/www.tatanka.nl\/it\/wp-json\/wp\/v2\/product"}],"about":[{"href":"https:\/\/www.tatanka.nl\/it\/wp-json\/wp\/v2\/types\/product"}],"wp:featuredmedia":[{"embeddable":true,"href":"https:\/\/www.tatanka.nl\/it\/wp-json\/wp\/v2\/media\/36433"}],"wp:attachment":[{"href":"https:\/\/www.tatanka.nl\/it\/wp-json\/wp\/v2\/media?parent=36404"}],"wp:term":[{"taxonomy":"product_brand","embeddable":true,"href":"https:\/\/www.tatanka.nl\/it\/wp-json\/wp\/v2\/product_brand?post=36404"},{"taxonomy":"product_cat","embeddable":true,"href":"https:\/\/www.tatanka.nl\/it\/wp-json\/wp\/v2\/product_cat?post=36404"},{"taxonomy":"product_tag","embeddable":true,"href":"https:\/\/www.tatanka.nl\/it\/wp-json\/wp\/v2\/product_tag?post=36404"}],"curies":[{"name":"wp","href":"https:\/\/api.w.org\/{rel}","templated":true}]}}