{"id":36405,"date":"2025-01-30T17:36:06","date_gmt":"2025-01-30T16:36:06","guid":{"rendered":"https:\/\/www.tatanka.nl\/?post_type=product&#038;p=36405"},"modified":"2025-05-16T14:43:56","modified_gmt":"2025-05-16T13:43:56","slug":"auto-lowryder","status":"publish","type":"product","link":"https:\/\/www.tatanka.nl\/it\/auto-lowryder\/","title":{"rendered":"Auto Lowryder - Semi Vision"},"content":{"rendered":"<h2>Semi di cannabis Auto Lowryder da Vision Seeds<\/h2>\n<p>I semi di cannabis Auto Lowryder sono la pi\u00f9 piccola e discreta regina dell'autofiorenza che crescer\u00e0 completamente inosservata - perfetta per i principianti. Questi semi di cannabis furtivi producono fiori medi con un livello di THC di 14%; sono stati progettati per essere facili e veloci da coltivare, indipendentemente dalla vostra esperienza o dal luogo in cui vivete (dato che pu\u00f2 resistere ai climi pi\u00f9 freddi).<\/p>\n<p>Una delle variet\u00e0 a pi\u00f9 rapida crescita da seme a fiore in circolazione, la robustezza di questa piccola ragazza compensa la sua piccola statura producendo un prodotto di qualit\u00e0 in un tempo significativamente inferiore rispetto ad altre auto. Grazie a generazioni di riproduzione selettiva, produce un gusto di qualit\u00e0 superiore alla media che si \u00e8 tramandato attraverso l'albero genealogico fin dal '92. Vi dar\u00e0 quanto basta senza dimenticare il gusto!<\/p>","protected":false},"excerpt":{"rendered":"<p>OG delle piante autofiorenti? I semi di cannabis Auto Lowryder sono la variet\u00e0 perfetta per i principianti che desiderano coltivare in modo furtivo. Questi semi autofiorenti producono cime piccole e di alta qualit\u00e0 con livelli moderati di THC. Con solo 14% di THC, questa genetica \u00e8 perfetta per chi \u00e8 interessato a coltivare una pianta semplice, ma con un grande sapore e produzione di resina. Smettete di preoccuparvi che i vicini vedano le vostre piante di marijuana - coltivate queste meraviglie autofiorenti!<\/p>","protected":false},"featured_media":36434,"template":"","meta":[],"product_brand":[],"product_cat":[546,297,547,638],"product_tag":[],"class_list":{"0":"post-36405","1":"product","2":"type-product","3":"status-publish","4":"has-post-thumbnail","6":"product_cat-seedshop","7":"product_cat-all-products","8":"product_cat-autoflowering-seeds","9":"product_cat-vision-seeds","10":"product_shipping_class-creditcard-on","12":"first","13":"instock","14":"taxable","15":"shipping-taxable","16":"purchasable","17":"product-type-variable","18":"has-default-attributes"},"_links":{"self":[{"href":"https:\/\/www.tatanka.nl\/it\/wp-json\/wp\/v2\/product\/36405","targetHints":{"allow":["GET"]}}],"collection":[{"href":"https:\/\/www.tatanka.nl\/it\/wp-json\/wp\/v2\/product"}],"about":[{"href":"https:\/\/www.tatanka.nl\/it\/wp-json\/wp\/v2\/types\/product"}],"wp:featuredmedia":[{"embeddable":true,"href":"https:\/\/www.tatanka.nl\/it\/wp-json\/wp\/v2\/media\/36434"}],"wp:attachment":[{"href":"https:\/\/www.tatanka.nl\/it\/wp-json\/wp\/v2\/media?parent=36405"}],"wp:term":[{"taxonomy":"product_brand","embeddable":true,"href":"https:\/\/www.tatanka.nl\/it\/wp-json\/wp\/v2\/product_brand?post=36405"},{"taxonomy":"product_cat","embeddable":true,"href":"https:\/\/www.tatanka.nl\/it\/wp-json\/wp\/v2\/product_cat?post=36405"},{"taxonomy":"product_tag","embeddable":true,"href":"https:\/\/www.tatanka.nl\/it\/wp-json\/wp\/v2\/product_tag?post=36405"}],"curies":[{"name":"wp","href":"https:\/\/api.w.org\/{rel}","templated":true}]}}