{"id":36406,"date":"2025-01-30T17:36:06","date_gmt":"2025-01-30T16:36:06","guid":{"rendered":"https:\/\/www.tatanka.nl\/?post_type=product&#038;p=36406"},"modified":"2025-05-16T14:44:02","modified_gmt":"2025-05-16T13:44:02","slug":"auto-northern-lights","status":"publish","type":"product","link":"https:\/\/www.tatanka.nl\/it\/auto-northern-lights\/","title":{"rendered":"Auto Northern Lights - Semi Vision"},"content":{"rendered":"<h2>Semi di cannabis Auto Northern Lights di Vision Seeds<\/h2>\n<p>I semi di cannabis Auto Northern Lights sono esattamente ci\u00f2 di cui avete bisogno per il momento perfetto. Preparatevi a cavalcare perch\u00e9 questa Auto \u00e8 tutta da accendere! \u00c8 la vostra migliore amica, in grado di fornire sia qualit\u00e0 colturali resistenti che rendono la coltivazione super facile, sia cime potenti e di alta qualit\u00e0.<\/p>\n<p>Se siete alla ricerca di una variet\u00e0 fantastica da coltivare ma non sapete da dove iniziare, queste bambine di canna toste vi guideranno in tutto e per tutto, in modo da non commettere errori durante il percorso.<\/p>\n<p>Con un livello di cura davvero basso, \u00e8 anche in grado di perdonare gli errori dei coltivatori alle prime armi, cos\u00ec sicura di s\u00e9 che anche i professionisti pi\u00f9 esperti la amano! Pronti per un fantastico spunto di conversazione? Questi semi sono in grado di offrire i soffi che la gente desidera.<\/p>","protected":false},"excerpt":{"rendered":"<p>I semi di cannabis Northern Lights Auto impiegano di solito 8-10 settimane per fiorire, ma potete accendere l'interruttore prima se le vostre piante sono sane e robuste. Alzate le luci quando la luce del giorno diminuisce, guardate le cime che crescono pesanti con le fioriture e aspettate le esplosioni di Northern Lights dal sapore incredibile! Ricca di uno sballo fortissimo che vi far\u00e0 sentire creativi e non desiderosi di fare altro che pensare in grande - prendete subito qualche confezione di questi fiori inarrestabili prima che finiscano!<\/p>","protected":false},"featured_media":36435,"template":"","meta":[],"product_brand":[],"product_cat":[546,297,547,548,638],"product_tag":[],"class_list":{"0":"post-36406","1":"product","2":"type-product","3":"status-publish","4":"has-post-thumbnail","6":"product_cat-seedshop","7":"product_cat-all-products","8":"product_cat-autoflowering-seeds","9":"product_cat-high-thc-seeds","10":"product_cat-vision-seeds","11":"product_shipping_class-creditcard-on","13":"first","14":"instock","15":"taxable","16":"shipping-taxable","17":"purchasable","18":"product-type-variable","19":"has-default-attributes"},"_links":{"self":[{"href":"https:\/\/www.tatanka.nl\/it\/wp-json\/wp\/v2\/product\/36406","targetHints":{"allow":["GET"]}}],"collection":[{"href":"https:\/\/www.tatanka.nl\/it\/wp-json\/wp\/v2\/product"}],"about":[{"href":"https:\/\/www.tatanka.nl\/it\/wp-json\/wp\/v2\/types\/product"}],"wp:featuredmedia":[{"embeddable":true,"href":"https:\/\/www.tatanka.nl\/it\/wp-json\/wp\/v2\/media\/36435"}],"wp:attachment":[{"href":"https:\/\/www.tatanka.nl\/it\/wp-json\/wp\/v2\/media?parent=36406"}],"wp:term":[{"taxonomy":"product_brand","embeddable":true,"href":"https:\/\/www.tatanka.nl\/it\/wp-json\/wp\/v2\/product_brand?post=36406"},{"taxonomy":"product_cat","embeddable":true,"href":"https:\/\/www.tatanka.nl\/it\/wp-json\/wp\/v2\/product_cat?post=36406"},{"taxonomy":"product_tag","embeddable":true,"href":"https:\/\/www.tatanka.nl\/it\/wp-json\/wp\/v2\/product_tag?post=36406"}],"curies":[{"name":"wp","href":"https:\/\/api.w.org\/{rel}","templated":true}]}}