{"id":36407,"date":"2025-01-30T17:36:06","date_gmt":"2025-01-30T16:36:06","guid":{"rendered":"https:\/\/www.tatanka.nl\/?post_type=product&#038;p=36407"},"modified":"2025-05-16T14:44:11","modified_gmt":"2025-05-16T13:44:11","slug":"auto-super-skunk","status":"publish","type":"product","link":"https:\/\/www.tatanka.nl\/it\/auto-super-skunk\/","title":{"rendered":"Auto Super Skunk - Semi Vision"},"content":{"rendered":"<h2><span data-sheets-value=\"{&quot;1&quot;:2,&quot;2&quot;:&quot;Auto Super Skunk &quot;}\" data-sheets-userformat=\"{&quot;2&quot;:14915,&quot;3&quot;:{&quot;1&quot;:0},&quot;4&quot;:{&quot;1&quot;:2,&quot;2&quot;:15389148},&quot;9&quot;:0,&quot;12&quot;:0,&quot;14&quot;:{&quot;1&quot;:2,&quot;2&quot;:0},&quot;15&quot;:&quot;Calibri&quot;,&quot;16&quot;:12}\">Auto Super Skunk <\/span>Semi di cannabis da Vision Seeds<\/h2>\n<p>Questo seme di cannabis Auto Super Skunk \u00e8 alla ricerca di tempo di gioco di qualit\u00e0 e sar\u00e0 abbastanza educato da restituire in abbondanza tutto ci\u00f2 che le darete l'opportunit\u00e0 di lavorare. Ma attenzione... la sua potenza \u00e8 davvero notevole, quindi assicuratevi di essere pronti a esplodere con questa potenza genetica puzzolente e buona, che ha entrambe le estremit\u00e0 coperte!<\/p>\n<p>La Super Skunk Auto \u00e8 la preferita sia dei giardinieri principianti che di quelli esperti. Prospera in climi caldi e umidi, dove \u00e8 necessario fornire ampio materiale organico durante il processo di crescita. Queste piante cresceranno in piccoli mostri che amano allungarsi verso l'alto per ottenere la luce! I semi di cannabis Auto Super Skunk possono essere piantati all'aperto tutto l'anno senza preoccuparsi di trascurare le loro esigenze.<\/p>\n<p>Il seducente profumo di fiori dolci che si sprigiona dal suo gelido rivestimento di resina \u00e8 il sogno di ogni artista, se desiderate delle incredibili variet\u00e0 miste per il vostro genio creativo.<\/p>","protected":false},"excerpt":{"rendered":"<p>Alcuni semi sono pi\u00f9 deboli di altri. Non questa ragazza! Crescer\u00e0 al massimo del suo potenziale, pi\u00f9 velocemente della vostra piantina media, solo perch\u00e9 pu\u00f2 farlo! Potreste avere lo spazio per un vaso pi\u00f9 grande o potreste avere un ottimo terriccio con le sostanze nutritive perfette: in ogni caso, non pensateci troppo. Coltivate e godetevi i suoi incredibili soffi nel giro di poche settimane. \u00c8 una bestia puzzolente e vi piacer\u00e0!<\/p>","protected":false},"featured_media":36436,"template":"","meta":[],"product_brand":[],"product_cat":[546,297,547,638],"product_tag":[],"class_list":{"0":"post-36407","1":"product","2":"type-product","3":"status-publish","4":"has-post-thumbnail","6":"product_cat-seedshop","7":"product_cat-all-products","8":"product_cat-autoflowering-seeds","9":"product_cat-vision-seeds","10":"product_shipping_class-creditcard-on","12":"first","13":"instock","14":"taxable","15":"shipping-taxable","16":"purchasable","17":"product-type-variable","18":"has-default-attributes"},"_links":{"self":[{"href":"https:\/\/www.tatanka.nl\/it\/wp-json\/wp\/v2\/product\/36407","targetHints":{"allow":["GET"]}}],"collection":[{"href":"https:\/\/www.tatanka.nl\/it\/wp-json\/wp\/v2\/product"}],"about":[{"href":"https:\/\/www.tatanka.nl\/it\/wp-json\/wp\/v2\/types\/product"}],"wp:featuredmedia":[{"embeddable":true,"href":"https:\/\/www.tatanka.nl\/it\/wp-json\/wp\/v2\/media\/36436"}],"wp:attachment":[{"href":"https:\/\/www.tatanka.nl\/it\/wp-json\/wp\/v2\/media?parent=36407"}],"wp:term":[{"taxonomy":"product_brand","embeddable":true,"href":"https:\/\/www.tatanka.nl\/it\/wp-json\/wp\/v2\/product_brand?post=36407"},{"taxonomy":"product_cat","embeddable":true,"href":"https:\/\/www.tatanka.nl\/it\/wp-json\/wp\/v2\/product_cat?post=36407"},{"taxonomy":"product_tag","embeddable":true,"href":"https:\/\/www.tatanka.nl\/it\/wp-json\/wp\/v2\/product_tag?post=36407"}],"curies":[{"name":"wp","href":"https:\/\/api.w.org\/{rel}","templated":true}]}}