{"id":36411,"date":"2025-01-30T17:36:07","date_gmt":"2025-01-30T16:36:07","guid":{"rendered":"https:\/\/www.tatanka.nl\/?post_type=product&#038;p=36411"},"modified":"2025-05-16T14:42:58","modified_gmt":"2025-05-16T13:42:58","slug":"auto-vision-gorilla","status":"publish","type":"product","link":"https:\/\/www.tatanka.nl\/it\/auto-vision-gorilla\/","title":{"rendered":"Auto Vision Gorilla - Semi Vision"},"content":{"rendered":"<h2><span data-sheets-value=\"{&quot;1&quot;:2,&quot;2&quot;:&quot;Auto Vision Gorilla&quot;}\" data-sheets-userformat=\"{&quot;2&quot;:14915,&quot;3&quot;:{&quot;1&quot;:0},&quot;4&quot;:{&quot;1&quot;:2,&quot;2&quot;:16043212},&quot;9&quot;:0,&quot;12&quot;:0,&quot;14&quot;:{&quot;1&quot;:2,&quot;2&quot;:0},&quot;15&quot;:&quot;Calibri&quot;,&quot;16&quot;:12}\">Auto Vision Gorilla<\/span> Semi di cannabis da Vision Seeds<\/h2>\n<p>Questa ragazza \u00e8 la regina autofiorente pi\u00f9 scelta dalla maggior parte dei principianti grazie al suo set di caratteristiche uniche - Vision Gorilla Auto possiede un sapore di agrumi, con forti note di pineta, e un gusto agrodolce.<\/p>\n<p>I semi di cannabis Vision Gorilla Auto sono perfetti per voi, se state cercando di coltivare le vostre piante di cannabis autofiorenti che hanno un tempo di fioritura veloce e alti livelli di THC. E s\u00ec, questa variet\u00e0 \u00e8 resistente a parassiti\/malattie, il che la rende ancora migliore perch\u00e9 nessuno ha l'energia per occuparsene. Con l'ottimo sapore di agrumi e le note di pineta, questa ragazza \u00e8 perfetta per voi!<\/p>","protected":false},"excerpt":{"rendered":"<p>Vision Seeds Vision Gorilla Auto \u00e8 una delle variet\u00e0 autofiorenti pi\u00f9 popolari grazie ai suoi alti livelli di THC, alla facilit\u00e0 di coltivazione nei climi pi\u00f9 freddi e ai sapori contemporanei che offre. Allevata naturalmente per l'uso indoor dall'azienda olandese Vision Seeds, questa variet\u00e0 \u00e8 ottima per i coltivatori alle prime armi che vogliono iniziare con le piante di marijuana autofiorenti!<\/p>","protected":false},"featured_media":36440,"template":"","meta":[],"product_brand":[],"product_cat":[546,297,547,548,638],"product_tag":[],"class_list":{"0":"post-36411","1":"product","2":"type-product","3":"status-publish","4":"has-post-thumbnail","6":"product_cat-seedshop","7":"product_cat-all-products","8":"product_cat-autoflowering-seeds","9":"product_cat-high-thc-seeds","10":"product_cat-vision-seeds","11":"product_shipping_class-creditcard-on","13":"first","14":"instock","15":"taxable","16":"shipping-taxable","17":"purchasable","18":"product-type-variable","19":"has-default-attributes"},"_links":{"self":[{"href":"https:\/\/www.tatanka.nl\/it\/wp-json\/wp\/v2\/product\/36411","targetHints":{"allow":["GET"]}}],"collection":[{"href":"https:\/\/www.tatanka.nl\/it\/wp-json\/wp\/v2\/product"}],"about":[{"href":"https:\/\/www.tatanka.nl\/it\/wp-json\/wp\/v2\/types\/product"}],"wp:featuredmedia":[{"embeddable":true,"href":"https:\/\/www.tatanka.nl\/it\/wp-json\/wp\/v2\/media\/36440"}],"wp:attachment":[{"href":"https:\/\/www.tatanka.nl\/it\/wp-json\/wp\/v2\/media?parent=36411"}],"wp:term":[{"taxonomy":"product_brand","embeddable":true,"href":"https:\/\/www.tatanka.nl\/it\/wp-json\/wp\/v2\/product_brand?post=36411"},{"taxonomy":"product_cat","embeddable":true,"href":"https:\/\/www.tatanka.nl\/it\/wp-json\/wp\/v2\/product_cat?post=36411"},{"taxonomy":"product_tag","embeddable":true,"href":"https:\/\/www.tatanka.nl\/it\/wp-json\/wp\/v2\/product_tag?post=36411"}],"curies":[{"name":"wp","href":"https:\/\/api.w.org\/{rel}","templated":true}]}}