{"id":36413,"date":"2025-01-30T17:36:07","date_gmt":"2025-01-30T16:36:07","guid":{"rendered":"https:\/\/www.tatanka.nl\/?post_type=product&#038;p=36413"},"modified":"2025-05-16T14:43:05","modified_gmt":"2025-05-16T13:43:05","slug":"auto-vision-jack","status":"publish","type":"product","link":"https:\/\/www.tatanka.nl\/it\/auto-vision-jack\/","title":{"rendered":"Auto Vision Jack - Semi Vision"},"content":{"rendered":"<h2><span data-sheets-value=\"{&quot;1&quot;:2,&quot;2&quot;:&quot;Auto Vision Jack&quot;}\" data-sheets-userformat=\"{&quot;2&quot;:14915,&quot;3&quot;:{&quot;1&quot;:0},&quot;4&quot;:{&quot;1&quot;:2,&quot;2&quot;:13689059},&quot;9&quot;:0,&quot;12&quot;:0,&quot;14&quot;:{&quot;1&quot;:2,&quot;2&quot;:0},&quot;15&quot;:&quot;Calibri&quot;,&quot;16&quot;:12}\">Auto Vision Jack <\/span>Semi di cannabis da Vision Seeds<\/h2>\n<p>Vision Seeds Vision Jack Auto ha lo stesso sapore e la stessa sensazione di skunky della sorella maggiore, ma questa variet\u00e0 \u00e8 stata selezionata specificamente per crescere al chiuso o all'aperto, a prescindere da tutto - ci\u00f2 significa che se state cercando una sola pianta autofiorente, non potete assolutamente sbagliare con Vision Seeds Vision Jack Auto.<\/p>\n<p>I semi di cannabis Auto Vision Jack sono un ibrido di cannabis Sativa e Ruderalis. Con un forte sapore di skunky e potenti note muschiate, questa \u00e8 una pianta che sarete felici di avere nella vostra scorta! Le cime hanno un odore leggermente speziato e vi faranno sentire sollevati con pensieri chiari e livelli di energia migliorati dopo solo un paio di boccate. Questa \u00e8 l'autofiorenza al suo meglio: fioritura rapida per un'esperienza di coltivazione pi\u00f9 facile, combinata con tutta la potenza della Ruderalis classica che amiamo tanto.<\/p>","protected":false},"excerpt":{"rendered":"<p>Preparatevi a sperimentare il miglior gusto della famosa variet\u00e0 sativa Jack Herer! In poche parole, questo \u00e8 uno di quei sapori che non potrete dimenticare dopo averlo assaggiato. Gli aromi unici, speziati e muschiati, provengono dalla sua genetica Ruderalis e creano un \"complesso come nessun altro\". Un gusto cos\u00ec complesso \u00e8 accompagnato da effetti altrettanto complessi e piacevoli!<\/p>","protected":false},"featured_media":36441,"template":"","meta":[],"product_brand":[],"product_cat":[546,297,547,548,638],"product_tag":[],"class_list":{"0":"post-36413","1":"product","2":"type-product","3":"status-publish","4":"has-post-thumbnail","6":"product_cat-seedshop","7":"product_cat-all-products","8":"product_cat-autoflowering-seeds","9":"product_cat-high-thc-seeds","10":"product_cat-vision-seeds","11":"product_shipping_class-creditcard-on","13":"first","14":"instock","15":"taxable","16":"shipping-taxable","17":"purchasable","18":"product-type-variable","19":"has-default-attributes"},"_links":{"self":[{"href":"https:\/\/www.tatanka.nl\/it\/wp-json\/wp\/v2\/product\/36413","targetHints":{"allow":["GET"]}}],"collection":[{"href":"https:\/\/www.tatanka.nl\/it\/wp-json\/wp\/v2\/product"}],"about":[{"href":"https:\/\/www.tatanka.nl\/it\/wp-json\/wp\/v2\/types\/product"}],"wp:featuredmedia":[{"embeddable":true,"href":"https:\/\/www.tatanka.nl\/it\/wp-json\/wp\/v2\/media\/36441"}],"wp:attachment":[{"href":"https:\/\/www.tatanka.nl\/it\/wp-json\/wp\/v2\/media?parent=36413"}],"wp:term":[{"taxonomy":"product_brand","embeddable":true,"href":"https:\/\/www.tatanka.nl\/it\/wp-json\/wp\/v2\/product_brand?post=36413"},{"taxonomy":"product_cat","embeddable":true,"href":"https:\/\/www.tatanka.nl\/it\/wp-json\/wp\/v2\/product_cat?post=36413"},{"taxonomy":"product_tag","embeddable":true,"href":"https:\/\/www.tatanka.nl\/it\/wp-json\/wp\/v2\/product_tag?post=36413"}],"curies":[{"name":"wp","href":"https:\/\/api.w.org\/{rel}","templated":true}]}}