{"id":36415,"date":"2025-01-30T17:36:08","date_gmt":"2025-01-30T16:36:08","guid":{"rendered":"https:\/\/www.tatanka.nl\/?post_type=product&#038;p=36415"},"modified":"2026-02-06T00:48:30","modified_gmt":"2026-02-05T23:48:30","slug":"auto-white-widow","status":"publish","type":"product","link":"https:\/\/www.tatanka.nl\/it\/auto-white-widow\/","title":{"rendered":"Auto White Widow - Semi Vision"},"content":{"rendered":"<h2><span data-sheets-value=\"{&quot;1&quot;:2,&quot;2&quot;:&quot;Auto White Widow&quot;}\" data-sheets-userformat=\"{&quot;2&quot;:14915,&quot;3&quot;:{&quot;1&quot;:0},&quot;4&quot;:{&quot;1&quot;:2,&quot;2&quot;:13624051},&quot;9&quot;:0,&quot;12&quot;:0,&quot;14&quot;:{&quot;1&quot;:2,&quot;2&quot;:0},&quot;15&quot;:&quot;Calibri&quot;,&quot;16&quot;:12}\">Auto White Widow<\/span> Semi di cannabis da Vision Seeds<\/h2>\n<p>Dopo 12 settimane avrete bellissime cime mature da raccogliere nella vostra serra di marijuana, abbastanza forti da sopravvivere anche alle condizioni climatiche pi\u00f9 difficili. Non aspettate pi\u00f9, signore e signori! Non aspettate pi\u00f9!<\/p>\n<p>I semi di cannabis White Widow Auto sono i vostri nuovi migliori amici! Questi semi di cannabis discreti e a crescita rapida sono perfetti per i coltivatori dei climi pi\u00f9 rigidi. I loro forti effetti rilassanti li rendono ideali per alleviare l'ansia, mentre il loro rapido tempo di crescita rende il raccolto breve e al punto giusto. Iniziate a coltivare questi piccoli oggi stesso!<\/p>\n<p>Questa scelta accessibile lenir\u00e0 ogni frenesia e vi far\u00e0 sentire a vostro agio grazie ai suoi effetti calmanti su infiammazioni, dolori e insonnia. Ottimo per l'uso quotidiano.<\/p>","protected":false},"excerpt":{"rendered":"<p>White Widow \u00e8 una scelta obbligata per molti. Che si tratti di combattere la noia, l'ansia o la depressione, questa variet\u00e0 fa il suo dovere senza esagerare durante le ore diurne. La parte migliore? Cresce velocemente! Una variet\u00e0 di cannabis classica per fumatori di cannabis classica. Sapete cos'\u00e8!<\/p>","protected":false},"featured_media":36443,"template":"","meta":[],"product_brand":[],"product_cat":[546,297,547,638],"product_tag":[],"class_list":{"0":"post-36415","1":"product","2":"type-product","3":"status-publish","4":"has-post-thumbnail","6":"product_cat-seedshop","7":"product_cat-all-products","8":"product_cat-autoflowering-seeds","9":"product_cat-vision-seeds","10":"product_shipping_class-creditcard-on","12":"first","13":"instock","14":"taxable","15":"shipping-taxable","16":"purchasable","17":"product-type-variable","18":"has-default-attributes"},"_links":{"self":[{"href":"https:\/\/www.tatanka.nl\/it\/wp-json\/wp\/v2\/product\/36415","targetHints":{"allow":["GET"]}}],"collection":[{"href":"https:\/\/www.tatanka.nl\/it\/wp-json\/wp\/v2\/product"}],"about":[{"href":"https:\/\/www.tatanka.nl\/it\/wp-json\/wp\/v2\/types\/product"}],"wp:featuredmedia":[{"embeddable":true,"href":"https:\/\/www.tatanka.nl\/it\/wp-json\/wp\/v2\/media\/36443"}],"wp:attachment":[{"href":"https:\/\/www.tatanka.nl\/it\/wp-json\/wp\/v2\/media?parent=36415"}],"wp:term":[{"taxonomy":"product_brand","embeddable":true,"href":"https:\/\/www.tatanka.nl\/it\/wp-json\/wp\/v2\/product_brand?post=36415"},{"taxonomy":"product_cat","embeddable":true,"href":"https:\/\/www.tatanka.nl\/it\/wp-json\/wp\/v2\/product_cat?post=36415"},{"taxonomy":"product_tag","embeddable":true,"href":"https:\/\/www.tatanka.nl\/it\/wp-json\/wp\/v2\/product_tag?post=36415"}],"curies":[{"name":"wp","href":"https:\/\/api.w.org\/{rel}","templated":true}]}}