{"id":36416,"date":"2025-01-30T17:36:08","date_gmt":"2025-01-30T16:36:08","guid":{"rendered":"https:\/\/www.tatanka.nl\/?post_type=product&#038;p=36416"},"modified":"2025-05-16T14:41:01","modified_gmt":"2025-05-16T13:41:01","slug":"ak-49","status":"publish","type":"product","link":"https:\/\/www.tatanka.nl\/it\/ak-49\/","title":{"rendered":"AK-49 - Semi Vision"},"content":{"rendered":"<h2><span data-sheets-value=\"{&quot;1&quot;:2,&quot;2&quot;:&quot;AK-49&quot;}\" data-sheets-userformat=\"{&quot;2&quot;:14915,&quot;3&quot;:{&quot;1&quot;:0},&quot;4&quot;:{&quot;1&quot;:2,&quot;2&quot;:16773836},&quot;9&quot;:0,&quot;12&quot;:0,&quot;14&quot;:{&quot;1&quot;:2,&quot;2&quot;:0},&quot;15&quot;:&quot;docs-Calibri&quot;,&quot;16&quot;:12}\">AK-49<\/span> Semi di cannabis da Vision Seeds<\/h2>\n<p>Non c'\u00e8 da stupirsi che questa vecchia pianta sia stata usata per alleviare il dolore cronico, l'insonnia, il mal di testa e per combattere i sintomi della sindrome premestruale: \u00e8 una donna davvero forte. \u00c8 una signora famosa, amata da molti...<\/p>\n<p>I semi di cannabis AK-49 originali di Vision seeds sono gli strumenti perfetti per coltivare erba superba. Questa variet\u00e0 potente, resinosa e compatta \u00e8 stata resa popolare negli anni '90 per i suoi forti effetti e l'alto livello di THC. Se volete un'indica di alta qualit\u00e0 con un fumo inaspettatamente morbido, questi semi di cannabis AK-47 - AK-49 sister sono esattamente ci\u00f2 che vi serve!<\/p>\n<p>Raccogliete questi semi per ottenere il vostro incredibile raccolto!<\/p>","protected":false},"excerpt":{"rendered":"<p>Potete sempre contare su AK-49 Cannabis Seeds per un'alta qualit\u00e0 e un'euforica euforia. AK-49 \u00e8 una variet\u00e0 potente e facile da fumare. Questa variet\u00e0 sorella dell'AK-47 produce cime di dimensioni perfette e ricche di resina, da coltivare al meglio in condizioni di alta umidit\u00e0. L'AK-49 lavora rapidamente e non vi deluder\u00e0!<\/p>","protected":false},"featured_media":36444,"template":"","meta":[],"product_brand":[],"product_cat":[546,297,549,548,638],"product_tag":[],"class_list":{"0":"post-36416","1":"product","2":"type-product","3":"status-publish","4":"has-post-thumbnail","6":"product_cat-seedshop","7":"product_cat-all-products","8":"product_cat-feminized-seeds","9":"product_cat-high-thc-seeds","10":"product_cat-vision-seeds","11":"product_shipping_class-creditcard-on","13":"first","14":"instock","15":"taxable","16":"shipping-taxable","17":"purchasable","18":"product-type-variable","19":"has-default-attributes"},"_links":{"self":[{"href":"https:\/\/www.tatanka.nl\/it\/wp-json\/wp\/v2\/product\/36416","targetHints":{"allow":["GET"]}}],"collection":[{"href":"https:\/\/www.tatanka.nl\/it\/wp-json\/wp\/v2\/product"}],"about":[{"href":"https:\/\/www.tatanka.nl\/it\/wp-json\/wp\/v2\/types\/product"}],"wp:featuredmedia":[{"embeddable":true,"href":"https:\/\/www.tatanka.nl\/it\/wp-json\/wp\/v2\/media\/36444"}],"wp:attachment":[{"href":"https:\/\/www.tatanka.nl\/it\/wp-json\/wp\/v2\/media?parent=36416"}],"wp:term":[{"taxonomy":"product_brand","embeddable":true,"href":"https:\/\/www.tatanka.nl\/it\/wp-json\/wp\/v2\/product_brand?post=36416"},{"taxonomy":"product_cat","embeddable":true,"href":"https:\/\/www.tatanka.nl\/it\/wp-json\/wp\/v2\/product_cat?post=36416"},{"taxonomy":"product_tag","embeddable":true,"href":"https:\/\/www.tatanka.nl\/it\/wp-json\/wp\/v2\/product_tag?post=36416"}],"curies":[{"name":"wp","href":"https:\/\/api.w.org\/{rel}","templated":true}]}}