{"id":36417,"date":"2025-01-30T17:36:08","date_gmt":"2025-01-30T16:36:08","guid":{"rendered":"https:\/\/www.tatanka.nl\/?post_type=product&#038;p=36417"},"modified":"2025-05-16T14:42:11","modified_gmt":"2025-05-16T13:42:11","slug":"amnesia","status":"publish","type":"product","link":"https:\/\/www.tatanka.nl\/it\/amnesia\/","title":{"rendered":"Amnesia - Semi Vision"},"content":{"rendered":"<h2><span data-sheets-value=\"{&quot;1&quot;:2,&quot;2&quot;:&quot;Amnesia&quot;}\" data-sheets-userformat=\"{&quot;2&quot;:6723,&quot;3&quot;:{&quot;1&quot;:0},&quot;4&quot;:{&quot;1&quot;:2,&quot;2&quot;:16573901},&quot;9&quot;:0,&quot;12&quot;:0,&quot;14&quot;:{&quot;1&quot;:2,&quot;2&quot;:0},&quot;15&quot;:&quot;Arial&quot;}\">Amnesia <\/span>Semi di cannabis da Vision Seeds<\/h2>\n<p>Questi semi di cannabis sono il vostro biglietto d'ingresso per uno sballo che vi porter\u00e0 letteralmente ad essere felici ed euforici. L'Amnesia di Vision Seeds \u00e8 una miscela perfetta di motivazione creativa e dominante sativa. Questa signora porter\u00e0 la vostra creativit\u00e0 al limite con la sua erba energizzante che rinvigorisce tutto, dai pensieri ai muscoli, lasciandovi ispirazione creativa a volont\u00e0.<\/p>\n<p>Il suo odore \u00e8 piuttosto delicato, ma \u00e8 solo nel momento in cui viene accesa che i consumatori vengono accolti da una boccata nebbiosa e floreale! Gli effetti possono essere avvertiti gi\u00e0 5-15 minuti dopo averla fumata e le persone riferiscono di una sensazione di felicit\u00e0 amplificata, mista a maggiori effetti cerebrali.<\/p>","protected":false},"excerpt":{"rendered":"<p>Coltivare cannabis indoor \u00e8 entusiasmante, ma ci sono molte cose da imparare prima di diventare esperti della coltivazione in proprio. I semi di cannabis Amnesia sono la perfetta introduzione per i principianti a questo nuovo mondo della coltivazione, con una variet\u00e0 Sativa a fioritura rapida che si aggancia velocemente.<\/p>","protected":false},"featured_media":36445,"template":"","meta":[],"product_brand":[],"product_cat":[546,297,549,638],"product_tag":[],"class_list":{"0":"post-36417","1":"product","2":"type-product","3":"status-publish","4":"has-post-thumbnail","6":"product_cat-seedshop","7":"product_cat-all-products","8":"product_cat-feminized-seeds","9":"product_cat-vision-seeds","10":"product_shipping_class-creditcard-on","12":"first","13":"instock","14":"taxable","15":"shipping-taxable","16":"purchasable","17":"product-type-variable","18":"has-default-attributes"},"_links":{"self":[{"href":"https:\/\/www.tatanka.nl\/it\/wp-json\/wp\/v2\/product\/36417","targetHints":{"allow":["GET"]}}],"collection":[{"href":"https:\/\/www.tatanka.nl\/it\/wp-json\/wp\/v2\/product"}],"about":[{"href":"https:\/\/www.tatanka.nl\/it\/wp-json\/wp\/v2\/types\/product"}],"wp:featuredmedia":[{"embeddable":true,"href":"https:\/\/www.tatanka.nl\/it\/wp-json\/wp\/v2\/media\/36445"}],"wp:attachment":[{"href":"https:\/\/www.tatanka.nl\/it\/wp-json\/wp\/v2\/media?parent=36417"}],"wp:term":[{"taxonomy":"product_brand","embeddable":true,"href":"https:\/\/www.tatanka.nl\/it\/wp-json\/wp\/v2\/product_brand?post=36417"},{"taxonomy":"product_cat","embeddable":true,"href":"https:\/\/www.tatanka.nl\/it\/wp-json\/wp\/v2\/product_cat?post=36417"},{"taxonomy":"product_tag","embeddable":true,"href":"https:\/\/www.tatanka.nl\/it\/wp-json\/wp\/v2\/product_tag?post=36417"}],"curies":[{"name":"wp","href":"https:\/\/api.w.org\/{rel}","templated":true}]}}