{"id":36420,"date":"2025-01-30T17:36:08","date_gmt":"2025-01-30T16:36:08","guid":{"rendered":"https:\/\/www.tatanka.nl\/?post_type=product&#038;p=36420"},"modified":"2025-06-20T00:48:32","modified_gmt":"2025-06-19T23:48:32","slug":"blue-power","status":"publish","type":"product","link":"https:\/\/www.tatanka.nl\/it\/blue-power\/","title":{"rendered":"Blue Power - Semi Vision"},"content":{"rendered":"<h2>Semi di cannabis Blue Power da Vision Seeds<\/h2>\n<p>I semi di cannabis Blue Power sono perfetti per tutte le vostre esigenze dolci e fruttate. Creati incrociando Blueberry con White Widow e Skunk, questi semi producono una potente erba al profumo di zucchero filato. Questi piccoli ragazzi vi faranno chiedere perch\u00e9 non avete mai prestato attenzione alle variet\u00e0 power prima d'ora!<\/p>\n<p>Mettete le mani su alcuni semi di cannabis Blue Power di Vision Seeds e preparatevi a stupirvi con un sapore stupefacente e infinito, condito da un'esplosione di CBD.<\/p>\n<p>Cime color caramella, sballo stellare! Questo \u00e8 ci\u00f2 che si ottiene incrociando Skunk, White Widow e Blueberry per questa incredibile variet\u00e0 che vi dar\u00e0 ci\u00f2 di cui avete bisogno in ogni momento - energia, euforia e felicit\u00e0 avvolte in un incredibile profumo di bacche. Tutti i golosi devono provarla!<\/p>","protected":false},"excerpt":{"rendered":"<p>La Blue Power Cannabis \u00e8 un must per il vostro giardino! Dopo aver annusato questa potente variet\u00e0, saprete perch\u00e9. Liscia e fruttata, con un distinto aroma di bacche, Blue Power \u00e8 uno dei fiori di cannabis pi\u00f9 desiderati della collezione di Vision Seeds. Una regina sorprendente e gustosa che regala un'esperienza di fumo straordinaria!<\/p>","protected":false},"featured_media":36448,"template":"","meta":[],"product_brand":[],"product_cat":[546,297,549,638],"product_tag":[],"class_list":{"0":"post-36420","1":"product","2":"type-product","3":"status-publish","4":"has-post-thumbnail","6":"product_cat-seedshop","7":"product_cat-all-products","8":"product_cat-feminized-seeds","9":"product_cat-vision-seeds","10":"product_shipping_class-creditcard-on","12":"first","13":"instock","14":"taxable","15":"shipping-taxable","16":"purchasable","17":"product-type-variable","18":"has-default-attributes"},"_links":{"self":[{"href":"https:\/\/www.tatanka.nl\/it\/wp-json\/wp\/v2\/product\/36420","targetHints":{"allow":["GET"]}}],"collection":[{"href":"https:\/\/www.tatanka.nl\/it\/wp-json\/wp\/v2\/product"}],"about":[{"href":"https:\/\/www.tatanka.nl\/it\/wp-json\/wp\/v2\/types\/product"}],"wp:featuredmedia":[{"embeddable":true,"href":"https:\/\/www.tatanka.nl\/it\/wp-json\/wp\/v2\/media\/36448"}],"wp:attachment":[{"href":"https:\/\/www.tatanka.nl\/it\/wp-json\/wp\/v2\/media?parent=36420"}],"wp:term":[{"taxonomy":"product_brand","embeddable":true,"href":"https:\/\/www.tatanka.nl\/it\/wp-json\/wp\/v2\/product_brand?post=36420"},{"taxonomy":"product_cat","embeddable":true,"href":"https:\/\/www.tatanka.nl\/it\/wp-json\/wp\/v2\/product_cat?post=36420"},{"taxonomy":"product_tag","embeddable":true,"href":"https:\/\/www.tatanka.nl\/it\/wp-json\/wp\/v2\/product_tag?post=36420"}],"curies":[{"name":"wp","href":"https:\/\/api.w.org\/{rel}","templated":true}]}}