{"id":36421,"date":"2025-01-30T17:36:09","date_gmt":"2025-01-30T16:36:09","guid":{"rendered":"https:\/\/www.tatanka.nl\/?post_type=product&#038;p=36421"},"modified":"2025-05-16T14:40:25","modified_gmt":"2025-05-16T13:40:25","slug":"bona-dea-cbd","status":"publish","type":"product","link":"https:\/\/www.tatanka.nl\/it\/bona-dea-cbd\/","title":{"rendered":"Bona Dea (CBD+) - Semi Vision"},"content":{"rendered":"<h2><span data-sheets-value=\"{&quot;1&quot;:2,&quot;2&quot;:&quot;Bona Dea (CBD+)&quot;}\" data-sheets-userformat=\"{&quot;2&quot;:6723,&quot;3&quot;:{&quot;1&quot;:0},&quot;4&quot;:{&quot;1&quot;:2,&quot;2&quot;:14275305},&quot;9&quot;:0,&quot;12&quot;:0,&quot;14&quot;:{&quot;1&quot;:2,&quot;2&quot;:0},&quot;15&quot;:&quot;Arial&quot;}\">Bona Dea (CBD+)<\/span> Semi di cannabis da Vision Seeds<\/h2>\n<p>Bona Dea \u00e8 un incredibile ibrido Indica ottimizzato per apportare alti livelli di CBD. Perfetta per chi ama la marijuana medica ma non vuole i forti effetti psicoattivi, questa variet\u00e0 rilasser\u00e0 i muscoli e permetter\u00e0 di addormentarsi pi\u00f9 facilmente dopo una giornata stressante al lavoro o a scuola. Il perfetto equilibrio di THC e CBD fa s\u00ec che la Bona Dea offra benefici ottimali agli esseri umani che cercano un sollievo medico senza perdere lo spazio mentale. Quale modo migliore di rilassarsi se non con un po' di deliziosa erba?<\/p>\n<p>Per una volta siete arrivati alla giornata lavorativa, ma vi aspettano tante riunioni e avete ancora un dolore al polso. Rimanete con i piedi per terra con i semi di cannabis Bona Dea (CBD+) di Vision Seeds, che porteranno pace ai vostri muscoli e forniranno incredibili benefici per il rilassamento senza farvi perdere il controllo. Tenete presente che contiene ancora un solido 9% di THC!<\/p>","protected":false},"excerpt":{"rendered":"<p>Queste incredibili gemme di Cannabis Indica vi lasceranno rilassati, senza dolori e dormendo come un bambino. Una variet\u00e0 bellissima, perfetta per tutti coloro che sentono troppo forti gli effetti delle variet\u00e0 ad alto contenuto di THC. Sarete fortunati grazie al contenuto bilanciato di THC e CBD di Bona Dea, che vi garantir\u00e0 tutti i benefici medicinali senza alcuna repressione del pensiero o delle sensazioni fisiche. Se un rilassamento ragionevole vi piace, allora Bona Dea \u00e8 la vostra ragazza!<\/p>","protected":false},"featured_media":36449,"template":"","meta":[],"product_brand":[],"product_cat":[546,297,549,550,638],"product_tag":[],"class_list":{"0":"post-36421","1":"product","2":"type-product","3":"status-publish","4":"has-post-thumbnail","6":"product_cat-seedshop","7":"product_cat-all-products","8":"product_cat-feminized-seeds","9":"product_cat-seedshop-top-10","10":"product_cat-vision-seeds","11":"product_shipping_class-creditcard-on","13":"first","14":"instock","15":"taxable","16":"shipping-taxable","17":"purchasable","18":"product-type-variable","19":"has-default-attributes"},"_links":{"self":[{"href":"https:\/\/www.tatanka.nl\/it\/wp-json\/wp\/v2\/product\/36421","targetHints":{"allow":["GET"]}}],"collection":[{"href":"https:\/\/www.tatanka.nl\/it\/wp-json\/wp\/v2\/product"}],"about":[{"href":"https:\/\/www.tatanka.nl\/it\/wp-json\/wp\/v2\/types\/product"}],"wp:featuredmedia":[{"embeddable":true,"href":"https:\/\/www.tatanka.nl\/it\/wp-json\/wp\/v2\/media\/36449"}],"wp:attachment":[{"href":"https:\/\/www.tatanka.nl\/it\/wp-json\/wp\/v2\/media?parent=36421"}],"wp:term":[{"taxonomy":"product_brand","embeddable":true,"href":"https:\/\/www.tatanka.nl\/it\/wp-json\/wp\/v2\/product_brand?post=36421"},{"taxonomy":"product_cat","embeddable":true,"href":"https:\/\/www.tatanka.nl\/it\/wp-json\/wp\/v2\/product_cat?post=36421"},{"taxonomy":"product_tag","embeddable":true,"href":"https:\/\/www.tatanka.nl\/it\/wp-json\/wp\/v2\/product_tag?post=36421"}],"curies":[{"name":"wp","href":"https:\/\/api.w.org\/{rel}","templated":true}]}}