{"id":36422,"date":"2025-01-30T17:36:09","date_gmt":"2025-01-30T16:36:09","guid":{"rendered":"https:\/\/www.tatanka.nl\/?post_type=product&#038;p=36422"},"modified":"2025-05-16T14:40:29","modified_gmt":"2025-05-16T13:40:29","slug":"brainkiller-haze","status":"publish","type":"product","link":"https:\/\/www.tatanka.nl\/it\/brainkiller-haze\/","title":{"rendered":"Brainkiller Haze - Semi Vision"},"content":{"rendered":"<h2><span data-sheets-value=\"{&quot;1&quot;:2,&quot;2&quot;:&quot;Brainkiller Haze&quot;}\" data-sheets-userformat=\"{&quot;2&quot;:6723,&quot;3&quot;:{&quot;1&quot;:0},&quot;4&quot;:{&quot;1&quot;:2,&quot;2&quot;:14275305},&quot;9&quot;:0,&quot;12&quot;:0,&quot;14&quot;:{&quot;1&quot;:2,&quot;2&quot;:0},&quot;15&quot;:&quot;Arial&quot;}\">Brainkiller Haze<\/span> Semi di cannabis da Vision Seeds<\/h2>\n<p>Semi di cannabis di alta qualit\u00e0, apprezzati sia dai coltivatori alle prime armi che dai professionisti pi\u00f9 esperti che coltivano da anni - Brainkiller Haze Cannabis Seeds, vi dar\u00e0 risultati su tutti i fronti con i suoi enormi raccolti di cime potenti in pochissimo tempo!<\/p>\n<p>La Brainkiller Haze Cannabis Seeds di Vision Seeds ha un raro profilo genetico haze quasi puro ed \u00e8 anche quasi tutta Sativa. Fiorisce pi\u00f9 a lungo della maggior parte delle piante e cresce estremamente alta e ramificata.<\/p>\n<p>Questi semi di cannabis producono un'euforia estremamente forte e allegra per coloro che ne hanno pi\u00f9 bisogno. Una delle avvertenze dovrebbe essere quella di non essere sicura per il lavoro, perch\u00e9 questa variet\u00e0 di marijuana euforica e persino psichedelica vi scombussoler\u00e0 la mente non appena li accenderete!<\/p>","protected":false},"excerpt":{"rendered":"<p>Sentirete subito l'effetto edificante e di sballo. Molte persone la definiscono la loro preferita perch\u00e9 \u00e8 cos\u00ec potente e deliziosa! Gli sballi inebrianti sono ottimi per la creativit\u00e0, l'ispirazione, la creazione di opere d'arte o semplicemente per rilassarsi con un po' di musica in un pomeriggio pigro. Tenete presente che questa signora non sta scherzando! Per niente!<\/p>\n<p>&nbsp;<\/p>","protected":false},"featured_media":36450,"template":"","meta":[],"product_brand":[],"product_cat":[546,297,549,638],"product_tag":[],"class_list":{"0":"post-36422","1":"product","2":"type-product","3":"status-publish","4":"has-post-thumbnail","6":"product_cat-seedshop","7":"product_cat-all-products","8":"product_cat-feminized-seeds","9":"product_cat-vision-seeds","10":"product_shipping_class-creditcard-on","12":"first","13":"instock","14":"taxable","15":"shipping-taxable","16":"purchasable","17":"product-type-variable","18":"has-default-attributes"},"_links":{"self":[{"href":"https:\/\/www.tatanka.nl\/it\/wp-json\/wp\/v2\/product\/36422","targetHints":{"allow":["GET"]}}],"collection":[{"href":"https:\/\/www.tatanka.nl\/it\/wp-json\/wp\/v2\/product"}],"about":[{"href":"https:\/\/www.tatanka.nl\/it\/wp-json\/wp\/v2\/types\/product"}],"wp:featuredmedia":[{"embeddable":true,"href":"https:\/\/www.tatanka.nl\/it\/wp-json\/wp\/v2\/media\/36450"}],"wp:attachment":[{"href":"https:\/\/www.tatanka.nl\/it\/wp-json\/wp\/v2\/media?parent=36422"}],"wp:term":[{"taxonomy":"product_brand","embeddable":true,"href":"https:\/\/www.tatanka.nl\/it\/wp-json\/wp\/v2\/product_brand?post=36422"},{"taxonomy":"product_cat","embeddable":true,"href":"https:\/\/www.tatanka.nl\/it\/wp-json\/wp\/v2\/product_cat?post=36422"},{"taxonomy":"product_tag","embeddable":true,"href":"https:\/\/www.tatanka.nl\/it\/wp-json\/wp\/v2\/product_tag?post=36422"}],"curies":[{"name":"wp","href":"https:\/\/api.w.org\/{rel}","templated":true}]}}