{"id":36423,"date":"2025-01-30T17:36:09","date_gmt":"2025-01-30T16:36:09","guid":{"rendered":"https:\/\/www.tatanka.nl\/?post_type=product&#038;p=36423"},"modified":"2025-05-16T14:40:37","modified_gmt":"2025-05-16T13:40:37","slug":"caramel-monster","status":"publish","type":"product","link":"https:\/\/www.tatanka.nl\/it\/caramel-monster\/","title":{"rendered":"Caramel Monster - Semi Vision"},"content":{"rendered":"<h2>Semi di cannabis Caramel Monster da Vision Seeds<\/h2>\n<p>I cannabinoidi presenti nei semi di erba Caramel Monster sono cos\u00ec sedanti, che scoprirete che anche i vostri problemi si dissolveranno con una sola boccata di questa erba di cannabis. Vantando un sapore dolce di bacche con un sottofondo di caramello di lunga durata, questa variet\u00e0 di Cannabis \u00e8 stata creata per coloro che amano un fumo facile da gestire. Con livelli di THC di 16-22% in media, l'erba Caramel Monster \u00e8 perfetta per i coltivatori che vogliono ottenere un buon ritorno sul loro investimento.<\/p>\n<p>Se saprete prendervi cura di lei, questa variet\u00e0 sar\u00e0 ricca di sapori dolci e leggera negli odori. Tenete presente che non solo \u00e8 bella, ma racchiude anche tutte le caratteristiche dell'Indica, tra cui cime dense con lunghi peli arancioni e tricomi!<\/p>","protected":false},"excerpt":{"rendered":"<p>La Caramel Monster di Vision Seeds non \u00e8 solo la variet\u00e0 di cannabis pi\u00f9 dolce che si possa incontrare, ma \u00e8 anche completamente deliziosa nel sapore e nell'aroma. Essendo un membro della famiglia Lavender, vicino al centro dello spettro di coltivazione della cannabis, dar\u00e0 ai coltivatori una pianta di media altezza con un eccellente livello di THC. Non si pu\u00f2 sbagliare nell'assaggiare questa ragazza in particolare, poich\u00e9 le sue cime sono dense e verdi con peli e tricomi arancioni brillanti!<\/p>","protected":false},"featured_media":36451,"template":"","meta":[],"product_brand":[],"product_cat":[546,297,549,548,550,638],"product_tag":[],"class_list":{"0":"post-36423","1":"product","2":"type-product","3":"status-publish","4":"has-post-thumbnail","6":"product_cat-seedshop","7":"product_cat-all-products","8":"product_cat-feminized-seeds","9":"product_cat-high-thc-seeds","10":"product_cat-seedshop-top-10","11":"product_cat-vision-seeds","12":"product_shipping_class-creditcard-on","14":"first","15":"instock","16":"taxable","17":"shipping-taxable","18":"purchasable","19":"product-type-variable","20":"has-default-attributes"},"_links":{"self":[{"href":"https:\/\/www.tatanka.nl\/it\/wp-json\/wp\/v2\/product\/36423","targetHints":{"allow":["GET"]}}],"collection":[{"href":"https:\/\/www.tatanka.nl\/it\/wp-json\/wp\/v2\/product"}],"about":[{"href":"https:\/\/www.tatanka.nl\/it\/wp-json\/wp\/v2\/types\/product"}],"wp:featuredmedia":[{"embeddable":true,"href":"https:\/\/www.tatanka.nl\/it\/wp-json\/wp\/v2\/media\/36451"}],"wp:attachment":[{"href":"https:\/\/www.tatanka.nl\/it\/wp-json\/wp\/v2\/media?parent=36423"}],"wp:term":[{"taxonomy":"product_brand","embeddable":true,"href":"https:\/\/www.tatanka.nl\/it\/wp-json\/wp\/v2\/product_brand?post=36423"},{"taxonomy":"product_cat","embeddable":true,"href":"https:\/\/www.tatanka.nl\/it\/wp-json\/wp\/v2\/product_cat?post=36423"},{"taxonomy":"product_tag","embeddable":true,"href":"https:\/\/www.tatanka.nl\/it\/wp-json\/wp\/v2\/product_tag?post=36423"}],"curies":[{"name":"wp","href":"https:\/\/api.w.org\/{rel}","templated":true}]}}