{"id":36424,"date":"2025-01-30T17:36:09","date_gmt":"2025-01-30T16:36:09","guid":{"rendered":"https:\/\/www.tatanka.nl\/?post_type=product&#038;p=36424"},"modified":"2025-05-16T14:40:37","modified_gmt":"2025-05-16T13:40:37","slug":"cheese","status":"publish","type":"product","link":"https:\/\/www.tatanka.nl\/it\/cheese\/","title":{"rendered":"Cheese - Semi Vision"},"content":{"rendered":"<h2>Semi di cannabis a base di formaggio da Vision Seeds<\/h2>\n<p>I semi di cannabis Cheese di Vision Seeds saranno amati da tutti i fan sfegatati della cannabis che prosperano quando quell'aroma muschiato aleggia nella stanza! La genetica di queste piante Cheese, relativamente forti, \u00e8 piuttosto rigida e intensa, quindi potete aspettarvi un grande aroma di cannabis forte con sfumature skunk. Dopo averla fumata, otterrete un discreto stone body insieme a una piacevole euforia.<\/p>\n<p>Questa pianta \u00e8 garantita per deliziare tutti gli amanti del formaggio che sono alla ricerca di una piacevole esperienza emotiva, fisica e mentale. La Cheese di Vision Seeds vi ipnotizzer\u00e0 con il suo aroma funky di musk skunk kush. Questa variet\u00e0 offre un'incredibile pietra corporea unita a una piacevole euforia.<\/p>","protected":false},"excerpt":{"rendered":"<p>La variet\u00e0 di cannabis Cheese \u00e8 nota per l'odore muschiato che emette. Realizzata per coloro che amano tutto ci\u00f2 che \u00e8 formaggio, questa pianta \u00e8 garantita per tenervi soddisfatti in pi\u00f9 di un modo con il suo forte impatto di skunk e kush. \u00c8 un'ottima variet\u00e0 per i veri amanti della cannabis!<\/p>","protected":false},"featured_media":36452,"template":"","meta":[],"product_brand":[],"product_cat":[546,297,549,638],"product_tag":[],"class_list":{"0":"post-36424","1":"product","2":"type-product","3":"status-publish","4":"has-post-thumbnail","6":"product_cat-seedshop","7":"product_cat-all-products","8":"product_cat-feminized-seeds","9":"product_cat-vision-seeds","10":"product_shipping_class-creditcard-on","12":"first","13":"instock","14":"taxable","15":"shipping-taxable","16":"purchasable","17":"product-type-variable","18":"has-default-attributes"},"_links":{"self":[{"href":"https:\/\/www.tatanka.nl\/it\/wp-json\/wp\/v2\/product\/36424","targetHints":{"allow":["GET"]}}],"collection":[{"href":"https:\/\/www.tatanka.nl\/it\/wp-json\/wp\/v2\/product"}],"about":[{"href":"https:\/\/www.tatanka.nl\/it\/wp-json\/wp\/v2\/types\/product"}],"wp:featuredmedia":[{"embeddable":true,"href":"https:\/\/www.tatanka.nl\/it\/wp-json\/wp\/v2\/media\/36452"}],"wp:attachment":[{"href":"https:\/\/www.tatanka.nl\/it\/wp-json\/wp\/v2\/media?parent=36424"}],"wp:term":[{"taxonomy":"product_brand","embeddable":true,"href":"https:\/\/www.tatanka.nl\/it\/wp-json\/wp\/v2\/product_brand?post=36424"},{"taxonomy":"product_cat","embeddable":true,"href":"https:\/\/www.tatanka.nl\/it\/wp-json\/wp\/v2\/product_cat?post=36424"},{"taxonomy":"product_tag","embeddable":true,"href":"https:\/\/www.tatanka.nl\/it\/wp-json\/wp\/v2\/product_tag?post=36424"}],"curies":[{"name":"wp","href":"https:\/\/api.w.org\/{rel}","templated":true}]}}