{"id":36425,"date":"2025-01-30T17:36:09","date_gmt":"2025-01-30T16:36:09","guid":{"rendered":"https:\/\/www.tatanka.nl\/?post_type=product&#038;p=36425"},"modified":"2025-05-16T14:40:46","modified_gmt":"2025-05-16T13:40:46","slug":"choco-bud","status":"publish","type":"product","link":"https:\/\/www.tatanka.nl\/it\/choco-bud\/","title":{"rendered":"Choco Bud - Semi Vision"},"content":{"rendered":"<h2>Semi di cannabis Choco Bud da Vision Seeds<\/h2>\n<p>Con un livello di CBD pi\u00f9 elevato, la variet\u00e0 di cannabis Choco Bud \u00e8 potente per alleviare molti disturbi corporei. Con rese di 160-180 g\/m2 , questa bellezza vi far\u00e0 sicuramente innamorare del suo modo di crescere! L'obiettivo principale di chiunque l'abbia coltivata \u00e8 senza dubbio il suo sapore straordinario. Quando viene essiccata e curata prima del consumo, ci si aspetta di trovare il gusto di cioccolato\/caramello infuso in ogni boccata di quest'erba.<\/p>\n<p>Con caratteristiche che ricordano la Sour Diesel, divertente e cerebrale, la Purple Kush, che fornisce un'eccitazione corporea che vi fa sentire felici dentro, e altre variet\u00e0 pesanti come la Strawberry Moonshine o la Tahoe OG Kush, che offrono una scarica di testa sempre crescente che lascia la vostra mente lucida. Ottima scelta.<\/p>","protected":false},"excerpt":{"rendered":"<p>Queste sono davvero buone! Creata per i fumatori avventurosi che cercano un po' di versatilit\u00e0 nel loro sballo, questa ragazza andr\u00e0 benissimo. Dolce per i sensi! Questa regale signora dei fiori di cannabis offre un gusto eccitante e leggero di cioccolato e caramello con un finale di frutta. Vaporosa e ramificata, la Choco Bud di Vision Seeds \u00e8 stata descritta da molti come unica e sorprendente!<\/p>","protected":false},"featured_media":36453,"template":"","meta":[],"product_brand":[],"product_cat":[546,297,549,550,638],"product_tag":[],"class_list":{"0":"post-36425","1":"product","2":"type-product","3":"status-publish","4":"has-post-thumbnail","6":"product_cat-seedshop","7":"product_cat-all-products","8":"product_cat-feminized-seeds","9":"product_cat-seedshop-top-10","10":"product_cat-vision-seeds","11":"product_shipping_class-creditcard-on","13":"first","14":"instock","15":"taxable","16":"shipping-taxable","17":"purchasable","18":"product-type-variable","19":"has-default-attributes"},"_links":{"self":[{"href":"https:\/\/www.tatanka.nl\/it\/wp-json\/wp\/v2\/product\/36425","targetHints":{"allow":["GET"]}}],"collection":[{"href":"https:\/\/www.tatanka.nl\/it\/wp-json\/wp\/v2\/product"}],"about":[{"href":"https:\/\/www.tatanka.nl\/it\/wp-json\/wp\/v2\/types\/product"}],"wp:featuredmedia":[{"embeddable":true,"href":"https:\/\/www.tatanka.nl\/it\/wp-json\/wp\/v2\/media\/36453"}],"wp:attachment":[{"href":"https:\/\/www.tatanka.nl\/it\/wp-json\/wp\/v2\/media?parent=36425"}],"wp:term":[{"taxonomy":"product_brand","embeddable":true,"href":"https:\/\/www.tatanka.nl\/it\/wp-json\/wp\/v2\/product_brand?post=36425"},{"taxonomy":"product_cat","embeddable":true,"href":"https:\/\/www.tatanka.nl\/it\/wp-json\/wp\/v2\/product_cat?post=36425"},{"taxonomy":"product_tag","embeddable":true,"href":"https:\/\/www.tatanka.nl\/it\/wp-json\/wp\/v2\/product_tag?post=36425"}],"curies":[{"name":"wp","href":"https:\/\/api.w.org\/{rel}","templated":true}]}}