{"id":36426,"date":"2025-01-30T17:36:09","date_gmt":"2025-01-30T16:36:09","guid":{"rendered":"https:\/\/www.tatanka.nl\/?post_type=product&#038;p=36426"},"modified":"2025-05-16T14:40:54","modified_gmt":"2025-05-16T13:40:54","slug":"critical-impact","status":"publish","type":"product","link":"https:\/\/www.tatanka.nl\/it\/critical-impact\/","title":{"rendered":"Critical Impact - Semi Vision"},"content":{"rendered":"<h2>Semi di cannabis Critical Impact di Vision Seeds<\/h2>\n<p>Niente vi render\u00e0 un coltivatore di cannabis migliore e di maggior successo che gestire una Critical Impact. Come ogni buon ibrido Skunk\/Kush, \u00e8 la pianta giusta per chi vuole massimizzare il proprio raccolto e godersi un fumo tra i migliori del pianeta. Sarete entusiasti dei suoi abbondanti raccolti, poich\u00e9 gode di un incredibile tasso di crescita che diventa sempre pi\u00f9 forte con l'inizio della transizione della fioritura, ed \u00e8 completamente naturale!<\/p>\n<p>Assicuratevi che il vostro impianto di coltivazione sia in grado di gestire questa ragazzaccia, perch\u00e9 \u00e8 pungente e puzzolente come nessun'altra! La scelta perfetta per i coltivatori esperti o per coloro che vogliono \"crescere alla grande o tornare a casa\"!<\/p>","protected":false},"excerpt":{"rendered":"<p>Questi semi di cannabis Critical Impact sono un must per chi ama i grandi raccolti di erba di alta qualit\u00e0. Con 600 grammi o pi\u00f9 per metro quadro indoor, questa \u00e8 una delle variet\u00e0 pi\u00f9 veloci e con la migliore produzione sul mercato, sia indoor che outdoor! Ha anche un ottimo profumo, quindi assicuratevi di amarla e sarete ampiamente ricompensati!<\/p>","protected":false},"featured_media":36454,"template":"","meta":[],"product_brand":[],"product_cat":[546,297,549,638],"product_tag":[],"class_list":{"0":"post-36426","1":"product","2":"type-product","3":"status-publish","4":"has-post-thumbnail","6":"product_cat-seedshop","7":"product_cat-all-products","8":"product_cat-feminized-seeds","9":"product_cat-vision-seeds","10":"product_shipping_class-creditcard-on","12":"first","13":"instock","14":"taxable","15":"shipping-taxable","16":"purchasable","17":"product-type-variable","18":"has-default-attributes"},"_links":{"self":[{"href":"https:\/\/www.tatanka.nl\/it\/wp-json\/wp\/v2\/product\/36426","targetHints":{"allow":["GET"]}}],"collection":[{"href":"https:\/\/www.tatanka.nl\/it\/wp-json\/wp\/v2\/product"}],"about":[{"href":"https:\/\/www.tatanka.nl\/it\/wp-json\/wp\/v2\/types\/product"}],"wp:featuredmedia":[{"embeddable":true,"href":"https:\/\/www.tatanka.nl\/it\/wp-json\/wp\/v2\/media\/36454"}],"wp:attachment":[{"href":"https:\/\/www.tatanka.nl\/it\/wp-json\/wp\/v2\/media?parent=36426"}],"wp:term":[{"taxonomy":"product_brand","embeddable":true,"href":"https:\/\/www.tatanka.nl\/it\/wp-json\/wp\/v2\/product_brand?post=36426"},{"taxonomy":"product_cat","embeddable":true,"href":"https:\/\/www.tatanka.nl\/it\/wp-json\/wp\/v2\/product_cat?post=36426"},{"taxonomy":"product_tag","embeddable":true,"href":"https:\/\/www.tatanka.nl\/it\/wp-json\/wp\/v2\/product_tag?post=36426"}],"curies":[{"name":"wp","href":"https:\/\/api.w.org\/{rel}","templated":true}]}}