{"id":36455,"date":"2025-01-30T17:36:27","date_gmt":"2025-01-30T16:36:27","guid":{"rendered":"https:\/\/www.tatanka.nl\/?post_type=product&#038;p=36455"},"modified":"2025-05-16T14:39:05","modified_gmt":"2025-05-16T13:39:05","slug":"crystal-queen","status":"publish","type":"product","link":"https:\/\/www.tatanka.nl\/it\/crystal-queen\/","title":{"rendered":"Crystal Queen - Semi Vision"},"content":{"rendered":"<h2><span data-sheets-value=\"{&quot;1&quot;:2,&quot;2&quot;:&quot;Crystal Queen&quot;}\" data-sheets-userformat=\"{&quot;2&quot;:6723,&quot;3&quot;:{&quot;1&quot;:0},&quot;4&quot;:{&quot;1&quot;:2,&quot;2&quot;:13228792},&quot;9&quot;:0,&quot;12&quot;:0,&quot;14&quot;:{&quot;1&quot;:2,&quot;2&quot;:0},&quot;15&quot;:&quot;Arial&quot;}\">Crystal Queen<\/span> Semi di cannabis da Vision Seeds<\/h2>\n<p>\u00c8 cos\u00ec bella che ti fa venire voglia di fumarla immediatamente. E poi \u00e8 all'altezza su tutti i fronti: il suo raccolto non \u00e8 n\u00e9 troppo piccolo n\u00e9 troppo grande per qualsiasi situazione, le sue cime hanno livelli impressionanti di THC, il che significa che questa regina ha anche un potente effetto sul vostro sistema.<\/p>\n<p>La sua tavolozza di aromi misti ricchi di terpeni render\u00e0 ogni inalazione il pi\u00f9 piacevole possibile; non lasciatevi sfuggire questi fiori ricoperti di cristalli!<\/p>\n<p>I semi di cannabis Crystal Queen sono quasi come essere incoronati! Con dimensioni, qualit\u00e0, densit\u00e0, potenza ed esperienza colturale sorprendenti, rimarrete talmente stupiti da lei che forse vorrete indossare anche voi un diadema.<\/p>","protected":false},"excerpt":{"rendered":"<p>I semi di cannabis Crystal Queen di Vision Seeds sono la perfetta combinazione di stupefacente, morbido e freddo. Come variet\u00e0 di cannabis d'\u00e9lite con un'enorme potenza di THC di 20%, Crystal Queen \u00e8 pura beatitudine - l'attrazione naturale della gioia del coltivatore! Porta sia l'aspetto che il gusto a un livello completamente nuovo!<\/p>","protected":false},"featured_media":36485,"template":"","meta":[],"product_brand":[],"product_cat":[546,297,549,548,638],"product_tag":[],"class_list":{"0":"post-36455","1":"product","2":"type-product","3":"status-publish","4":"has-post-thumbnail","6":"product_cat-seedshop","7":"product_cat-all-products","8":"product_cat-feminized-seeds","9":"product_cat-high-thc-seeds","10":"product_cat-vision-seeds","11":"product_shipping_class-creditcard-on","13":"first","14":"instock","15":"taxable","16":"shipping-taxable","17":"purchasable","18":"product-type-variable","19":"has-default-attributes"},"_links":{"self":[{"href":"https:\/\/www.tatanka.nl\/it\/wp-json\/wp\/v2\/product\/36455","targetHints":{"allow":["GET"]}}],"collection":[{"href":"https:\/\/www.tatanka.nl\/it\/wp-json\/wp\/v2\/product"}],"about":[{"href":"https:\/\/www.tatanka.nl\/it\/wp-json\/wp\/v2\/types\/product"}],"wp:featuredmedia":[{"embeddable":true,"href":"https:\/\/www.tatanka.nl\/it\/wp-json\/wp\/v2\/media\/36485"}],"wp:attachment":[{"href":"https:\/\/www.tatanka.nl\/it\/wp-json\/wp\/v2\/media?parent=36455"}],"wp:term":[{"taxonomy":"product_brand","embeddable":true,"href":"https:\/\/www.tatanka.nl\/it\/wp-json\/wp\/v2\/product_brand?post=36455"},{"taxonomy":"product_cat","embeddable":true,"href":"https:\/\/www.tatanka.nl\/it\/wp-json\/wp\/v2\/product_cat?post=36455"},{"taxonomy":"product_tag","embeddable":true,"href":"https:\/\/www.tatanka.nl\/it\/wp-json\/wp\/v2\/product_tag?post=36455"}],"curies":[{"name":"wp","href":"https:\/\/api.w.org\/{rel}","templated":true}]}}