{"id":36456,"date":"2025-01-30T17:36:27","date_gmt":"2025-01-30T16:36:27","guid":{"rendered":"https:\/\/www.tatanka.nl\/?post_type=product&#038;p=36456"},"modified":"2025-05-16T14:39:08","modified_gmt":"2025-05-16T13:39:08","slug":"dark-star-x-ak-49","status":"publish","type":"product","link":"https:\/\/www.tatanka.nl\/it\/dark-star-x-ak-49\/","title":{"rendered":"Dark Star x AK-49 - Semi Vision"},"content":{"rendered":"<h2><span data-sheets-value=\"{&quot;1&quot;:2,&quot;2&quot;:&quot;Dark Star x AK-49&quot;}\" data-sheets-userformat=\"{&quot;2&quot;:6723,&quot;3&quot;:{&quot;1&quot;:0},&quot;4&quot;:{&quot;1&quot;:2,&quot;2&quot;:14275305},&quot;9&quot;:0,&quot;12&quot;:0,&quot;14&quot;:{&quot;1&quot;:2,&quot;2&quot;:0},&quot;15&quot;:&quot;Arial&quot;}\">Dark Star x AK-49 <\/span>Semi di cannabis da Vision Seeds<\/h2>\n<p>AK-49 x Dark Star \u00e8 una combinazione di leggende assolute ed \u00e8 mio piacere presentarvi questa variet\u00e0 pluripremiata. Questa variet\u00e0 ha uno degli alberi genealogici pi\u00f9 interessanti della nostra lista di semi di cannabis, quindi se siete alla ricerca di genetiche eccitanti, lei fa per voi.<\/p>\n<p>In condizioni perfette, ovvero con un coltivatore esperto che si prende cura delle sue piante, la Dark Star x AK-49 pu\u00f2 produrre quasi 1 kg di cime dense! Il sapore offre un buon equilibrio tra sapori terrosi e speziati e sapori dolci che si fondono piacevolmente insieme. Una super pianta per super coltivatori!<\/p>","protected":false},"excerpt":{"rendered":"<p>Dark Star x AK-49 \u00e8 una variet\u00e0 ibrida equilibrata che vi impressioner\u00e0 sicuramente con il suo sapore. Tone combina sapori dominanti di terriccio, spezie e aromi dolci per un'esperienza incredibile ogni volta. Se curata adeguatamente all'aperto, potrete aspettarvi di raccogliere un'incredibile quantit\u00e0 di cime dense. Questa pianta non scherza!<\/p>","protected":false},"featured_media":36486,"template":"","meta":[],"product_brand":[],"product_cat":[546,297,549,548,638],"product_tag":[],"class_list":{"0":"post-36456","1":"product","2":"type-product","3":"status-publish","4":"has-post-thumbnail","6":"product_cat-seedshop","7":"product_cat-all-products","8":"product_cat-feminized-seeds","9":"product_cat-high-thc-seeds","10":"product_cat-vision-seeds","11":"product_shipping_class-creditcard-on","13":"first","14":"instock","15":"taxable","16":"shipping-taxable","17":"purchasable","18":"product-type-variable","19":"has-default-attributes"},"_links":{"self":[{"href":"https:\/\/www.tatanka.nl\/it\/wp-json\/wp\/v2\/product\/36456","targetHints":{"allow":["GET"]}}],"collection":[{"href":"https:\/\/www.tatanka.nl\/it\/wp-json\/wp\/v2\/product"}],"about":[{"href":"https:\/\/www.tatanka.nl\/it\/wp-json\/wp\/v2\/types\/product"}],"wp:featuredmedia":[{"embeddable":true,"href":"https:\/\/www.tatanka.nl\/it\/wp-json\/wp\/v2\/media\/36486"}],"wp:attachment":[{"href":"https:\/\/www.tatanka.nl\/it\/wp-json\/wp\/v2\/media?parent=36456"}],"wp:term":[{"taxonomy":"product_brand","embeddable":true,"href":"https:\/\/www.tatanka.nl\/it\/wp-json\/wp\/v2\/product_brand?post=36456"},{"taxonomy":"product_cat","embeddable":true,"href":"https:\/\/www.tatanka.nl\/it\/wp-json\/wp\/v2\/product_cat?post=36456"},{"taxonomy":"product_tag","embeddable":true,"href":"https:\/\/www.tatanka.nl\/it\/wp-json\/wp\/v2\/product_tag?post=36456"}],"curies":[{"name":"wp","href":"https:\/\/api.w.org\/{rel}","templated":true}]}}