{"id":36457,"date":"2025-01-30T17:36:27","date_gmt":"2025-01-30T16:36:27","guid":{"rendered":"https:\/\/www.tatanka.nl\/?post_type=product&#038;p=36457"},"modified":"2025-05-16T14:39:13","modified_gmt":"2025-05-16T13:39:13","slug":"doctor-jamaica","status":"publish","type":"product","link":"https:\/\/www.tatanka.nl\/it\/doctor-jamaica\/","title":{"rendered":"Doctor Jamaica - Semi Vision"},"content":{"rendered":"<h2><span data-sheets-value=\"{&quot;1&quot;:2,&quot;2&quot;:&quot;Doctor Jamaica&quot;}\" data-sheets-userformat=\"{&quot;2&quot;:6723,&quot;3&quot;:{&quot;1&quot;:0},&quot;4&quot;:{&quot;1&quot;:2,&quot;2&quot;:16043212},&quot;9&quot;:0,&quot;12&quot;:0,&quot;14&quot;:{&quot;1&quot;:2,&quot;2&quot;:0},&quot;15&quot;:&quot;Arial&quot;}\">Doctor Jamaica<\/span> Semi di cannabis da Vision Seeds<\/h2>\n<p>La Doctor Jamaica di Vision Seeds \u00e8 una variet\u00e0 classica californiana della vecchia scuola che ha trovato il suo slancio nel mondo negli anni '90 ed \u00e8 stata coltivata in tutto il mondo per il suo gusto straordinario. Anche se a volte non produce grandi raccolti e i livelli di THC possono essere a volte medi, ai suoi fan non \u00e8 mai importato: amano il suo sapore e il suo profumo!<\/p>\n<p>Se siete pronti per qualcosa di veramente unico e delizioso, non cercate oltre questa signora: vi stupir\u00e0 con ogni singolo soffio.<\/p>\n<p>Vision Seeds Doctor Jamaica \u00e8 uno standard rinfrescante che uno dei suoi fan descrive come \"una combinazione di skunk, mango e mandarino\". Le arance pi\u00f9 deliziose e dolci che possiate mai assaggiare con un aroma agrumato. Niam!<\/p>","protected":false},"excerpt":{"rendered":"<p>Questa \u00e8 una variet\u00e0 \"da provare\" per tutti gli intenditori di cannabis che apprezzano il sapore pi\u00f9 di ogni altra cosa. Non \u00e8 la pi\u00f9 grande produttrice del pianeta, ma di sicuro racchiude alcuni sapori davvero intensi che fanno venire l'acquolina in bocca e sono rinfrescanti, il che fa s\u00ec che valga la pena di fare ogni minimo sforzo. L'effetto sar\u00e0 quello di uno sballo edificante e felice, con una creativit\u00e0 ancora intatta. Inoltre, non c'\u00e8 niente di meglio che condividere questo fiore con gli amici, godendo del suo delizioso profilo terpenico!<\/p>","protected":false},"featured_media":36432,"template":"","meta":[],"product_brand":[],"product_cat":[546,297,549,638],"product_tag":[],"class_list":{"0":"post-36457","1":"product","2":"type-product","3":"status-publish","4":"has-post-thumbnail","6":"product_cat-seedshop","7":"product_cat-all-products","8":"product_cat-feminized-seeds","9":"product_cat-vision-seeds","10":"product_shipping_class-creditcard-on","12":"first","13":"instock","14":"taxable","15":"shipping-taxable","16":"purchasable","17":"product-type-variable","18":"has-default-attributes"},"_links":{"self":[{"href":"https:\/\/www.tatanka.nl\/it\/wp-json\/wp\/v2\/product\/36457","targetHints":{"allow":["GET"]}}],"collection":[{"href":"https:\/\/www.tatanka.nl\/it\/wp-json\/wp\/v2\/product"}],"about":[{"href":"https:\/\/www.tatanka.nl\/it\/wp-json\/wp\/v2\/types\/product"}],"wp:featuredmedia":[{"embeddable":true,"href":"https:\/\/www.tatanka.nl\/it\/wp-json\/wp\/v2\/media\/36432"}],"wp:attachment":[{"href":"https:\/\/www.tatanka.nl\/it\/wp-json\/wp\/v2\/media?parent=36457"}],"wp:term":[{"taxonomy":"product_brand","embeddable":true,"href":"https:\/\/www.tatanka.nl\/it\/wp-json\/wp\/v2\/product_brand?post=36457"},{"taxonomy":"product_cat","embeddable":true,"href":"https:\/\/www.tatanka.nl\/it\/wp-json\/wp\/v2\/product_cat?post=36457"},{"taxonomy":"product_tag","embeddable":true,"href":"https:\/\/www.tatanka.nl\/it\/wp-json\/wp\/v2\/product_tag?post=36457"}],"curies":[{"name":"wp","href":"https:\/\/api.w.org\/{rel}","templated":true}]}}