{"id":36459,"date":"2025-01-30T17:36:27","date_gmt":"2025-01-30T16:36:27","guid":{"rendered":"https:\/\/www.tatanka.nl\/?post_type=product&#038;p=36459"},"modified":"2025-05-16T14:40:20","modified_gmt":"2025-05-16T13:40:20","slug":"lambs-breath-x-ak-49","status":"publish","type":"product","link":"https:\/\/www.tatanka.nl\/it\/lambs-breath-x-ak-49\/","title":{"rendered":"Lamb\u2019s Breath x AK-49 - Semi Vision"},"content":{"rendered":"<h2>Semi di cannabis Lamb's Breath x AK-49 di Vision Seeds<\/h2>\n<p>Preparatevi ad esplorare uno sballo profondo e intrigante, pieno di piccantezza e di formaggio. La variet\u00e0 Lamb's Breath x AK-49 \u00e8 la nostra campionessa sativa preferita da chi \u00e8 alla ricerca di un incredibile sollevatore di umore con una forte energia.<\/p>\n<p>Poich\u00e9 questa ragazza ha solo pregi positivi, vi invitiamo a godervi il suo sapore sottilmente speziato e a scoprire tutte le grandi qualit\u00e0 che pu\u00f2 offrire alla vostra vita! Le amichevoli cime di colore verde sono ricoperte di peli arancioni; senza dimenticare che questa ragazza ha qualcosa al suo interno che render\u00e0 l'esperienza ancora pi\u00f9 piacevole: una complessa miscela di cannabinoidi e terpeni.<\/p>\n<p>Quindi non esitate: ordinate subito la vostra Mistress!<\/p>","protected":false},"excerpt":{"rendered":"<p>Essendo un incrocio tra la Lamb's Breath di Vision Seeds e la variet\u00e0 di cannabis AK-49, questa signora pu\u00f2 essere considerata divertente come una sveglia il gioved\u00ec mattina. Potente e con una seria influenza Sativa, vi far\u00e0 innamorare di lei se il vostro umore \u00e8 acido. I verdi vividi diventerebbero tutte le sfumature di verde dopo averli guardati troppo a lungo, grazie agli ottimi livelli di THC combinati con alti livelli di altri cannabinoidi. Una variet\u00e0 di cannabis assolutamente da provare!<\/p>","protected":false},"featured_media":36488,"template":"","meta":[],"product_brand":[],"product_cat":[546,297,549,548,638],"product_tag":[],"class_list":{"0":"post-36459","1":"product","2":"type-product","3":"status-publish","4":"has-post-thumbnail","6":"product_cat-seedshop","7":"product_cat-all-products","8":"product_cat-feminized-seeds","9":"product_cat-high-thc-seeds","10":"product_cat-vision-seeds","11":"product_shipping_class-creditcard-on","13":"first","14":"instock","15":"taxable","16":"shipping-taxable","17":"purchasable","18":"product-type-variable","19":"has-default-attributes"},"_links":{"self":[{"href":"https:\/\/www.tatanka.nl\/it\/wp-json\/wp\/v2\/product\/36459","targetHints":{"allow":["GET"]}}],"collection":[{"href":"https:\/\/www.tatanka.nl\/it\/wp-json\/wp\/v2\/product"}],"about":[{"href":"https:\/\/www.tatanka.nl\/it\/wp-json\/wp\/v2\/types\/product"}],"wp:featuredmedia":[{"embeddable":true,"href":"https:\/\/www.tatanka.nl\/it\/wp-json\/wp\/v2\/media\/36488"}],"wp:attachment":[{"href":"https:\/\/www.tatanka.nl\/it\/wp-json\/wp\/v2\/media?parent=36459"}],"wp:term":[{"taxonomy":"product_brand","embeddable":true,"href":"https:\/\/www.tatanka.nl\/it\/wp-json\/wp\/v2\/product_brand?post=36459"},{"taxonomy":"product_cat","embeddable":true,"href":"https:\/\/www.tatanka.nl\/it\/wp-json\/wp\/v2\/product_cat?post=36459"},{"taxonomy":"product_tag","embeddable":true,"href":"https:\/\/www.tatanka.nl\/it\/wp-json\/wp\/v2\/product_tag?post=36459"}],"curies":[{"name":"wp","href":"https:\/\/api.w.org\/{rel}","templated":true}]}}