{"id":36460,"date":"2025-01-30T17:36:27","date_gmt":"2025-01-30T16:36:27","guid":{"rendered":"https:\/\/www.tatanka.nl\/?post_type=product&#038;p=36460"},"modified":"2025-05-16T14:40:20","modified_gmt":"2025-05-16T13:40:20","slug":"la-blanca-gold","status":"publish","type":"product","link":"https:\/\/www.tatanka.nl\/it\/la-blanca-gold\/","title":{"rendered":"La Blanca Gold - Semi Vision"},"content":{"rendered":"<h2><span data-sheets-value=\"{&quot;1&quot;:2,&quot;2&quot;:&quot;AK-49&quot;}\" data-sheets-userformat=\"{&quot;2&quot;:14915,&quot;3&quot;:{&quot;1&quot;:0},&quot;4&quot;:{&quot;1&quot;:2,&quot;2&quot;:16773836},&quot;9&quot;:0,&quot;12&quot;:0,&quot;14&quot;:{&quot;1&quot;:2,&quot;2&quot;:0},&quot;15&quot;:&quot;docs-Calibri&quot;,&quot;16&quot;:12}\">La Blanca Gold<\/span>\u00a0Semi di cannabis da Vision Seeds<\/h2>\n<p>La Blanca Gold di Vision Seeds \u00e8 una regina cattiva di tutto ci\u00f2 che \u00e8 appiccicoso, che presenta livelli di produzione di resina alle stelle e offre un CBD molto elevato che la rende ancora utilizzabile per alcune esigenze mediche. Questa signora ama crescere con rese inferiori alla media e ricoperte di cristalli. Se state cercando un'esperienza di fumo pi\u00f9 dinamica con un piacevole equilibrio CBD\/THC, questa signora potrebbe essere la vostra nuova migliore amica.<\/p>\n<p>La Blanca Gold \u00e8 una gemma dal profumo e dal sapore terroso e floreale. Gli effetti sono ben bilanciati, inducendo la sensazione di essere sollevati ed energizzati senza essere troppo prepotenti. Il contenuto di THC di questa variet\u00e0 vi far\u00e0 addormentare senza problemi; 2 ore dopo l'assunzione sognerete su quanto possa essere bella la vita anche nei momenti difficili.<\/p>","protected":false},"excerpt":{"rendered":"<p>La Blanca Gold \u00e8 una nuova e interessante variet\u00e0 di cannabis ibrida che si riflette sul mondo delle genetiche di variet\u00e0 di cannabis sorprendenti di Vision Seeds. \u00c8 la miscela perfetta di THC e CBD per soddisfare le esigenze terapeutiche, ma \u00e8 anche divertente da coltivare e produce ottimi raccolti! Da provare!<\/p>","protected":false},"featured_media":36489,"template":"","meta":[],"product_brand":[],"product_cat":[546,297,549,638],"product_tag":[],"class_list":{"0":"post-36460","1":"product","2":"type-product","3":"status-publish","4":"has-post-thumbnail","6":"product_cat-seedshop","7":"product_cat-all-products","8":"product_cat-feminized-seeds","9":"product_cat-vision-seeds","10":"product_shipping_class-creditcard-on","12":"first","13":"instock","14":"taxable","15":"shipping-taxable","16":"purchasable","17":"product-type-variable","18":"has-default-attributes"},"_links":{"self":[{"href":"https:\/\/www.tatanka.nl\/it\/wp-json\/wp\/v2\/product\/36460","targetHints":{"allow":["GET"]}}],"collection":[{"href":"https:\/\/www.tatanka.nl\/it\/wp-json\/wp\/v2\/product"}],"about":[{"href":"https:\/\/www.tatanka.nl\/it\/wp-json\/wp\/v2\/types\/product"}],"wp:featuredmedia":[{"embeddable":true,"href":"https:\/\/www.tatanka.nl\/it\/wp-json\/wp\/v2\/media\/36489"}],"wp:attachment":[{"href":"https:\/\/www.tatanka.nl\/it\/wp-json\/wp\/v2\/media?parent=36460"}],"wp:term":[{"taxonomy":"product_brand","embeddable":true,"href":"https:\/\/www.tatanka.nl\/it\/wp-json\/wp\/v2\/product_brand?post=36460"},{"taxonomy":"product_cat","embeddable":true,"href":"https:\/\/www.tatanka.nl\/it\/wp-json\/wp\/v2\/product_cat?post=36460"},{"taxonomy":"product_tag","embeddable":true,"href":"https:\/\/www.tatanka.nl\/it\/wp-json\/wp\/v2\/product_tag?post=36460"}],"curies":[{"name":"wp","href":"https:\/\/api.w.org\/{rel}","templated":true}]}}