{"id":36462,"date":"2025-01-30T17:36:28","date_gmt":"2025-01-30T16:36:28","guid":{"rendered":"https:\/\/www.tatanka.nl\/?post_type=product&#038;p=36462"},"modified":"2025-05-16T14:38:36","modified_gmt":"2025-05-16T13:38:36","slug":"mighty-mango-bud","status":"publish","type":"product","link":"https:\/\/www.tatanka.nl\/it\/mighty-mango-bud\/","title":{"rendered":"Mighty Mango Bud - Semi Vision"},"content":{"rendered":"<h2><span data-sheets-value=\"{&quot;1&quot;:2,&quot;2&quot;:&quot;Mighty Mango Bud&quot;}\" data-sheets-userformat=\"{&quot;2&quot;:6723,&quot;3&quot;:{&quot;1&quot;:0},&quot;4&quot;:{&quot;1&quot;:2,&quot;2&quot;:16773836},&quot;9&quot;:0,&quot;12&quot;:0,&quot;14&quot;:{&quot;1&quot;:2,&quot;2&quot;:0},&quot;15&quot;:&quot;Arial&quot;}\">Mighty Mango Bud<\/span> Semi di cannabis da Vision Seeds<\/h2>\n<p>Quando avete bisogno di qualcosa che sia ottimo per rilassarvi e calmarvi in un modo appiccicoso e da sativa, la Mighty Mango Bud Cannabis Strain sar\u00e0 sempre presente con i giusti effetti forniti dalla sua miscela terrosa. Vi ritroverete a ballare con i brani o i progetti che state cercando di portare a termine.<\/p>\n<p>Chi non ama un ibrido di piante di cannabis fresco e dolce come un frutto di mango che delizia le vostre papille gustative? La variet\u00e0 di cannabis Mighty Mango Bud di Vision Seeds \u00e8 il meglio di entrambi i mondi - una cannabis a dominante Indica con frutti di bosco che si prender\u00e0 cura del vostro corpo mentre debutta un high gioioso e cerebrale.<\/p>","protected":false},"excerpt":{"rendered":"<p>La variet\u00e0 di cannabis Mighty Mango Bud di Vision Seeds \u00e8 il meglio di entrambi i mondi - una cannabis a dominanza Indica con bacche di frutta che si prender\u00e0 cura del vostro corpo mentre debutta un high gioioso e cerebrale. Non amate queste succose e dolci boccate di cannabis? Niam!<\/p>","protected":false},"featured_media":36491,"template":"","meta":[],"product_brand":[],"product_cat":[546,297,549,548,638],"product_tag":[],"class_list":{"0":"post-36462","1":"product","2":"type-product","3":"status-publish","4":"has-post-thumbnail","6":"product_cat-seedshop","7":"product_cat-all-products","8":"product_cat-feminized-seeds","9":"product_cat-high-thc-seeds","10":"product_cat-vision-seeds","11":"product_shipping_class-creditcard-on","13":"first","14":"instock","15":"taxable","16":"shipping-taxable","17":"purchasable","18":"product-type-variable","19":"has-default-attributes"},"_links":{"self":[{"href":"https:\/\/www.tatanka.nl\/it\/wp-json\/wp\/v2\/product\/36462","targetHints":{"allow":["GET"]}}],"collection":[{"href":"https:\/\/www.tatanka.nl\/it\/wp-json\/wp\/v2\/product"}],"about":[{"href":"https:\/\/www.tatanka.nl\/it\/wp-json\/wp\/v2\/types\/product"}],"wp:featuredmedia":[{"embeddable":true,"href":"https:\/\/www.tatanka.nl\/it\/wp-json\/wp\/v2\/media\/36491"}],"wp:attachment":[{"href":"https:\/\/www.tatanka.nl\/it\/wp-json\/wp\/v2\/media?parent=36462"}],"wp:term":[{"taxonomy":"product_brand","embeddable":true,"href":"https:\/\/www.tatanka.nl\/it\/wp-json\/wp\/v2\/product_brand?post=36462"},{"taxonomy":"product_cat","embeddable":true,"href":"https:\/\/www.tatanka.nl\/it\/wp-json\/wp\/v2\/product_cat?post=36462"},{"taxonomy":"product_tag","embeddable":true,"href":"https:\/\/www.tatanka.nl\/it\/wp-json\/wp\/v2\/product_tag?post=36462"}],"curies":[{"name":"wp","href":"https:\/\/api.w.org\/{rel}","templated":true}]}}