{"id":36463,"date":"2025-01-30T17:36:28","date_gmt":"2025-01-30T16:36:28","guid":{"rendered":"https:\/\/www.tatanka.nl\/?post_type=product&#038;p=36463"},"modified":"2025-05-16T14:38:40","modified_gmt":"2025-05-16T13:38:40","slug":"nicole-x-og","status":"publish","type":"product","link":"https:\/\/www.tatanka.nl\/it\/nicole-x-og\/","title":{"rendered":"Nicole x OG - Semi Vision"},"content":{"rendered":"<h2><span data-sheets-value=\"{&quot;1&quot;:2,&quot;2&quot;:&quot;Nicole x OG&quot;}\" data-sheets-userformat=\"{&quot;2&quot;:6723,&quot;3&quot;:{&quot;1&quot;:0},&quot;4&quot;:{&quot;1&quot;:2,&quot;2&quot;:13624051},&quot;9&quot;:0,&quot;12&quot;:0,&quot;14&quot;:{&quot;1&quot;:2,&quot;2&quot;:0},&quot;15&quot;:&quot;Arial&quot;}\">Nicole x OG<\/span> Semi di cannabis da Vision Seeds<\/h2>\n<p>Nicole X OG di Vision Seeds \u00e8 una delle nostre piante pi\u00f9 belle che pu\u00f2 stupire per le dimensioni del suo raccolto. I suoi livelli di THC sono imbattibili, il che la rende ancora pi\u00f9 popolare nella comunit\u00e0 dei consumatori esperti di cannabis.<\/p>\n<p>Il gusto di questa signora \u00e8 fuori dal mondo. Sentirete un particolare aroma di bacche mescolato a toni agrumati e terrosi che vi faranno venire voglia di tornarci per averne ancora. Questa Indica dominante inizia a scalciare con forti effetti letargici che vi manderanno in un completo stato di relax, allontanando i vostri stress mentali e lasciandovi di nuovo nella pura gioia.<\/p>\n<p>Questa indica pesante \u00e8 una variet\u00e0 OG Kush x Nicole, caratterizzata da una bassa coesione e da un aroma leggero. Il sapore di bacche predomina, mescolato con agrumi e un pizzico di terriccio. Lo sballo inizia lentamente ma si intensifica fino al punto in cui non c'\u00e8 dubbio che siate cotti! Con il suo mix di sballi inebrianti, questa dovrebbe essere la vostra prossima fumata notturna!<\/p>","protected":false},"excerpt":{"rendered":"<p>Questa Indica dominante inizia a scalciare con forti effetti letargici! Il sapore di questa incredibile signora \u00e8 a dir poco travolgente... Aspettatevi un particolare aroma di bacche, mescolato con forti agrumi e un tocco di toni legnosi e terrosi. Nicole x OG \u00e8 una grande pianta da coltivare per tutti gli amanti delle kush!<\/p>","protected":false},"featured_media":36492,"template":"","meta":[],"product_brand":[],"product_cat":[546,297,549,548,638],"product_tag":[],"class_list":{"0":"post-36463","1":"product","2":"type-product","3":"status-publish","4":"has-post-thumbnail","6":"product_cat-seedshop","7":"product_cat-all-products","8":"product_cat-feminized-seeds","9":"product_cat-high-thc-seeds","10":"product_cat-vision-seeds","11":"product_shipping_class-creditcard-on","13":"first","14":"instock","15":"taxable","16":"shipping-taxable","17":"purchasable","18":"product-type-variable","19":"has-default-attributes"},"_links":{"self":[{"href":"https:\/\/www.tatanka.nl\/it\/wp-json\/wp\/v2\/product\/36463","targetHints":{"allow":["GET"]}}],"collection":[{"href":"https:\/\/www.tatanka.nl\/it\/wp-json\/wp\/v2\/product"}],"about":[{"href":"https:\/\/www.tatanka.nl\/it\/wp-json\/wp\/v2\/types\/product"}],"wp:featuredmedia":[{"embeddable":true,"href":"https:\/\/www.tatanka.nl\/it\/wp-json\/wp\/v2\/media\/36492"}],"wp:attachment":[{"href":"https:\/\/www.tatanka.nl\/it\/wp-json\/wp\/v2\/media?parent=36463"}],"wp:term":[{"taxonomy":"product_brand","embeddable":true,"href":"https:\/\/www.tatanka.nl\/it\/wp-json\/wp\/v2\/product_brand?post=36463"},{"taxonomy":"product_cat","embeddable":true,"href":"https:\/\/www.tatanka.nl\/it\/wp-json\/wp\/v2\/product_cat?post=36463"},{"taxonomy":"product_tag","embeddable":true,"href":"https:\/\/www.tatanka.nl\/it\/wp-json\/wp\/v2\/product_tag?post=36463"}],"curies":[{"name":"wp","href":"https:\/\/api.w.org\/{rel}","templated":true}]}}