{"id":36465,"date":"2025-01-30T17:36:28","date_gmt":"2025-01-30T16:36:28","guid":{"rendered":"https:\/\/www.tatanka.nl\/?post_type=product&#038;p=36465"},"modified":"2025-05-16T14:38:49","modified_gmt":"2025-05-16T13:38:49","slug":"ny-diesel","status":"publish","type":"product","link":"https:\/\/www.tatanka.nl\/it\/ny-diesel\/","title":{"rendered":"NY Diesel - Semi Vision"},"content":{"rendered":"<h2><span data-sheets-value=\"{&quot;1&quot;:2,&quot;2&quot;:&quot;NY Diesel&quot;}\" data-sheets-userformat=\"{&quot;2&quot;:6723,&quot;3&quot;:{&quot;1&quot;:0},&quot;4&quot;:{&quot;1&quot;:2,&quot;2&quot;:14281427},&quot;9&quot;:0,&quot;12&quot;:0,&quot;14&quot;:{&quot;1&quot;:2,&quot;2&quot;:0},&quot;15&quot;:&quot;Arial&quot;}\">NY Diesel <\/span>Semi di cannabis da Vision Seeds<\/h2>\n<p>NY Diesel \u00e8 una variet\u00e0 nuova e migliorata che si pu\u00f2 gustare in qualsiasi momento della giornata, ma attenzione! Prendendo le parti migliori sia dell'Indica che della Sativa, la NY Diesel di Vision Seeds porter\u00e0 con s\u00e9 tutta la bont\u00e0 di questa favolosa pianta. L'ibrido (50\/50) rende l'esperienza ancora pi\u00f9 equilibrata, perfetta per gli stili di vita \"on-the-go\" in cui viviamo in queste giornate frenetiche.<\/p>\n<p>Questa geniale regina di New York \u00e8 stata allevata bilanciando due ceppi diversi in modo da non mostrare alcuna restrizione: otterrete solo le gemme della migliore qualit\u00e0 e un fumo incredibile - sar\u00e0 amore alla prima boccata! Fidatevi di noi: Non si tratta di normali manciate di cristalli che sembrano pi\u00f9 belli di quanto non siano in realt\u00e0.<\/p>\n<p>Questa variet\u00e0 \u00e8 un incredibile ibrido che vi fornir\u00e0 un'abbondante quantit\u00e0 di fumo di alta qualit\u00e0. \u00c8 stata selezionata a partire dalle classiche vibrazioni diesel e dai soffi fruttati per creare la variet\u00e0 perfetta per ogni esperto conoscitore di erba.<\/p>","protected":false},"excerpt":{"rendered":"<p>La NY Diesel \u00e8 un ibrido ben bilanciato (50\/50) con una genetica interessante. Il profilo aromatico includer\u00e0 pesanti toni agrodolci e fruttati, con l'aggiunta di alcune vibrazioni diesel per buona misura. NY Diesel \u00e8 la pianta da scegliere se volete un effetto sia Indica che Sativa!<\/p>","protected":false},"featured_media":36494,"template":"","meta":[],"product_brand":[],"product_cat":[546,297,549,638],"product_tag":[],"class_list":{"0":"post-36465","1":"product","2":"type-product","3":"status-publish","4":"has-post-thumbnail","6":"product_cat-seedshop","7":"product_cat-all-products","8":"product_cat-feminized-seeds","9":"product_cat-vision-seeds","10":"product_shipping_class-creditcard-on","12":"first","13":"instock","14":"taxable","15":"shipping-taxable","16":"purchasable","17":"product-type-variable","18":"has-default-attributes"},"_links":{"self":[{"href":"https:\/\/www.tatanka.nl\/it\/wp-json\/wp\/v2\/product\/36465","targetHints":{"allow":["GET"]}}],"collection":[{"href":"https:\/\/www.tatanka.nl\/it\/wp-json\/wp\/v2\/product"}],"about":[{"href":"https:\/\/www.tatanka.nl\/it\/wp-json\/wp\/v2\/types\/product"}],"wp:featuredmedia":[{"embeddable":true,"href":"https:\/\/www.tatanka.nl\/it\/wp-json\/wp\/v2\/media\/36494"}],"wp:attachment":[{"href":"https:\/\/www.tatanka.nl\/it\/wp-json\/wp\/v2\/media?parent=36465"}],"wp:term":[{"taxonomy":"product_brand","embeddable":true,"href":"https:\/\/www.tatanka.nl\/it\/wp-json\/wp\/v2\/product_brand?post=36465"},{"taxonomy":"product_cat","embeddable":true,"href":"https:\/\/www.tatanka.nl\/it\/wp-json\/wp\/v2\/product_cat?post=36465"},{"taxonomy":"product_tag","embeddable":true,"href":"https:\/\/www.tatanka.nl\/it\/wp-json\/wp\/v2\/product_tag?post=36465"}],"curies":[{"name":"wp","href":"https:\/\/api.w.org\/{rel}","templated":true}]}}