{"id":36467,"date":"2025-01-30T17:36:28","date_gmt":"2025-01-30T16:36:28","guid":{"rendered":"https:\/\/www.tatanka.nl\/?post_type=product&#038;p=36467"},"modified":"2025-05-16T14:38:58","modified_gmt":"2025-05-16T13:38:58","slug":"russian-snow","status":"publish","type":"product","link":"https:\/\/www.tatanka.nl\/it\/russian-snow\/","title":{"rendered":"Russian Snow - Semi Vision"},"content":{"rendered":"<h2><span data-sheets-value=\"{&quot;1&quot;:2,&quot;2&quot;:&quot;Russian Snow&quot;}\" data-sheets-userformat=\"{&quot;2&quot;:6723,&quot;3&quot;:{&quot;1&quot;:0},&quot;4&quot;:{&quot;1&quot;:2,&quot;2&quot;:13689059},&quot;9&quot;:0,&quot;12&quot;:0,&quot;14&quot;:{&quot;1&quot;:2,&quot;2&quot;:0},&quot;15&quot;:&quot;Arial&quot;}\">Russian Snow<\/span> Semi di cannabis da Vision Seeds<\/h2>\n<p>La Russian Snow di Vision Seeds deve il suo nome unico al numero di tricomi bianchi come la neve che stupiranno anche i coltivatori di cannabis pi\u00f9 esperti! Chi l'avrebbe mai detto che l'incrocio tra AK-49 e White Widow avrebbe portato a risultati Indica cos\u00ec piacevoli e potenti...<\/p>\n<p>Con pi\u00f9 polvere da sparo di quanto potrebbe essere necessario, questa regina delle nevi cresce fino a raggiungere un'altezza media con una statura stretta e poi brilla con cime di fiori molto resinosi. Aspettatevi un aroma di AK-49 e White Widow pieno di note dolci. Quando si tratta di accenderla, lo sballo che produce, potente e duraturo, \u00e8 fuori dal mondo!<\/p>\n<p>Sviluppata in Russia, incrociando AK-97 e White Widow. I sottili tricomi bianchi la rendono un sogno da regina delle nevi che diventa realt\u00e0. L'AK-97 \u00e8 potente e potente da sola, mentre la White Widow ha un sapore dolce con i suoi sentori di frutta tropicale. Questa regina raggiunger\u00e0 un'altezza media mentre cresce cime spesse che raccomandano un uso indoor o in serra solo per godersela come una regina!<\/p>","protected":false},"excerpt":{"rendered":"<p>L'AK-49 e la White Widow si combinano per creare questa incredibile variet\u00e0 di cannabis Russian Snow! Questa regina delle nevi brilla con un potente numero di resina e un raccolto incredibile. \u00c8 la miscela perfetta di potenza, qualit\u00e0, resa e sapore. Rilassate la vostra mente con un'euforia spaziale che non vi deluder\u00e0 mai. Chiunque faccia un tiro di questa variet\u00e0 di cannabis si ritrover\u00e0 in uno sballo da sogno, in grado di gestire qualsiasi livello di stress!<\/p>","protected":false},"featured_media":36496,"template":"","meta":[],"product_brand":[],"product_cat":[546,297,549,548,638],"product_tag":[],"class_list":{"0":"post-36467","1":"product","2":"type-product","3":"status-publish","4":"has-post-thumbnail","6":"product_cat-seedshop","7":"product_cat-all-products","8":"product_cat-feminized-seeds","9":"product_cat-high-thc-seeds","10":"product_cat-vision-seeds","11":"product_shipping_class-creditcard-on","13":"first","14":"instock","15":"taxable","16":"shipping-taxable","17":"purchasable","18":"product-type-variable","19":"has-default-attributes"},"_links":{"self":[{"href":"https:\/\/www.tatanka.nl\/it\/wp-json\/wp\/v2\/product\/36467","targetHints":{"allow":["GET"]}}],"collection":[{"href":"https:\/\/www.tatanka.nl\/it\/wp-json\/wp\/v2\/product"}],"about":[{"href":"https:\/\/www.tatanka.nl\/it\/wp-json\/wp\/v2\/types\/product"}],"wp:featuredmedia":[{"embeddable":true,"href":"https:\/\/www.tatanka.nl\/it\/wp-json\/wp\/v2\/media\/36496"}],"wp:attachment":[{"href":"https:\/\/www.tatanka.nl\/it\/wp-json\/wp\/v2\/media?parent=36467"}],"wp:term":[{"taxonomy":"product_brand","embeddable":true,"href":"https:\/\/www.tatanka.nl\/it\/wp-json\/wp\/v2\/product_brand?post=36467"},{"taxonomy":"product_cat","embeddable":true,"href":"https:\/\/www.tatanka.nl\/it\/wp-json\/wp\/v2\/product_cat?post=36467"},{"taxonomy":"product_tag","embeddable":true,"href":"https:\/\/www.tatanka.nl\/it\/wp-json\/wp\/v2\/product_tag?post=36467"}],"curies":[{"name":"wp","href":"https:\/\/api.w.org\/{rel}","templated":true}]}}