{"id":36470,"date":"2025-01-30T17:36:29","date_gmt":"2025-01-30T16:36:29","guid":{"rendered":"https:\/\/www.tatanka.nl\/?post_type=product&#038;p=36470"},"modified":"2025-05-16T14:37:41","modified_gmt":"2025-05-16T13:37:41","slug":"supreme-lemon","status":"publish","type":"product","link":"https:\/\/www.tatanka.nl\/it\/supreme-lemon\/","title":{"rendered":"Supreme Lemon - Semi Vision"},"content":{"rendered":"<h2><span data-sheets-value=\"{&quot;1&quot;:2,&quot;2&quot;:&quot;Supreme Lemon&quot;}\" data-sheets-userformat=\"{&quot;2&quot;:6723,&quot;3&quot;:{&quot;1&quot;:0},&quot;4&quot;:{&quot;1&quot;:2,&quot;2&quot;:16573901},&quot;9&quot;:0,&quot;12&quot;:0,&quot;14&quot;:{&quot;1&quot;:2,&quot;2&quot;:0},&quot;15&quot;:&quot;Arial&quot;}\">Supreme Lemon<\/span> Semi di cannabis da Vision Seeds<\/h2>\n<p>Ibrido a pura dominanza sativa, Supreme Lemon si basa sulla creativit\u00e0 originale di Vision Seeds. \u00c8 il risultato dell'incrocio tra la Haze (amata per il suo dolce ronzio) e una delle variet\u00e0 moderne pi\u00f9 popolari al mondo, la Lemon Skunk. Con i suoi alti livelli di THC e il gusto neutro della cannabis, questa signorina \u00e8 ottima per un energico uso diurno; un utente esperto la trover\u00e0 creativa e comunicativa - con un forte effetto di socializzazione!<\/p>\n<p>Questa cultivar di marijuana \u00e8 un ibrido di due leggende della cannabis. L'odore e il sapore saranno freschi e agrumati, con un gusto erbaceo simile a quello della verbena o del basilico limone.<\/p>\n<p>Ha un patrimonio genetico di tutto rispetto - genitori Silver Haze e Lemon Skunk, chi vuole una variet\u00e0 estremamente potente da aggiungere alla lista?<\/p>\n<p>Tutti parlano di quanto sia fresco il suo sapore. Ti d\u00e0 quella grande botta di limone mantenendo la sua dominanza sativa sotto controllo con un pedigree da coltivatore di medaglie d'oro. E non abbiamo ancora parlato degli effetti: Creativit\u00e0 artigianale ed energia in ogni boccata!<\/p>","protected":false},"excerpt":{"rendered":"<p>Ciao, speriamo che ti piaccia esplorare cose nuove e questa volta abbiamo qualcosa di incredibile per te. Vi presentiamo la variet\u00e0 di cannabis Supreme Lemon di Vision Seeds! Questa ragazza \u00e8 un incrocio tra Silver Haze e Lemon Skunk, quindi \u00e8 perfetta per chi gi\u00e0 ama queste variet\u00e0. Ma c'\u00e8 di meglio: La Supreme ha un livello di THC impressionante e il meglio della genetica Sativa - fornendo effetti creativi ed energizzanti per tutto il giorno. Dobbiamo aggiungere altro?<\/p>","protected":false},"featured_media":36499,"template":"","meta":[],"product_brand":[],"product_cat":[546,297,549,548,638],"product_tag":[],"class_list":{"0":"post-36470","1":"product","2":"type-product","3":"status-publish","4":"has-post-thumbnail","6":"product_cat-seedshop","7":"product_cat-all-products","8":"product_cat-feminized-seeds","9":"product_cat-high-thc-seeds","10":"product_cat-vision-seeds","11":"product_shipping_class-creditcard-on","13":"first","14":"instock","15":"taxable","16":"shipping-taxable","17":"purchasable","18":"product-type-variable","19":"has-default-attributes"},"_links":{"self":[{"href":"https:\/\/www.tatanka.nl\/it\/wp-json\/wp\/v2\/product\/36470","targetHints":{"allow":["GET"]}}],"collection":[{"href":"https:\/\/www.tatanka.nl\/it\/wp-json\/wp\/v2\/product"}],"about":[{"href":"https:\/\/www.tatanka.nl\/it\/wp-json\/wp\/v2\/types\/product"}],"wp:featuredmedia":[{"embeddable":true,"href":"https:\/\/www.tatanka.nl\/it\/wp-json\/wp\/v2\/media\/36499"}],"wp:attachment":[{"href":"https:\/\/www.tatanka.nl\/it\/wp-json\/wp\/v2\/media?parent=36470"}],"wp:term":[{"taxonomy":"product_brand","embeddable":true,"href":"https:\/\/www.tatanka.nl\/it\/wp-json\/wp\/v2\/product_brand?post=36470"},{"taxonomy":"product_cat","embeddable":true,"href":"https:\/\/www.tatanka.nl\/it\/wp-json\/wp\/v2\/product_cat?post=36470"},{"taxonomy":"product_tag","embeddable":true,"href":"https:\/\/www.tatanka.nl\/it\/wp-json\/wp\/v2\/product_tag?post=36470"}],"curies":[{"name":"wp","href":"https:\/\/api.w.org\/{rel}","templated":true}]}}