{"id":36472,"date":"2025-01-30T17:36:29","date_gmt":"2025-01-30T16:36:29","guid":{"rendered":"https:\/\/www.tatanka.nl\/?post_type=product&#038;p=36472"},"modified":"2025-05-16T14:37:54","modified_gmt":"2025-05-16T13:37:54","slug":"vision-cookies","status":"publish","type":"product","link":"https:\/\/www.tatanka.nl\/it\/vision-cookies\/","title":{"rendered":"Vision Cookies - Semi Vision"},"content":{"rendered":"<h2><span data-sheets-value=\"{&quot;1&quot;:2,&quot;2&quot;:&quot;Vision Cookies&quot;}\" data-sheets-userformat=\"{&quot;2&quot;:6723,&quot;3&quot;:{&quot;1&quot;:0},&quot;4&quot;:{&quot;1&quot;:2,&quot;2&quot;:15389148},&quot;9&quot;:0,&quot;12&quot;:0,&quot;14&quot;:{&quot;1&quot;:2,&quot;2&quot;:0},&quot;15&quot;:&quot;Arial&quot;}\">Vision Cookies<\/span> Semi di cannabis da Vision Seeds<\/h2>\n<p>Vision Cookies \u00e8 per chiunque sia alla ricerca di una variet\u00e0 precisa e forte che profuma di melone, pesca e ha un sapore di frutti di bosco. Questa variet\u00e0 \u00e8 perfetta per alleviare lo stress con effetti edificanti ed euforici. Vision Cookies raggiunge in media livelli di THC di ~20%, sufficientemente alti da garantire buoni raccolti - fino a 800g\/pianta se le condizioni sono giuste!<\/p>\n<p>Pianificate la vostra prossima uscita con piacere e delizia, per arrivare a casa dal lavoro sentendovi ringiovaniti e felici! La variet\u00e0 di cannabis Vision Cookies vi lascer\u00e0 con il desiderio di scavare in voi stessi. Godetevi il significato della vita attraverso questa meravigliosa variet\u00e0 per un intenso cambiamento mentale.<\/p>\n<p>Questa variet\u00e0 \u00e8 eccellente per quasi tutti i climi. Poich\u00e9 cresce molto bene all'esterno, anche i suoi raccolti lo saranno! Vision Cookies \u00e8 una scelta perfetta per chi cerca una signora meno intensa ma comunque molto potente, con un aroma fruttato e in grado di produrre raccolti a partire da 800 grammi per pianta. Ideali per un totale sollievo dallo stress, questi biscotti di cannabis vi daranno un'euforia edificante che vi lascer\u00e0 piacevolmente stupiti! Godetevi il gusto del melone, della pesca e dei frutti di bosco di questa straordinaria variet\u00e0.<\/p>","protected":false},"excerpt":{"rendered":"<p>La Vision Cookies \u00e8 un ibrido fruttato, al sapore di bacche, che cresce rapidamente e ha grandi rese. Non produce un aroma molto forte, ma pu\u00f2 comunque fornire fino a 800 gr per pianta se le condizioni sono perfette! La scelta giusta per chi \u00e8 alla ricerca di una variet\u00e0 di cannabis molto potente, ma non follemente forte, che profuma di dolci e frutti di bosco. Fate attenzione perch\u00e9 pu\u00f2 ancora produrre un solido THC di 20%, quindi vale sicuramente la pena di dedicarle un po' di tempo!<\/p>","protected":false},"featured_media":36501,"template":"","meta":[],"product_brand":[],"product_cat":[546,297,549,548,550,638],"product_tag":[],"class_list":{"0":"post-36472","1":"product","2":"type-product","3":"status-publish","4":"has-post-thumbnail","6":"product_cat-seedshop","7":"product_cat-all-products","8":"product_cat-feminized-seeds","9":"product_cat-high-thc-seeds","10":"product_cat-seedshop-top-10","11":"product_cat-vision-seeds","12":"product_shipping_class-creditcard-on","14":"first","15":"instock","16":"taxable","17":"shipping-taxable","18":"purchasable","19":"product-type-variable","20":"has-default-attributes"},"_links":{"self":[{"href":"https:\/\/www.tatanka.nl\/it\/wp-json\/wp\/v2\/product\/36472","targetHints":{"allow":["GET"]}}],"collection":[{"href":"https:\/\/www.tatanka.nl\/it\/wp-json\/wp\/v2\/product"}],"about":[{"href":"https:\/\/www.tatanka.nl\/it\/wp-json\/wp\/v2\/types\/product"}],"wp:featuredmedia":[{"embeddable":true,"href":"https:\/\/www.tatanka.nl\/it\/wp-json\/wp\/v2\/media\/36501"}],"wp:attachment":[{"href":"https:\/\/www.tatanka.nl\/it\/wp-json\/wp\/v2\/media?parent=36472"}],"wp:term":[{"taxonomy":"product_brand","embeddable":true,"href":"https:\/\/www.tatanka.nl\/it\/wp-json\/wp\/v2\/product_brand?post=36472"},{"taxonomy":"product_cat","embeddable":true,"href":"https:\/\/www.tatanka.nl\/it\/wp-json\/wp\/v2\/product_cat?post=36472"},{"taxonomy":"product_tag","embeddable":true,"href":"https:\/\/www.tatanka.nl\/it\/wp-json\/wp\/v2\/product_tag?post=36472"}],"curies":[{"name":"wp","href":"https:\/\/api.w.org\/{rel}","templated":true}]}}