{"id":36473,"date":"2025-01-30T17:36:29","date_gmt":"2025-01-30T16:36:29","guid":{"rendered":"https:\/\/www.tatanka.nl\/?post_type=product&#038;p=36473"},"modified":"2025-05-16T14:38:29","modified_gmt":"2025-05-16T13:38:29","slug":"vision-gorilla","status":"publish","type":"product","link":"https:\/\/www.tatanka.nl\/it\/vision-gorilla\/","title":{"rendered":"Vision Gorilla - Semi Vision"},"content":{"rendered":"<h2><span data-sheets-value=\"{&quot;1&quot;:2,&quot;2&quot;:&quot;Vision Gorilla&quot;}\" data-sheets-userformat=\"{&quot;2&quot;:6723,&quot;3&quot;:{&quot;1&quot;:0},&quot;4&quot;:{&quot;1&quot;:2,&quot;2&quot;:14281427},&quot;9&quot;:0,&quot;12&quot;:0,&quot;14&quot;:{&quot;1&quot;:2,&quot;2&quot;:0},&quot;15&quot;:&quot;Arial&quot;}\">Vision Gorilla<\/span> Semi di cannabis da Vision Seeds<\/h2>\n<p>Vision Gorilla \u00e8 una variet\u00e0 di marijuana super mega potente, con un THC fino a 25%, che la rende una scelta perfetta per coloro che sono alla ricerca di \"veri e propri pezzi grossi\" con rese elevate. Questa ragazza pu\u00f2 crescere grande e alta, sprigionando aromi terrosi che vi faranno chiedere come ci si sente a dare un morso a questo gorilla verde.<\/p>\n<p>Questa variet\u00e0 \u00e8 l'ascesa di tutte le ascese, amico! Il solo sapore vi far\u00e0 sentire come un viandante istantaneo in una terra dove si estendono montagne gloriose e fiumi scintillanti; vi far\u00e0 cadere in piedi e vi far\u00e0 sentire come una statua di pietra. Potreste persino iniziare a chiedervi se siete reali o meno: \u00e8 cos\u00ec che la Vision Gorilla Cannabis Strain fa pensare i suoi consumatori.<\/p>\n<p>Con livelli di potenza elevati, fino a 25% di THC, questa ragazza pu\u00f2 crescere grande e allegra con enormi cime ricoperte di resina che spuntano da tutta la sua lunga struttura, e non \u00e8 estranea nemmeno alla crescita in altezza. Tipicamente allevata per coloro che sono alla ricerca di \"veri e propri pesi massimi\" e che desiderano variet\u00e0 di cannabis potenti con rese pi\u00f9 elevate, raccomandiamo di dare a questa signora<\/p>","protected":false},"excerpt":{"rendered":"<p>La variet\u00e0 di cannabis Vision Gorilla \u00e8 un'ottima colpitrice, con un contenuto di THC fino a 25%. I coltivatori raccomandano questa ragazza per coloro che vogliono alti rendimenti e alta potenza! Mettiamola cos\u00ec... Se cercate la cosa pi\u00f9 potente che vendiamo. Questa \u00e8 quella giusta. Davvero, questa \u00e8 una delle piante pi\u00f9 potenti del pianeta. Tenetevi stretti alla sedia quando farete il primo tiro. Non dire che non ti abbiamo avvertito, amico!<\/p>","protected":false},"featured_media":36440,"template":"","meta":[],"product_brand":[],"product_cat":[546,297,549,548,550,552,638],"product_tag":[],"class_list":{"0":"post-36473","1":"product","2":"type-product","3":"status-publish","4":"has-post-thumbnail","6":"product_cat-seedshop","7":"product_cat-all-products","8":"product_cat-feminized-seeds","9":"product_cat-high-thc-seeds","10":"product_cat-seedshop-top-10","11":"product_cat-usa-seeds","12":"product_cat-vision-seeds","13":"product_shipping_class-creditcard-on","15":"first","16":"instock","17":"taxable","18":"shipping-taxable","19":"purchasable","20":"product-type-variable","21":"has-default-attributes"},"_links":{"self":[{"href":"https:\/\/www.tatanka.nl\/it\/wp-json\/wp\/v2\/product\/36473","targetHints":{"allow":["GET"]}}],"collection":[{"href":"https:\/\/www.tatanka.nl\/it\/wp-json\/wp\/v2\/product"}],"about":[{"href":"https:\/\/www.tatanka.nl\/it\/wp-json\/wp\/v2\/types\/product"}],"wp:featuredmedia":[{"embeddable":true,"href":"https:\/\/www.tatanka.nl\/it\/wp-json\/wp\/v2\/media\/36440"}],"wp:attachment":[{"href":"https:\/\/www.tatanka.nl\/it\/wp-json\/wp\/v2\/media?parent=36473"}],"wp:term":[{"taxonomy":"product_brand","embeddable":true,"href":"https:\/\/www.tatanka.nl\/it\/wp-json\/wp\/v2\/product_brand?post=36473"},{"taxonomy":"product_cat","embeddable":true,"href":"https:\/\/www.tatanka.nl\/it\/wp-json\/wp\/v2\/product_cat?post=36473"},{"taxonomy":"product_tag","embeddable":true,"href":"https:\/\/www.tatanka.nl\/it\/wp-json\/wp\/v2\/product_tag?post=36473"}],"curies":[{"name":"wp","href":"https:\/\/api.w.org\/{rel}","templated":true}]}}