{"id":36474,"date":"2025-01-30T17:36:30","date_gmt":"2025-01-30T16:36:30","guid":{"rendered":"https:\/\/www.tatanka.nl\/?post_type=product&#038;p=36474"},"modified":"2025-05-16T14:37:25","modified_gmt":"2025-05-16T13:37:25","slug":"vision-kosher","status":"publish","type":"product","link":"https:\/\/www.tatanka.nl\/it\/vision-kosher\/","title":{"rendered":"Vision Kosher - Semi Vision"},"content":{"rendered":"<h2><span data-sheets-value=\"{&quot;1&quot;:2,&quot;2&quot;:&quot;Vision Kosher&quot;}\" data-sheets-userformat=\"{&quot;2&quot;:6723,&quot;3&quot;:{&quot;1&quot;:0},&quot;4&quot;:{&quot;1&quot;:2,&quot;2&quot;:13624051},&quot;9&quot;:0,&quot;12&quot;:0,&quot;14&quot;:{&quot;1&quot;:2,&quot;2&quot;:0},&quot;15&quot;:&quot;Arial&quot;}\">Vision Kosher<\/span> Semi di cannabis da Vision Seeds<\/h2>\n<p>Quando si tratta di raccogliere, si pu\u00f2 scegliere un prodotto che deve essere affidabile e duraturo, uno che manca di odore o di sapore, o uno con una resa irrilevante. Ma cosa succede se volete tutte e tre le cose? La ragazza Kosher di Vision Seeds \u00e8 l'unica opzione per chi cerca un approccio equilibrato.<\/p>\n<p>Immaginate una variet\u00e0 che produce quantit\u00e0 massicce di cime dopo solo 8 settimane di fioritura, che non puzza mai di fieno e che ha un sapore buono come quello del fumo - allora benvenuti a casa! Con questa particolare variet\u00e0 avrete dei seri diritti di vanto al momento del raccolto!<\/p>\n<p>Vision Seeds Vision Kosher \u00e8 uno dei fumi pi\u00f9 gustosi conosciuti dai fumatori esperti. Inoltre, questa ragazza di medie dimensioni \u00e8 uno dei migliori investimenti in termini di tempo per quanto riguarda il raccolto. Se state cercando una variet\u00e0 a predominanza Indica che abbia un'incredibile gamma di sapori, una grande quantit\u00e0 di THC e che possa far crescere delle cime enormi, questa \u00e8 la vostra ragazza! La Kosher ha un sapore unico e molto riconoscibile che pu\u00f2 essere descritto come una ricca miscela terrosa, ma molto fruttuosa, di aromi unici. Essendo piuttosto potente, offre uno sballo potente ed edificante.<\/p>","protected":false},"excerpt":{"rendered":"<p>Questa ragazza di medie dimensioni offre uno sballo potente ed esaltante e ha un sapore come nessun altro. Vision Kosher \u00e8 una deliziosa variet\u00e0 di cannabis a predominanza Indica che combina tutti i tratti migliori dei suoi genitori per creare una delle piante pi\u00f9 saporite e forti. Ha un aroma terroso con accenti floreali e ha il sapore di una macedonia rinfrescante resa ancora pi\u00f9 deliziosa da un pizzico di terra o qualcosa di verde. Questa grande produttrice \u00e8 pronta per il raccolto in 9 settimane e produce un high edificante con circa 20% THC.<\/p>","protected":false},"featured_media":36502,"template":"","meta":[],"product_brand":[],"product_cat":[546,297,549,548,552,638],"product_tag":[],"class_list":{"0":"post-36474","1":"product","2":"type-product","3":"status-publish","4":"has-post-thumbnail","6":"product_cat-seedshop","7":"product_cat-all-products","8":"product_cat-feminized-seeds","9":"product_cat-high-thc-seeds","10":"product_cat-usa-seeds","11":"product_cat-vision-seeds","12":"product_shipping_class-creditcard-on","14":"first","15":"instock","16":"taxable","17":"shipping-taxable","18":"purchasable","19":"product-type-variable","20":"has-default-attributes"},"_links":{"self":[{"href":"https:\/\/www.tatanka.nl\/it\/wp-json\/wp\/v2\/product\/36474","targetHints":{"allow":["GET"]}}],"collection":[{"href":"https:\/\/www.tatanka.nl\/it\/wp-json\/wp\/v2\/product"}],"about":[{"href":"https:\/\/www.tatanka.nl\/it\/wp-json\/wp\/v2\/types\/product"}],"wp:featuredmedia":[{"embeddable":true,"href":"https:\/\/www.tatanka.nl\/it\/wp-json\/wp\/v2\/media\/36502"}],"wp:attachment":[{"href":"https:\/\/www.tatanka.nl\/it\/wp-json\/wp\/v2\/media?parent=36474"}],"wp:term":[{"taxonomy":"product_brand","embeddable":true,"href":"https:\/\/www.tatanka.nl\/it\/wp-json\/wp\/v2\/product_brand?post=36474"},{"taxonomy":"product_cat","embeddable":true,"href":"https:\/\/www.tatanka.nl\/it\/wp-json\/wp\/v2\/product_cat?post=36474"},{"taxonomy":"product_tag","embeddable":true,"href":"https:\/\/www.tatanka.nl\/it\/wp-json\/wp\/v2\/product_tag?post=36474"}],"curies":[{"name":"wp","href":"https:\/\/api.w.org\/{rel}","templated":true}]}}