{"id":37822,"date":"2021-12-01T14:33:13","date_gmt":"2021-12-01T12:33:13","guid":{"rendered":"https:\/\/www.tatanka.nl\/?post_type=product&#038;p=37822"},"modified":"2025-05-20T08:39:33","modified_gmt":"2025-05-20T07:39:33","slug":"lemonx-partypills","status":"publish","type":"product","link":"https:\/\/www.tatanka.nl\/it\/lemonx-partypills\/","title":{"rendered":"LemonX Partypills"},"content":{"rendered":"<h2>4 LemonX Partypills<\/h2>\n<p>LimonX non \u00e8 solo un energizzante per i festaioli, ma anche un rinforzatore sociale. Gli utenti riferiscono di sentirsi come se fossero un tutt'uno con la folla in festa e di poter affrontare qualsiasi ostacolo si presenti loro davanti!<\/p>\n<p>LemonX \u00e8 l'anima di ogni festa. Con un paio di pillole, potrete godere di ore di maggiore energia ed eccitazione al vostro prossimo evento. La formula migliorata di LemonX assicura che, indipendentemente dalla durata o da ci\u00f2 che accade nel mezzo, questa sar\u00e0 una notte selvaggia!<\/p>\n<p>Tutta l'energia necessaria per un'intensa esperienza di festa si trova in queste piccole capsule di extasy nitro! La maggior parte degli utenti descrive Lemon X con un effetto euforico e veloce, quindi \u00e8 un modo perfetto per rilassarsi in qualsiasi serata. Si tratta di una formula energetica completamente naturale che pu\u00f2 essere mescolata con l'alcol, motivo per cui 1-4 pillole dovrebbero essere sufficienti quando si cerca un po' di sollievo dai propri problemi.<\/p>","protected":false},"excerpt":{"rendered":"<p>Lemon X \u00e8 la pillola perfetta per le feste, per rimanere svegli e pieni di energia. Gli effetti sono cos\u00ec forti che vi sentirete come il vostro DJ personale e la musica diventer\u00e0 pi\u00f9 piacevole che mai!<\/p>","protected":false},"featured_media":37832,"template":"","meta":[],"product_brand":[],"product_cat":[535,297,385,527,513,525,476],"product_tag":[],"class_list":{"0":"post-37822","1":"product","2":"type-product","3":"status-publish","4":"has-post-thumbnail","6":"product_cat-dnx","7":"product_cat-all-products","8":"product_cat-buy-xtc","9":"product_cat-energy-pills","10":"product_cat-party","11":"product_cat-party-pills","12":"product_cat-smartshop","14":"first","15":"instock","16":"taxable","17":"shipping-taxable","18":"purchasable","19":"product-type-variable","20":"has-default-attributes"},"_links":{"self":[{"href":"https:\/\/www.tatanka.nl\/it\/wp-json\/wp\/v2\/product\/37822","targetHints":{"allow":["GET"]}}],"collection":[{"href":"https:\/\/www.tatanka.nl\/it\/wp-json\/wp\/v2\/product"}],"about":[{"href":"https:\/\/www.tatanka.nl\/it\/wp-json\/wp\/v2\/types\/product"}],"wp:featuredmedia":[{"embeddable":true,"href":"https:\/\/www.tatanka.nl\/it\/wp-json\/wp\/v2\/media\/37832"}],"wp:attachment":[{"href":"https:\/\/www.tatanka.nl\/it\/wp-json\/wp\/v2\/media?parent=37822"}],"wp:term":[{"taxonomy":"product_brand","embeddable":true,"href":"https:\/\/www.tatanka.nl\/it\/wp-json\/wp\/v2\/product_brand?post=37822"},{"taxonomy":"product_cat","embeddable":true,"href":"https:\/\/www.tatanka.nl\/it\/wp-json\/wp\/v2\/product_cat?post=37822"},{"taxonomy":"product_tag","embeddable":true,"href":"https:\/\/www.tatanka.nl\/it\/wp-json\/wp\/v2\/product_tag?post=37822"}],"curies":[{"name":"wp","href":"https:\/\/api.w.org\/{rel}","templated":true}]}}