{"id":42171,"date":"2022-03-08T11:57:02","date_gmt":"2022-03-08T09:57:02","guid":{"rendered":"https:\/\/www.tatanka.nl\/product\/green-borneo-kratom\/"},"modified":"2025-11-18T15:37:51","modified_gmt":"2025-11-18T14:37:51","slug":"green-borneo-kratom","status":"publish","type":"product","link":"https:\/\/www.tatanka.nl\/it\/green-borneo-kratom\/","title":{"rendered":"Green Borneo Kratom"},"content":{"rendered":"<h2 data-start=\"0\" data-end=\"40\">Che cos'\u00e8 Kratopia Green Borneo Kratom?<\/h2>\n<p data-start=\"42\" data-end=\"795\">Kratopia Green Borneo Kratom \u00e8 una variet\u00e0 mite ed energizzante originaria dell'isola del Borneo, nel sud-est asiatico. A differenza delle sue pi\u00f9 potenti controparti rosse e bianche, la Green Borneo offre un effetto equilibrato che favorisce la concentrazione e la motivazione senza sopraffare l'utente. Questa variet\u00e0 \u00e8 nota per il suo complesso profilo di alcaloidi, che contribuisce alle sue propriet\u00e0 stimolanti, rendendola un'ottima scelta per chi \u00e8 alla ricerca di una spinta energetica naturale e di un senso di benessere. Spesso consumata sotto forma di t\u00e8, la Green Borneo \u00e8 facile da incorporare nella routine quotidiana ed \u00e8 un'opzione versatile sia per i nuovi che per i pi\u00f9 esperti consumatori di kratom. Fornisce un'esperienza pi\u00f9 fluida e controllata, rendendola un'alternativa popolare alla caffeina per mantenere la vigilanza durante la giornata.<\/p>\n<h2 data-start=\"797\" data-end=\"839\">Storia di Kratopia Green Borneo Kratom<\/h2>\n<p data-start=\"841\" data-end=\"1704\">La storia del Green Borneo Kratom \u00e8 profondamente radicata nelle pratiche tradizionali del sud-est asiatico, in particolare nell'isola del Borneo. Le popolazioni indigene hanno usato a lungo il kratom per i suoi benefici medicinali, affidandosi alle sue propriet\u00e0 per trattare una variet\u00e0 di disturbi. Il Borneo verde, in particolare, \u00e8 riconosciuto per la sua capacit\u00e0 di offrire effetti sia stimolanti che rilassanti. Il clima tropicale e umido del Borneo \u00e8 ideale per la coltivazione di kratom di alta qualit\u00e0 e la regione \u00e8 diventata famosa nella comunit\u00e0 mondiale del kratom per la produzione di questa variet\u00e0 unica. Sebbene le variet\u00e0 di kratom rosso e bianco siano pi\u00f9 comunemente conosciute, il Green Borneo ha guadagnato costantemente popolarit\u00e0 grazie ai suoi effetti equilibrati. La sua versatilit\u00e0 e la sua potenza moderata l'hanno resa un punto fermo sia nella comunit\u00e0 di ricerca sul kratom che tra i consumatori alla ricerca di un'esperienza di kratom pi\u00f9 raffinata.<\/p>\n<h2 data-start=\"1706\" data-end=\"1748\">Come utilizzare Kratopia Green Borneo Kratom<\/h2>\n<p data-start=\"1750\" data-end=\"2714\">Il modo pi\u00f9 comune di gustare l'Kratopia Green Borneo Kratom \u00e8 quello di prepararlo come t\u00e8. Per preparare il t\u00e8, sciogliere da 4 a 5 grammi di polvere di Green Borneo Kratom in acqua calda (tra 70 e 95 gradi Celsius). Lasciare in infusione il t\u00e8 per 3-5 minuti, lasciando che gli alcaloidi si diffondano completamente nell'acqua. Dopo la macerazione, non \u00e8 necessario filtrare il t\u00e8: basta bere l'intera miscela. Molti utenti migliorano il sapore aggiungendo miele o sciroppo. Se siete alle prime armi con il Borneo verde, \u00e8 meglio iniziare con un dosaggio pi\u00f9 basso e regolarlo gradualmente in base alla risposta del vostro corpo. Un dosaggio tipico di 4-5 grammi \u00e8 di solito sufficiente per ottenere un leggero effetto energizzante. Poich\u00e9 gli effetti possono variare a seconda di fattori come il peso corporeo e la potenza del kratom, si raccomanda sempre di iniziare lentamente e di trovare gradualmente la giusta quantit\u00e0 che funziona per voi. L'Green Borneo Kratom \u00e8 la scelta ideale per coloro che desiderano una spinta energetica dolce e naturale senza gli effetti collaterali della caffeina.<\/p>\n<h2 data-start=\"2716\" data-end=\"2762\">Ingredienti di Kratopia Green Borneo Kratom<\/h2>\n<p data-start=\"2764\" data-end=\"3609\">L'ingrediente principale della Kratopia Green Borneo Kratom \u00e8 la Mitragyna speciosa, un albero tropicale originario del sud-est asiatico. Le foglie di questo albero contengono potenti alcaloidi, in particolare la mitraginina, responsabile degli effetti energizzanti della variet\u00e0. Il Green Borneo si distingue per il suo profilo alcaloide ben bilanciato, che offre una stimolazione moderata senza essere eccessivamente intenso. Rispetto ad altre variet\u00e0 di kratom, Green Borneo contiene livelli pi\u00f9 elevati di mitraginina, che contribuiscono al suo impatto lieve ma efficace. Le foglie vengono raccolte con cura e sottoposte a una lavorazione minima per preservare il loro contenuto naturale di alcaloidi. Questa composizione equilibrata rende la Green Borneo Kratom una scelta affidabile e popolare sia tra i principianti che tra gli utenti esperti, offrendo un'esperienza costante che pu\u00f2 migliorare la concentrazione, l'energia e il benessere generale.<\/p>\n<p data-start=\"3611\" data-end=\"3621\"><strong>Avvertenze<\/strong><\/p>\n<p data-start=\"3623\" data-end=\"3947\" data-is-last-node=\"\">La vendita e l'uso di Kratopia Green Borneo Kratom sono vietati ai minori di 18 anni. Tenere fuori dalla portata dei bambini. Non utilizzare in caso di pressione alta o bassa, problemi cardiaci o polmonari, diabete, gravidanza o assunzione di farmaci, droghe o alcol. Consultare sempre un medico prima dell'uso.<\/p>","protected":false},"excerpt":{"rendered":"<p>Green Borneo Kratom \u00e8 un'ottima variet\u00e0 di kratom a vena verde rivitalizzante e che riduce la fatica, amata da chi cerca un mix di relax ed energia. Essendo una pianta di kratom dal lato \"verde\" della famiglia, il kratom del Borneo \u00e8 una scelta perfetta per coloro che cercano una variet\u00e0 di kratom pomeridiano di media potenza per alleviare lo stress senza perdere troppa produttivit\u00e0!<\/p>","protected":false},"featured_media":126064,"template":"","meta":[],"product_brand":[],"product_cat":[599,297,512,477,509,510,511,476],"product_tag":[],"class_list":{"0":"post-42171","1":"product","2":"type-product","3":"status-publish","4":"has-post-thumbnail","6":"product_cat-kratopia","7":"product_cat-all-products","8":"product_cat-extracts","9":"product_cat-herbs","10":"product_cat-kratom","11":"product_cat-relax","12":"product_cat-relax-herbs","13":"product_cat-smartshop","14":"product_shipping_class-creditcard-off","16":"first","17":"instock","18":"taxable","19":"shipping-taxable","20":"purchasable","21":"product-type-variable","22":"has-default-attributes"},"_links":{"self":[{"href":"https:\/\/www.tatanka.nl\/it\/wp-json\/wp\/v2\/product\/42171","targetHints":{"allow":["GET"]}}],"collection":[{"href":"https:\/\/www.tatanka.nl\/it\/wp-json\/wp\/v2\/product"}],"about":[{"href":"https:\/\/www.tatanka.nl\/it\/wp-json\/wp\/v2\/types\/product"}],"wp:featuredmedia":[{"embeddable":true,"href":"https:\/\/www.tatanka.nl\/it\/wp-json\/wp\/v2\/media\/126064"}],"wp:attachment":[{"href":"https:\/\/www.tatanka.nl\/it\/wp-json\/wp\/v2\/media?parent=42171"}],"wp:term":[{"taxonomy":"product_brand","embeddable":true,"href":"https:\/\/www.tatanka.nl\/it\/wp-json\/wp\/v2\/product_brand?post=42171"},{"taxonomy":"product_cat","embeddable":true,"href":"https:\/\/www.tatanka.nl\/it\/wp-json\/wp\/v2\/product_cat?post=42171"},{"taxonomy":"product_tag","embeddable":true,"href":"https:\/\/www.tatanka.nl\/it\/wp-json\/wp\/v2\/product_tag?post=42171"}],"curies":[{"name":"wp","href":"https:\/\/api.w.org\/{rel}","templated":true}]}}