{"id":42173,"date":"2022-03-08T11:57:02","date_gmt":"2022-03-08T09:57:02","guid":{"rendered":"https:\/\/www.tatanka.nl\/product\/red-bali-kratom\/"},"modified":"2025-11-18T15:37:52","modified_gmt":"2025-11-18T14:37:52","slug":"red-bali-kratom","status":"publish","type":"product","link":"https:\/\/www.tatanka.nl\/it\/red-bali-kratom\/","title":{"rendered":"Red Bali Kratom"},"content":{"rendered":"<h2 data-start=\"0\" data-end=\"36\">Che cos'\u00e8 Kratopia Red Bali Kratom?<\/h2>\n<p data-start=\"38\" data-end=\"756\">Kratopia Red Bali Kratom \u00e8 una variet\u00e0 molto popolare, nota per i suoi effetti a tutto tondo, che la rendono una scelta ideale per i principianti. Offre un'esperienza equilibrata, agendo sia come stimolante dell'umore che come leggero antidolorifico. La Red Bali Kratom \u00e8 favorita per il suo gusto pi\u00f9 morbido, meno amaro di molte altre variet\u00e0, che la rende pi\u00f9 appetibile per i nuovi consumatori. Viene comunemente usata per migliorare le interazioni sociali, facendo sentire gli individui pi\u00f9 connessi ed empatici, migliorando le loro esperienze sociali. Oltre ai suoi benefici sociali, aiuta a promuovere il rilassamento e fornisce sollievo dal disagio fisico. Kratopia Red Bali Kratom \u00e8 un'opzione eccellente per chi cerca una variet\u00e0 di kratom versatile e rilassante.<\/p>\n<h2 data-start=\"758\" data-end=\"796\">Storia di Kratopia Red Bali Kratom<\/h2>\n<p data-start=\"798\" data-end=\"1574\">La Red Bali Kratom ha radici profonde nel sud-est asiatico, in particolare in Indonesia, dove la variet\u00e0 prende il nome, nonostante Bali non sia una regione di coltivazione del kratom. La variet\u00e0 \u00e8 una miscela di foglie provenienti da diversi alberi di kratom del sud-est asiatico. Storicamente, la Red Bali Kratom \u00e8 stata utilizzata per le sue propriet\u00e0 calmanti e medicinali, aiutando i locali a gestire il dolore, alleviare lo stress e migliorare l'umore. Era anche apprezzato come stimolante sociale, favorendo la facilit\u00e0 e la connessione tra gli individui. Nel corso del tempo, quando il kratom ha guadagnato popolarit\u00e0 in Occidente, il Red Bali \u00e8 diventato uno dei ceppi pi\u00f9 riconosciuti grazie ai suoi effetti lievi e ai suoi benefici bilanciati. Oggi, Kratopia Red Bali Kratom continua a essere la scelta migliore per chi cerca alternative naturali per alleviare il dolore e migliorare l'umore.<\/p>\n<h2 data-start=\"1576\" data-end=\"1614\">Come utilizzare Kratopia Red Bali Kratom<\/h2>\n<p data-start=\"1616\" data-end=\"2528\">L'uso di Kratopia Red Bali Kratom \u00e8 semplice e piacevole, spesso sotto forma di t\u00e8 rilassante. Per prepararlo, sciogliere da 4 a 5 grammi di polvere di Red Bali Kratom in acqua calda, mantenendo la temperatura dell'acqua tra i 70 e i 95 gradi Celsius. Lasciare in infusione il t\u00e8 per circa 3-5 minuti per consentire al kratom di rilasciare i suoi alcaloidi benefici. Non \u00e8 necessario filtrare il t\u00e8, poich\u00e9 tutte le parti della miscela sono sicure da consumare. Per chi si avvicina per la prima volta al kratom, si consiglia di iniziare con una dose minore per valutare la reazione del corpo alla variet\u00e0. Il gusto morbido della Red Bali Kratom la rende una buona opzione per i neofiti e, col tempo, gli utenti possono regolare il dosaggio in base alla loro sensibilit\u00e0 e agli effetti desiderati. Un effetto leggero pu\u00f2 essere ottenuto con meno di 3 grammi, mentre chi cerca un effetto pi\u00f9 forte pu\u00f2 aumentare il dosaggio a 5-6 grammi. Indipendentemente dal dosaggio, Kratopia Red Bali Kratom offre un'esperienza delicata e in grado di migliorare l'umore.<\/p>\n<h2 data-start=\"2530\" data-end=\"2572\">Ingredienti di Kratopia Red Bali Kratom<\/h2>\n<p data-start=\"2574\" data-end=\"3510\">L'ingrediente chiave di Kratopia Red Bali Kratom \u00e8 la Mitragyna speciosa, un albero tropicale originario del sud-est asiatico. Le foglie della Mitragyna speciosa vengono raccolte, essiccate e trasformate in polvere di kratom. L'Red Bali Kratom proviene specificamente da foglie accuratamente selezionate di vari alberi di kratom provenienti da diverse regioni del Sud-Est asiatico. Dopo l'essiccazione, le foglie vengono sottoposte a un leggero processo di fermentazione che ne aumenta il contenuto di alcaloidi e conferisce al Red Bali i suoi effetti distintivi. Gli alcaloidi principali della Red Bali Kratom sono la mitraginina e la 7-idrossimetraginina, che interagiscono con i recettori dell'organismo per promuovere il benessere, aumentare l'energia e alleviare il dolore. La combinazione bilanciata di questi alcaloidi si traduce in un'esperienza dolce e delicata, perfetta per le interazioni sociali e per alleviare il disagio fisico. Kratopia Red Bali Kratom \u00e8 una scelta popolare per i consumatori di kratom, sia nuovi che esperti, grazie ai suoi benefici a tutto tondo.<\/p>\n<p data-start=\"3512\" data-end=\"3522\"><strong>Avvertenze<\/strong><\/p>\n<p data-start=\"3524\" data-end=\"3844\" data-is-last-node=\"\">La vendita e l'uso di Kratopia Red Bali Kratom sono vietati ai minori di 18 anni. Tenere fuori dalla portata dei bambini. Non utilizzare in caso di pressione alta o bassa, problemi cardiaci o polmonari, diabete, gravidanza o assunzione di farmaci, droghe o alcol. Consultare sempre un medico prima dell'uso.<\/p>","protected":false},"excerpt":{"rendered":"<p>Chi cerca il massimo livello di effetti rilassanti del kratom ama la variet\u00e0 Red Bali Kratom! Raccomandiamo questa variet\u00e0 come una grande variet\u00e0 rilassante serale per coloro che cercano di lasciarsi completamente alle spalle le preoccupazioni e di liberarsi di qualsiasi stress. Si tratta di una variet\u00e0 a vena rossa, quindi sapete che vi lascer\u00e0 completamente rilassati e, in ultima analisi, al massimo!<\/p>","protected":false},"featured_media":126061,"template":"","meta":[],"product_brand":[],"product_cat":[599,297,512,477,509,510,511,476],"product_tag":[],"class_list":{"0":"post-42173","1":"product","2":"type-product","3":"status-publish","4":"has-post-thumbnail","6":"product_cat-kratopia","7":"product_cat-all-products","8":"product_cat-extracts","9":"product_cat-herbs","10":"product_cat-kratom","11":"product_cat-relax","12":"product_cat-relax-herbs","13":"product_cat-smartshop","14":"product_shipping_class-creditcard-off","16":"first","17":"instock","18":"taxable","19":"shipping-taxable","20":"purchasable","21":"product-type-variable","22":"has-default-attributes"},"_links":{"self":[{"href":"https:\/\/www.tatanka.nl\/it\/wp-json\/wp\/v2\/product\/42173","targetHints":{"allow":["GET"]}}],"collection":[{"href":"https:\/\/www.tatanka.nl\/it\/wp-json\/wp\/v2\/product"}],"about":[{"href":"https:\/\/www.tatanka.nl\/it\/wp-json\/wp\/v2\/types\/product"}],"wp:featuredmedia":[{"embeddable":true,"href":"https:\/\/www.tatanka.nl\/it\/wp-json\/wp\/v2\/media\/126061"}],"wp:attachment":[{"href":"https:\/\/www.tatanka.nl\/it\/wp-json\/wp\/v2\/media?parent=42173"}],"wp:term":[{"taxonomy":"product_brand","embeddable":true,"href":"https:\/\/www.tatanka.nl\/it\/wp-json\/wp\/v2\/product_brand?post=42173"},{"taxonomy":"product_cat","embeddable":true,"href":"https:\/\/www.tatanka.nl\/it\/wp-json\/wp\/v2\/product_cat?post=42173"},{"taxonomy":"product_tag","embeddable":true,"href":"https:\/\/www.tatanka.nl\/it\/wp-json\/wp\/v2\/product_tag?post=42173"}],"curies":[{"name":"wp","href":"https:\/\/api.w.org\/{rel}","templated":true}]}}