{"id":42174,"date":"2022-03-08T11:57:03","date_gmt":"2022-03-08T09:57:03","guid":{"rendered":"https:\/\/www.tatanka.nl\/product\/red-borneo-kratom\/"},"modified":"2026-03-02T00:48:38","modified_gmt":"2026-03-01T23:48:38","slug":"red-borneo-kratom","status":"publish","type":"product","link":"https:\/\/www.tatanka.nl\/it\/red-borneo-kratom\/","title":{"rendered":"Red Borneo Kratom"},"content":{"rendered":"<h2 data-start=\"0\" data-end=\"29\">Che cos'\u00e8 l'Red Borneo Kratom?<\/h2>\n<p data-start=\"31\" data-end=\"804\">La Red Borneo Kratom \u00e8 una variet\u00e0 unica originaria della parte indonesiana del Borneo, nota come Kalimantan. Ha un profondo significato culturale ed \u00e8 ampiamente venerata per i suoi benefici naturali per la salute. Tradizionalmente, gli abitanti di Kalimantan usavano il kratom in varie forme, compreso il fumo delle foglie essiccate. Oggi \u00e8 pi\u00f9 comunemente preparato in un t\u00e8 rilassante ed energizzante. Le foglie sono sottoposte a un periodo di essiccazione pi\u00f9 lungo, seguito da una leggera fermentazione, che ne aumenta il contenuto naturale di alcaloidi. La Red Borneo Kratom \u00e8 nota per i suoi effetti equilibrati, offrendo una spinta energetica pi\u00f9 dolce e rilassata rispetto ad altre variet\u00e0 di kratom. \u00c8 un'ottima scelta per coloro che sono alla ricerca di un ricostituente naturale che favorisca anche il miglioramento dell'umore e la concentrazione, senza l'intensit\u00e0 delle variet\u00e0 pi\u00f9 forti.<\/p>\n<h2 data-start=\"806\" data-end=\"837\">Storia di Red Borneo Kratom<\/h2>\n<p data-start=\"839\" data-end=\"1691\">La storia del Red Borneo Kratom \u00e8 profondamente radicata nelle tradizioni delle popolazioni indigene del Kalimantan. Per secoli, il kratom \u00e8 stato considerato un potente rimedio per vari problemi di salute. Gli abitanti del luogo chiamavano le foglie \"foglie celesti\", sottolineando la loro fiducia nelle propriet\u00e0 curative della pianta. Tradizionalmente, le foglie venivano consumate in diversi modi, compreso il fumo di sigarette fatte in casa. Nel corso del tempo, tuttavia, la pratica di preparare il t\u00e8 con le foglie \u00e8 diventata pi\u00f9 comune grazie ai suoi effetti controllati e lenitivi. Le foglie utilizzate per l'Red Borneo Kratom sono state accuratamente selezionate per il loro processo di essiccazione pi\u00f9 lungo e per la fermentazione delicata, che aumenta il contenuto di alcaloidi, determinando le propriet\u00e0 distintive della variet\u00e0. Con il diffondersi della sua popolarit\u00e0, la Red Borneo Kratom ha ottenuto un riconoscimento globale per i suoi benefici equilibrati ed efficaci.<\/p>\n<h2 data-start=\"1693\" data-end=\"1724\">Come utilizzare Red Borneo Kratom<\/h2>\n<p data-start=\"1726\" data-end=\"2567\">L'Red Borneo Kratom si gusta al meglio come t\u00e8 calmante. Per preparare il t\u00e8, sciogliere da 4 a 5 grammi di polvere di kratom in acqua calda (tra i 70 e i 95 gradi Celsius) e lasciare in infusione per 3-5 minuti per consentire agli alcaloidi di infondersi completamente. Non \u00e8 necessario filtrare il t\u00e8, poich\u00e9 tutte le parti del kratom possono essere consumate. Quando si usa la Red Borneo Kratom per la prima volta, \u00e8 importante iniziare con una dose minore per valutare la reazione del corpo, poich\u00e9 gli effetti possono variare in base alla tolleranza individuale. Per molti utenti, da 3 a 5 grammi forniscono un effetto lieve, mentre gli utenti pi\u00f9 esperti possono richiedere una dose leggermente superiore. Nota per i suoi effetti equilibrati, la Red Borneo Kratom \u00e8 ideale per l'uso diurno e come stimolante naturale dell'umore. Come per qualsiasi prodotto a base di kratom, \u00e8 essenziale farne un uso responsabile per evitare di sviluppare una tolleranza o sperimentare effetti collaterali indesiderati.<\/p>\n<h2 data-start=\"2569\" data-end=\"2604\">Ingredienti di Red Borneo Kratom<\/h2>\n<p data-start=\"2606\" data-end=\"3475\">L'ingrediente principale di Red Borneo Kratom \u00e8 la Mitragyna speciosa, un albero tropicale originario del sud-est asiatico. Le foglie di questo albero vengono raccolte, essiccate e trasformate nella polvere di kratom utilizzata nell'integratore. L'Red Borneo Kratom \u00e8 sottoposto a un processo di essiccazione e fermentazione unico nel suo genere, che aumenta il contenuto di alcaloidi delle foglie, garantendo un effetto pi\u00f9 potente ed equilibrato. Gli alcaloidi principali presenti in Red Borneo Kratom sono la mitraginina e la 7-idrossimetraginina, che interagiscono con i recettori dell'organismo per promuovere sensazioni di benessere, aumento dell'energia e sollievo dal disagio. Il processo di fermentazione \u00e8 fondamentale per sviluppare gli effetti distinti del Red Borneo e l'alta qualit\u00e0 delle foglie assicura che il kratom mantenga la sua potenza. Consumata come t\u00e8 o in altre forme, la Red Borneo Kratom fornisce una spinta energetica naturale con propriet\u00e0 calmanti.<\/p>\n<p data-start=\"3477\" data-end=\"3487\"><strong>Avvertenze<\/strong><\/p>\n<p data-start=\"3489\" data-end=\"3802\" data-is-last-node=\"\">La vendita e l'uso di Red Borneo Kratom sono vietati ai minori di 18 anni. Tenere fuori dalla portata dei bambini. Non utilizzare in caso di pressione alta o bassa, problemi cardiaci o polmonari, diabete, gravidanza o assunzione di farmaci, droghe o alcol. Consultare sempre un medico prima dell'uso.<\/p>","protected":false},"excerpt":{"rendered":"<p>Il kratom Red Borneo \u00e8 una variet\u00e0 di kratom a vena rossa di lunga durata, amata da chi cerca effetti di kratom che durino a lungo. Questo la rende una variet\u00e0 di kratom perfetta per coloro che amano gli effetti del kratom pi\u00f9 blandi ma duraturi o che desiderano un po' di kratom durante tutta la giornata. Il Red Borneo d\u00e0 una spinta rilassante di lunga durata che \u00e8 amata da molti!<\/p>","protected":false},"featured_media":126055,"template":"","meta":[],"product_brand":[],"product_cat":[599,297,512,477,509,510,511,476],"product_tag":[],"class_list":{"0":"post-42174","1":"product","2":"type-product","3":"status-publish","4":"has-post-thumbnail","6":"product_cat-kratopia","7":"product_cat-all-products","8":"product_cat-extracts","9":"product_cat-herbs","10":"product_cat-kratom","11":"product_cat-relax","12":"product_cat-relax-herbs","13":"product_cat-smartshop","14":"product_shipping_class-creditcard-off","16":"first","17":"instock","18":"taxable","19":"shipping-taxable","20":"purchasable","21":"product-type-variable","22":"has-default-attributes"},"_links":{"self":[{"href":"https:\/\/www.tatanka.nl\/it\/wp-json\/wp\/v2\/product\/42174","targetHints":{"allow":["GET"]}}],"collection":[{"href":"https:\/\/www.tatanka.nl\/it\/wp-json\/wp\/v2\/product"}],"about":[{"href":"https:\/\/www.tatanka.nl\/it\/wp-json\/wp\/v2\/types\/product"}],"wp:featuredmedia":[{"embeddable":true,"href":"https:\/\/www.tatanka.nl\/it\/wp-json\/wp\/v2\/media\/126055"}],"wp:attachment":[{"href":"https:\/\/www.tatanka.nl\/it\/wp-json\/wp\/v2\/media?parent=42174"}],"wp:term":[{"taxonomy":"product_brand","embeddable":true,"href":"https:\/\/www.tatanka.nl\/it\/wp-json\/wp\/v2\/product_brand?post=42174"},{"taxonomy":"product_cat","embeddable":true,"href":"https:\/\/www.tatanka.nl\/it\/wp-json\/wp\/v2\/product_cat?post=42174"},{"taxonomy":"product_tag","embeddable":true,"href":"https:\/\/www.tatanka.nl\/it\/wp-json\/wp\/v2\/product_tag?post=42174"}],"curies":[{"name":"wp","href":"https:\/\/api.w.org\/{rel}","templated":true}]}}