{"id":42176,"date":"2022-03-08T11:57:03","date_gmt":"2022-03-08T09:57:03","guid":{"rendered":"https:\/\/www.tatanka.nl\/product\/super-bali-gold-kratom\/"},"modified":"2025-11-18T15:37:49","modified_gmt":"2025-11-18T14:37:49","slug":"super-bali-gold-kratom","status":"publish","type":"product","link":"https:\/\/www.tatanka.nl\/it\/super-bali-gold-kratom\/","title":{"rendered":"Super Bali Gold Kratom"},"content":{"rendered":"<h2 data-start=\"0\" data-end=\"43\">Che cos'\u00e8 Kratopia Super Bali Gold Kratom?<\/h2>\n<p data-start=\"45\" data-end=\"978\">Kratopia Super Bali Gold Kratom \u00e8 una miscela appositamente studiata per fornire effetti specifici, tra cui il miglioramento dell'umore e il sollievo dal dolore. Nota per le sue propriet\u00e0 rilassanti, questa variet\u00e0 \u00e8 riconosciuta per la sua potente amarezza, motivo per cui viene spesso consumata con un dolcificante, come il miele, per mascherarne il sapore. La miscela deriva da un mix di foglie di Kratom provenienti da diverse regioni, offrendo una combinazione unica di benefici terapeutici e calmanti. La Super Bali Gold Kratom \u00e8 popolare non solo per i suoi effetti fisici, ma anche per la sua capacit\u00e0 di migliorare il benessere mentale, aiutando gli utenti a trovare sollievo da stress, ansia e disagio. Sebbene sia originaria di Bali - dove gli alberi di Kratom non sono nativi - il nome persiste per riflettere le sue radici storiche. Oggi la maggior parte della Kratom viene esportata da Kalimantan, in Indonesia, ma la Super Bali Gold Kratom continua a essere una delle preferite da chi cerca un'esperienza equilibrata e rilassante.<\/p>\n<h2 data-start=\"980\" data-end=\"1025\">Storia di Kratopia Super Bali Gold Kratom<\/h2>\n<p data-start=\"1027\" data-end=\"1535\">Kratopia Super Bali Gold Kratom ha una storia interessante che risale a Bali, una regione un tempo nota per l'esportazione di prodotti Kratom. Tuttavia, a Bali non ci sono alberi di Kratom nativi. Invece, i commercianti locali mescolavano foglie provenienti da vari paesi e regioni per creare miscele che avevano effetti specifici, come il rilassamento e il sollievo dal dolore. La Super Bali Gold Kratom \u00e8 una di queste miscele, nota per la sua capacit\u00e0 di rispondere a esigenze particolari come la riduzione dello stress e la promozione di un senso di benessere.<\/p>\n<p data-start=\"1537\" data-end=\"1997\">Nel corso del tempo, Bali \u00e8 diventata sinonimo di Kratom di alta qualit\u00e0, anche se oggi la maggior parte del Kratom proviene principalmente da Kalimantan, in Indonesia, dove gli alberi di Kratom sono abbondanti. La tradizione di selezionare le foglie e creare miscele uniche ha permesso a Bali di mantenere la sua reputazione nel commercio del Kratom per molti anni. Oggi, l'Super Bali Gold Kratom \u00e8 ancora molto apprezzato per i suoi effetti calmanti, e molti consumatori vi fanno affidamento per alleviare lo stress e favorire il rilassamento.<\/p>\n<h2 data-start=\"1999\" data-end=\"2044\">Come utilizzare Kratopia Super Bali Gold Kratom<\/h2>\n<p data-start=\"2046\" data-end=\"2378\">L'uso di Kratopia Super Bali Gold Kratom \u00e8 semplice e immediato. Il metodo di consumo pi\u00f9 comune \u00e8 la preparazione di un t\u00e8. Per preparare il t\u00e8, sciogliere 4 o 5 grammi di polvere di Kratom in acqua calda (70-95\u00b0C) e lasciare in infusione per 3 o 5 minuti. Non \u00e8 necessario filtrare il t\u00e8, poich\u00e9 si pu\u00f2 consumare l'intera miscela.<\/p>\n<p data-start=\"2380\" data-end=\"2891\">Come con qualsiasi prodotto Kratom, \u00e8 essenziale iniziare con una dose inferiore per valutare la risposta del corpo prima di regolare il dosaggio. Per i nuovi utenti, il dosaggio tipico \u00e8 di 3-5 grammi di polvere, ma gli utenti pi\u00f9 esperti possono scoprire di aver bisogno di un dosaggio leggermente superiore per ottenere gli effetti desiderati. La Super Bali Gold Kratom va consumata in modo responsabile e con moderazione, poich\u00e9 dosi pi\u00f9 elevate possono provocare effetti pi\u00f9 sedativi. Assicurarsi sempre di seguire il dosaggio raccomandato in base al peso corporeo e alle esigenze individuali.<\/p>\n<h2 data-start=\"2893\" data-end=\"2942\">Ingredienti di Kratopia Super Bali Gold Kratom<\/h2>\n<p data-start=\"2944\" data-end=\"3394\">L'ingrediente principale della Kratopia Super Bali Gold Kratom \u00e8 la Mitragyna speciosa, un albero tropicale originario del sud-est asiatico. Le foglie di questo albero vengono raccolte e lavorate per creare la polvere Kratom. I diversi ceppi di Kratom sono noti per i loro profili alcaloidi unici, che ne determinano gli effetti. L'Super Bali Gold Kratom combina foglie provenienti da diverse regioni per creare una miscela bilanciata con maggiori propriet\u00e0 di migliorare l'umore e alleviare il dolore.<\/p>\n<p data-start=\"3396\" data-end=\"3882\">Questa particolare variet\u00e0 \u00e8 nota per il suo sapore forte e amaro, motivo per cui molti consumatori la mescolano con miele o altri dolcificanti. Anche se l'esatta miscela di foglie utilizzata in Super Bali Gold \u00e8 proprietaria, l'ingrediente principale \u00e8 sempre la Mitragyna speciosa, una pianta utilizzata da secoli per i suoi benefici medicinali. \u00c8 importante notare che Kratopia Super Bali Gold \u00e8 un integratore a base di erbe e deve essere usato con cautela, soprattutto se si \u00e8 alle prime armi con Kratom o se si hanno condizioni di salute esistenti.<\/p>\n<p data-start=\"3884\" data-end=\"3894\"><strong>Avvertenze<\/strong><\/p>\n<p data-start=\"3896\" data-end=\"4243\" data-is-last-node=\"\">La vendita e l'uso di Kratopia Super Bali Gold Kratom sono vietati ai minori di 18 anni. Tenere fuori dalla portata dei bambini. Non utilizzare in caso di pressione alta o bassa, problemi cardiaci o polmonari, diabete, gravidanza o assunzione di farmaci, droghe o alcol. Consultare sempre un medico prima di utilizzare qualsiasi integratore.<\/p>","protected":false},"excerpt":{"rendered":"<p>L'oro potrebbe non essere nello spettro dei ceppi di kratom bianco, rosso e verde, ma \u00e8 un ottimo mix di diversi ceppi di kratom che mira a migliorare la concentrazione e a mantenere la produttivit\u00e0. Non dimenticate che tutto sta nel dosaggio, ma con una piccola quantit\u00e0 sarete pronti a rimanere motivati, energizzati e pronti a conquistare il mondo. Ottimo mix di ceppi per i dipendenti dalla produttivit\u00e0 e per i tipi creativi!<\/p>","protected":false},"featured_media":126049,"template":"","meta":[],"product_brand":[],"product_cat":[599,297,512,477,509,510,511,476],"product_tag":[],"class_list":{"0":"post-42176","1":"product","2":"type-product","3":"status-publish","4":"has-post-thumbnail","6":"product_cat-kratopia","7":"product_cat-all-products","8":"product_cat-extracts","9":"product_cat-herbs","10":"product_cat-kratom","11":"product_cat-relax","12":"product_cat-relax-herbs","13":"product_cat-smartshop","14":"product_shipping_class-creditcard-off","16":"first","17":"instock","18":"taxable","19":"shipping-taxable","20":"purchasable","21":"product-type-variable","22":"has-default-attributes"},"_links":{"self":[{"href":"https:\/\/www.tatanka.nl\/it\/wp-json\/wp\/v2\/product\/42176","targetHints":{"allow":["GET"]}}],"collection":[{"href":"https:\/\/www.tatanka.nl\/it\/wp-json\/wp\/v2\/product"}],"about":[{"href":"https:\/\/www.tatanka.nl\/it\/wp-json\/wp\/v2\/types\/product"}],"wp:featuredmedia":[{"embeddable":true,"href":"https:\/\/www.tatanka.nl\/it\/wp-json\/wp\/v2\/media\/126049"}],"wp:attachment":[{"href":"https:\/\/www.tatanka.nl\/it\/wp-json\/wp\/v2\/media?parent=42176"}],"wp:term":[{"taxonomy":"product_brand","embeddable":true,"href":"https:\/\/www.tatanka.nl\/it\/wp-json\/wp\/v2\/product_brand?post=42176"},{"taxonomy":"product_cat","embeddable":true,"href":"https:\/\/www.tatanka.nl\/it\/wp-json\/wp\/v2\/product_cat?post=42176"},{"taxonomy":"product_tag","embeddable":true,"href":"https:\/\/www.tatanka.nl\/it\/wp-json\/wp\/v2\/product_tag?post=42176"}],"curies":[{"name":"wp","href":"https:\/\/api.w.org\/{rel}","templated":true}]}}