{"id":42177,"date":"2022-03-08T11:57:03","date_gmt":"2022-03-08T09:57:03","guid":{"rendered":"https:\/\/www.tatanka.nl\/product\/white-bali-kratom\/"},"modified":"2025-11-18T15:37:48","modified_gmt":"2025-11-18T14:37:48","slug":"white-bali-kratom","status":"publish","type":"product","link":"https:\/\/www.tatanka.nl\/it\/white-bali-kratom\/","title":{"rendered":"White Bali Kratom"},"content":{"rendered":"<h2 data-start=\"0\" data-end=\"29\">Che cos'\u00e8 l'White Bali Kratom?<\/h2>\n<p data-start=\"31\" data-end=\"438\">La White Bali Kratom \u00e8 una variet\u00e0 dell'albero Mitragyna speciosa, originario del sud-est asiatico. Come le altre variet\u00e0 Kratom, deriva dalle foglie dell'albero Kratom, ma i suoi effetti energizzanti ed euforici unici derivano da metodi di raccolta e lavorazione specifici. La White Bali Kratom \u00e8 rinomata per la sua capacit\u00e0 di aumentare l'energia e migliorare l'umore, rendendola una delle variet\u00e0 Kratom pi\u00f9 popolari al mondo.<\/p>\n<p data-start=\"440\" data-end=\"824\">I benefici principali dell'White Bali Kratom comprendono la lotta alla stanchezza, il miglioramento della concentrazione e la promozione di un senso di benessere generale. Gli utilizzatori riferiscono di una maggiore concentrazione, chiarezza mentale e aumento della motivazione dopo il consumo. Questa variet\u00e0 \u00e8 particolarmente apprezzata da coloro che cercano una spinta energetica mentale e fisica per aiutare la produttivit\u00e0 o per iniziare la giornata con una sensazione di freschezza.<\/p>\n<h2 data-start=\"826\" data-end=\"857\">Storia di White Bali Kratom<\/h2>\n<p data-start=\"859\" data-end=\"1172\">La White Bali Kratom ha origine nel sud-est asiatico, dove \u00e8 stata utilizzata per secoli dalle popolazioni indigene per vari scopi medicinali, come il sollievo dal dolore, il miglioramento dell'umore e l'aumento dell'energia. La White Bali Kratom, tuttavia, \u00e8 diventata particolarmente popolare grazie ai suoi effetti energizzanti ed euforizzanti unici.<\/p>\n<p data-start=\"1174\" data-end=\"1676\">Miscela di foglie provenienti dagli alberi Kratom del Borneo, di Sumatra e di Bali, la White Bali Kratom viene accuratamente selezionata in base al contenuto di alcaloidi delle foglie. Il processo di essiccazione, che avviene in loco dove crescono gli alberi, svolge un ruolo cruciale nel preservare la potenza degli alcaloidi e mantenere gli effetti caratteristici della variet\u00e0. Nel corso del tempo, la White Bali Kratom ha guadagnato una notevole popolarit\u00e0 nei mercati occidentali, soprattutto per coloro che cercano uno stimolante naturale senza i rischi delle alternative sintetiche.<\/p>\n<h2 data-start=\"1678\" data-end=\"1709\">Come utilizzare White Bali Kratom<\/h2>\n<p data-start=\"1711\" data-end=\"2027\">Il modo pi\u00f9 comune ed efficace di consumare l'White Bali Kratom \u00e8 la preparazione di un t\u00e8. Per la preparazione, sciogliere 4-5 grammi di polvere di White Bali Kratom in acqua calda (70-95\u00b0C) e lasciare in infusione per 3-5 minuti. Questo metodo consente di sperimentare tutti gli effetti dell'Kratom gustando una bevanda rilassante e saporita.<\/p>\n<p data-start=\"2029\" data-end=\"2296\">Per ottenere risultati ottimali, si consiglia di iniziare con una dose bassa e di aumentarla gradualmente in base alla risposta dell'organismo. Gli effetti energizzanti iniziano in genere entro 15 minuti e possono durare per diverse ore, a seconda di fattori quali il dosaggio, il peso e il metabolismo.<\/p>\n<p data-start=\"2298\" data-end=\"2624\">Alcuni utenti preferiscono mescolare la White Bali Kratom con succhi di frutta o altre bevande per esaltarne il sapore e gli effetti. Sebbene il t\u00e8 sia il metodo preferito, la White Bali Kratom pu\u00f2 essere consumata anche sotto forma di capsule o aggiunta ai frullati. Come per tutti i ceppi di Kratom, \u00e8 importante farne un uso responsabile ed evitare un consumo eccessivo.<\/p>\n<h2 data-start=\"2626\" data-end=\"2661\">Ingredienti di White Bali Kratom<\/h2>\n<p data-start=\"2663\" data-end=\"3080\">L'ingrediente principale dell'White Bali Kratom \u00e8 la foglia in polvere dell'albero Mitragyna speciosa, raccolta da alberi situati nel Borneo, a Sumatra e a Bali. Questi alberi sono stati scelti per il loro elevato contenuto di alcaloidi, che conferiscono all'White Bali Kratom i suoi effetti energizzanti e di miglioramento dell'umore. I principali composti attivi dell'White Bali Kratom sono la mitraginina e la 7-idrossimetraginina, che contribuiscono alle sue propriet\u00e0 stimolanti.<\/p>\n<p data-start=\"3082\" data-end=\"3460\">Dopo la raccolta, le foglie vengono sottoposte a un processo di essiccazione che preserva il contenuto di alcaloidi e garantisce la potenza della variet\u00e0. L'essiccazione avviene tipicamente nell'ambiente naturale degli alberi, contribuendo a mantenere la purezza della pianta. L'accurata selezione e lavorazione della White Bali Kratom le permette di mantenere i suoi effetti unici, offrendo agli utenti una spinta energetica naturale e una migliore concentrazione.<\/p>\n<p data-start=\"3462\" data-end=\"3699\">Essendo un prodotto completamente naturale, White Bali Kratom non contiene sostanze chimiche o additivi artificiali, il che lo rende un'alternativa pulita ed efficace ad altri stimolanti. Rappresenta un'opzione a base vegetale per chi cerca una spinta energetica naturale.<\/p>\n<p data-start=\"3701\" data-end=\"3711\"><strong>Avvertenze<\/strong><\/p>\n<p data-start=\"3713\" data-end=\"4039\" data-is-last-node=\"\">Questo prodotto non \u00e8 destinato all'uso da parte di persone di et\u00e0 inferiore ai 18 anni. Tenere fuori dalla portata dei bambini. Non utilizzare in caso di pressione alta o bassa, patologie cardiache o polmonari, diabete, gravidanza o uso di farmaci, droghe o alcol. Consultare sempre un medico prima di utilizzare qualsiasi integratore.<\/p>","protected":false},"excerpt":{"rendered":"<p>White Bali \u00e8 una variet\u00e0 di kratom perfetta per gli amanti degli effetti del kratom con un focus mite ed energico. Se avete bisogno di un effetto potente, pi\u00f9 forte di quello del caff\u00e8, questa variet\u00e0 \u00e8 in grado di fornirvelo! Preparatevi a un bel ronzio energetico e a un miglioramento del flusso, della concentrazione e della creativit\u00e0. Il kratom White Vein perfetto per i creativi e i fanatici della produttivit\u00e0!<\/p>","protected":false},"featured_media":126046,"template":"","meta":[],"product_brand":[],"product_cat":[599,297,512,477,509,510,511,476],"product_tag":[],"class_list":{"0":"post-42177","1":"product","2":"type-product","3":"status-publish","4":"has-post-thumbnail","6":"product_cat-kratopia","7":"product_cat-all-products","8":"product_cat-extracts","9":"product_cat-herbs","10":"product_cat-kratom","11":"product_cat-relax","12":"product_cat-relax-herbs","13":"product_cat-smartshop","14":"product_shipping_class-creditcard-off","16":"first","17":"instock","18":"taxable","19":"shipping-taxable","20":"purchasable","21":"product-type-variable","22":"has-default-attributes"},"_links":{"self":[{"href":"https:\/\/www.tatanka.nl\/it\/wp-json\/wp\/v2\/product\/42177","targetHints":{"allow":["GET"]}}],"collection":[{"href":"https:\/\/www.tatanka.nl\/it\/wp-json\/wp\/v2\/product"}],"about":[{"href":"https:\/\/www.tatanka.nl\/it\/wp-json\/wp\/v2\/types\/product"}],"wp:featuredmedia":[{"embeddable":true,"href":"https:\/\/www.tatanka.nl\/it\/wp-json\/wp\/v2\/media\/126046"}],"wp:attachment":[{"href":"https:\/\/www.tatanka.nl\/it\/wp-json\/wp\/v2\/media?parent=42177"}],"wp:term":[{"taxonomy":"product_brand","embeddable":true,"href":"https:\/\/www.tatanka.nl\/it\/wp-json\/wp\/v2\/product_brand?post=42177"},{"taxonomy":"product_cat","embeddable":true,"href":"https:\/\/www.tatanka.nl\/it\/wp-json\/wp\/v2\/product_cat?post=42177"},{"taxonomy":"product_tag","embeddable":true,"href":"https:\/\/www.tatanka.nl\/it\/wp-json\/wp\/v2\/product_tag?post=42177"}],"curies":[{"name":"wp","href":"https:\/\/api.w.org\/{rel}","templated":true}]}}