{"id":42178,"date":"2022-03-08T11:57:03","date_gmt":"2022-03-08T09:57:03","guid":{"rendered":"https:\/\/www.tatanka.nl\/product\/white-borneo-kratom\/"},"modified":"2025-11-18T15:37:47","modified_gmt":"2025-11-18T14:37:47","slug":"white-borneo-kratom","status":"publish","type":"product","link":"https:\/\/www.tatanka.nl\/it\/white-borneo-kratom\/","title":{"rendered":"White Borneo Kratom"},"content":{"rendered":"<h2 data-start=\"0\" data-end=\"31\">Che cos'\u00e8 l'White Borneo Kratom?<\/h2>\n<p data-start=\"33\" data-end=\"489\">White Borneo Kratom \u00e8 un ceppo unico di Kratom, derivato dall'albero Mitragyna speciosa, noto per i suoi effetti di potenziamento sensoriale. Questa variet\u00e0 \u00e8 particolarmente efficace nell'aumentare la concentrazione e la chiarezza mentale, il che la rende una scelta privilegiata per chi cerca di migliorare la concentrazione. Chiamata cos\u00ec in onore dell'isola del Borneo, dove viene coltivata, la White Borneo Kratom \u00e8 nota per il suo alto contenuto di alcaloidi, che ne influenzano le potenti propriet\u00e0 psicoattive.<\/p>\n<p data-start=\"491\" data-end=\"914\">A differenza di altre variet\u00e0 Kratom, la White Borneo Kratom migliora la percezione sensoriale, in particolare la visione e la messa a fuoco. Gli utilizzatori riferiscono comunemente di una maggiore chiarezza mentale e di un'accresciuta capacit\u00e0 di concentrazione, che la rendono ideale per i compiti che richiedono un'attenzione prolungata. Se consumata a basse dosi, la White Borneo Kratom offre un miglioramento cognitivo senza diventare opprimente, rendendola uno strumento utile per la produttivit\u00e0 e le prestazioni mentali.<\/p>\n<h2 data-start=\"916\" data-end=\"949\">Storia di White Borneo Kratom<\/h2>\n<p data-start=\"951\" data-end=\"1326\">La White Borneo Kratom affonda le sue radici nell'uso tradizionale della Kratom nel sud-est asiatico, dove \u00e8 stata utilizzata per secoli per i suoi benefici medicinali, come il sollievo dal dolore, la regolazione dell'umore e l'aumento dell'energia. La variet\u00e0 White Borneo, tuttavia, ha guadagnato popolarit\u00e0 nei mercati globali solo di recente, soprattutto grazie ai suoi effetti di aumento della concentrazione e della chiarezza mentale.<\/p>\n<p data-start=\"1328\" data-end=\"1780\">Coltivata sull'isola del Borneo, questa variet\u00e0 beneficia delle condizioni pedoclimatiche ideali della regione. Le propriet\u00e0 uniche della White Borneo Kratom derivano da specifici metodi di essiccazione e lavorazione che preservano un'alta concentrazione di alcaloidi. Questi metodi conferiscono alla variet\u00e0 i suoi effetti distintivi e hanno contribuito alla sua crescita di popolarit\u00e0, in particolare nei mercati occidentali dove rappresenta un'alternativa naturale agli stimolanti sintetici.<\/p>\n<h2 data-start=\"1782\" data-end=\"1815\">Come utilizzare l'White Borneo Kratom<\/h2>\n<p data-start=\"1817\" data-end=\"2122\">Il modo pi\u00f9 comune di consumare l'White Borneo Kratom \u00e8 la preparazione di un t\u00e8. Per prepararlo, \u00e8 sufficiente sciogliere 4 o 5 grammi di Kratom in polvere in acqua calda (70-95 gradi Celsius) e lasciare in infusione per 3 o 5 minuti. Il risultato \u00e8 un t\u00e8 delicato e gradevole che fornisce gli effetti desiderati senza ulteriori preparazioni.<\/p>\n<p data-start=\"2124\" data-end=\"2653\">Per ottenere risultati ottimali, iniziare con un dosaggio basso per valutare la risposta dell'organismo, soprattutto se si \u00e8 alle prime armi con l'Kratom. L'White Borneo Kratom fornisce un aumento graduale della concentrazione, con effetti che iniziano in genere circa 15 minuti dopo il consumo. Alcuni utenti preferiscono mescolare la polvere con succhi di frutta, come il succo d'arancia, per migliorare gli effetti sensoriali e il sapore. Tenere presente che gli effetti possono variare a seconda di fattori come il peso, l'et\u00e0 e lo stato di salute generale, quindi \u00e8 importante iniziare con poco e regolare secondo le necessit\u00e0.<\/p>\n<h2 data-start=\"2655\" data-end=\"2692\">Ingredienti di White Borneo Kratom<\/h2>\n<p data-start=\"2694\" data-end=\"3098\">L'ingrediente principale dell'White Borneo Kratom \u00e8 la foglia in polvere dell'albero Mitragyna speciosa, coltivato nell'isola del Borneo. Le foglie vengono raccolte al momento giusto, quando sono parzialmente mature, per conservare la massima concentrazione di alcaloidi. Questi composti attivi, principalmente la mitraginina e la 7-idrossimetraginina, sono responsabili degli effetti stimolanti e di concentrazione della variet\u00e0.<\/p>\n<p data-start=\"3100\" data-end=\"3602\">Dopo il raccolto, le foglie vengono sottoposte a un processo di essiccazione controllata che aiuta a mantenere il contenuto di alcaloidi e garantisce le propriet\u00e0 uniche della variet\u00e0, tra cui una maggiore chiarezza mentale e una migliore percezione sensoriale. A differenza di altre variet\u00e0 di Kratom, il processo di essiccazione della White Borneo ne preserva il colore bianco e i potenti effetti. Essendo un prodotto completamente naturale, la White Borneo Kratom non contiene sostanze chimiche o conservanti artificiali, offrendo agli utenti un integratore puro a base vegetale per il potenziamento cognitivo.<\/p>\n<p data-start=\"3604\" data-end=\"3614\"><strong>Avvertenze<\/strong><\/p>\n<p data-start=\"3616\" data-end=\"3939\" data-is-last-node=\"\">Questo prodotto non \u00e8 destinato alla vendita o all'uso da parte di persone di et\u00e0 inferiore ai 18 anni. Tenere fuori dalla portata dei bambini. Non utilizzare in caso di pressione alta o bassa, patologie cardiache o polmonari, diabete, gravidanza o assunzione di farmaci, droghe o alcol. Consultare sempre un medico prima di utilizzare qualsiasi integratore.<\/p>","protected":false},"excerpt":{"rendered":"<p>La polvere di kratom del Borneo bianco \u00e8 amata dagli amanti del kratom alla ricerca di energia. Si tratta di una perfetta variet\u00e0 di kratom a vena bianca che pu\u00f2 aumentare la produttivit\u00e0, il flusso e la concentrazione. Molti utenti riferiscono di un miglioramento dell'energia e di un generale aumento dell'umore. Il White Borneo \u00e8 una variet\u00e0 di kratom popolare durante il giorno, per quando si ha bisogno di un po' di sollievo dallo stress invece di prendere un altro caff\u00e8!<\/p>","protected":false},"featured_media":126043,"template":"","meta":[],"product_brand":[],"product_cat":[599,297,512,477,509,510,511,476],"product_tag":[],"class_list":{"0":"post-42178","1":"product","2":"type-product","3":"status-publish","4":"has-post-thumbnail","6":"product_cat-kratopia","7":"product_cat-all-products","8":"product_cat-extracts","9":"product_cat-herbs","10":"product_cat-kratom","11":"product_cat-relax","12":"product_cat-relax-herbs","13":"product_cat-smartshop","14":"product_shipping_class-creditcard-off","16":"first","17":"instock","18":"taxable","19":"shipping-taxable","20":"purchasable","21":"product-type-variable","22":"has-default-attributes"},"_links":{"self":[{"href":"https:\/\/www.tatanka.nl\/it\/wp-json\/wp\/v2\/product\/42178","targetHints":{"allow":["GET"]}}],"collection":[{"href":"https:\/\/www.tatanka.nl\/it\/wp-json\/wp\/v2\/product"}],"about":[{"href":"https:\/\/www.tatanka.nl\/it\/wp-json\/wp\/v2\/types\/product"}],"wp:featuredmedia":[{"embeddable":true,"href":"https:\/\/www.tatanka.nl\/it\/wp-json\/wp\/v2\/media\/126043"}],"wp:attachment":[{"href":"https:\/\/www.tatanka.nl\/it\/wp-json\/wp\/v2\/media?parent=42178"}],"wp:term":[{"taxonomy":"product_brand","embeddable":true,"href":"https:\/\/www.tatanka.nl\/it\/wp-json\/wp\/v2\/product_brand?post=42178"},{"taxonomy":"product_cat","embeddable":true,"href":"https:\/\/www.tatanka.nl\/it\/wp-json\/wp\/v2\/product_cat?post=42178"},{"taxonomy":"product_tag","embeddable":true,"href":"https:\/\/www.tatanka.nl\/it\/wp-json\/wp\/v2\/product_tag?post=42178"}],"curies":[{"name":"wp","href":"https:\/\/api.w.org\/{rel}","templated":true}]}}