{"id":42179,"date":"2022-03-08T11:57:03","date_gmt":"2022-03-08T09:57:03","guid":{"rendered":"https:\/\/www.tatanka.nl\/product\/white-maeng-da-kratom\/"},"modified":"2025-11-18T15:37:47","modified_gmt":"2025-11-18T14:37:47","slug":"white-maeng-da-kratom","status":"publish","type":"product","link":"https:\/\/www.tatanka.nl\/it\/white-maeng-da-kratom\/","title":{"rendered":"White Maeng Da Kratom"},"content":{"rendered":"<h2 data-start=\"0\" data-end=\"33\">Che cos'\u00e8 l'White Maeng Da Kratom?<\/h2>\n<p data-start=\"35\" data-end=\"597\">White Maeng Da Kratom \u00e8 un ceppo noto di Kratom riconosciuto per i suoi effetti energizzanti. Proveniente dall'albero Mitragyna speciosa, questa variet\u00e0 \u00e8 particolarmente potente grazie al suo elevato contenuto di alcaloidi, in particolare di mitraginina. Questo composto \u00e8 il principale responsabile dei suoi effetti stimolanti e di miglioramento dell'umore. Le foglie vengono raccolte in una fase specifica, quando sono parzialmente mature, garantendo una ricca concentrazione di alcaloidi psicoattivi. Questo metodo di raccolta unico, unito a uno speciale processo di essiccazione, conferisce al White Maeng Da il suo distinto colore bianco.<\/p>\n<p data-start=\"599\" data-end=\"1082\">Ampiamente utilizzato come stimolante energetico naturale, il Maeng Da bianco \u00e8 una popolare alternativa alla caffeina e ad altri stimolanti. \u00c8 noto per migliorare l'attenzione, la concentrazione e la chiarezza mentale, il che lo rende ideale per chi ha bisogno di una sferzata di energia in pi\u00f9 o di una spinta mentale durante la giornata. Per ottenere i migliori risultati, viene tipicamente preparata in forma di t\u00e8, che consente un rapido assorbimento dei suoi alcaloidi. Gli utilizzatori spesso ne avvertono gli effetti entro 15 minuti, con risultati che durano per diverse ore.<\/p>\n<h2 data-start=\"1084\" data-end=\"1119\">Storia di White Maeng Da Kratom<\/h2>\n<p data-start=\"1121\" data-end=\"1487\">L'White Maeng Da Kratom affonda le sue radici nel sud-est asiatico, dove l'Kratom \u00e8 stato tradizionalmente usato per scopi medicinali. Il termine \"Maeng Da\" si riferisce a una variet\u00e0 premium e accuratamente coltivata di Kratom, nota per i suoi potenti effetti. Questa variet\u00e0 viene raccolta in modo da massimizzare il suo contenuto di alcaloidi, rendendola una delle variet\u00e0 pi\u00f9 forti disponibili.<\/p>\n<p data-start=\"1489\" data-end=\"2046\">Originariamente coltivato in Thailandia, il Maeng Da Kratom si \u00e8 diffuso in altre parti del Sud-Est asiatico, diventando famoso per le sue propriet\u00e0 rinvigorenti e stimolanti. Con il tempo, la White Maeng Da Kratom ha guadagnato popolarit\u00e0 nei paesi occidentali, soprattutto negli Stati Uniti, dove \u00e8 favorita per i suoi effetti energizzanti e di miglioramento della concentrazione. In California viene comunemente mescolata a frullati o t\u00e8 per ottenere una spinta energetica naturale. L'esclusivo processo di essiccazione e il potente contenuto di alcaloidi la distinguono dalle altre variet\u00e0 Kratom, contribuendo al suo fascino globale.<\/p>\n<h2 data-start=\"2048\" data-end=\"2083\">Come utilizzare White Maeng Da Kratom<\/h2>\n<p data-start=\"2085\" data-end=\"2489\">Il modo pi\u00f9 efficace per consumare l'White Maeng Da Kratom \u00e8 la preparazione di un t\u00e8. Per la preparazione, sciogliere 4 o 5 grammi di Kratom in polvere in acqua calda (tra i 70 e i 95 gradi Celsius) e lasciare in infusione per 3 o 5 minuti. Non \u00e8 necessario filtrare, poich\u00e9 l'intera miscela pu\u00f2 essere consumata. Un dosaggio da 3 a 5 grammi fornisce effetti da lievi a moderati, ma la sensibilit\u00e0 individuale e il peso corporeo possono richiedere aggiustamenti.<\/p>\n<p data-start=\"2491\" data-end=\"2985\">In genere ci vogliono circa 15 minuti perch\u00e9 gli effetti energizzanti del White Maeng Da diventino evidenti, anche se questo varia in base a fattori come l'et\u00e0, lo stato di salute e il sesso. Per i nuovi utenti, si consiglia di iniziare con una dose pi\u00f9 bassa e di aumentare gradualmente secondo le necessit\u00e0. Alcuni utenti preferiscono mescolare la polvere Kratom in frullati o shake per comodit\u00e0. Tuttavia, si consiglia cautela, poich\u00e9 dosi pi\u00f9 elevate possono produrre effetti calmanti piuttosto che la spinta stimolante comunemente associata a questa variet\u00e0.<\/p>\n<h2 data-start=\"2987\" data-end=\"3026\">Ingredienti di White Maeng Da Kratom<\/h2>\n<p data-start=\"3028\" data-end=\"3372\">White Maeng Da Kratom \u00e8 composto principalmente dalle foglie in polvere dell'albero Mitragyna speciosa. Queste foglie vengono raccolte a maturazione parziale per garantire la conservazione della massima quantit\u00e0 di alcaloidi. Gli alcaloidi chiave, tra cui la mitraginina e la 7-idrossimetraginina, sono responsabili delle propriet\u00e0 energizzanti e di miglioramento dell'umore di questa variet\u00e0.<\/p>\n<p data-start=\"3374\" data-end=\"3738\">Dopo la raccolta, le foglie vengono sottoposte a uno speciale processo di essiccazione al buio per mantenere la potenza degli alcaloidi e ottenere il caratteristico colore bianco della variet\u00e0. Non ci sono additivi artificiali o sostanze chimiche, rendendo il White Maeng Da un integratore completamente naturale. Questo garantisce agli utenti di sperimentare tutti i benefici dei composti attivi della Kratom.<\/p>\n<p data-start=\"3740\" data-end=\"4036\">L'elevato contenuto di alcaloidi del White Maeng Da lo rende uno dei ceppi Kratom pi\u00f9 efficaci per aumentare l'energia e migliorare la chiarezza mentale. Se usata in modo responsabile, offre un'alternativa naturale alla caffeina e ad altri stimolanti sintetici, senza i comuni effetti collaterali ad essi associati.<\/p>\n<p data-start=\"4038\" data-end=\"4048\"><strong>Avvertenze<\/strong><\/p>\n<p data-start=\"4050\" data-end=\"4413\" data-is-last-node=\"\">La vendita e l'uso dell'White Maeng Da Kratom sono vietati ai minori di 18 anni. Tenere fuori dalla portata dei bambini. Questo prodotto non deve essere utilizzato da persone con pressione sanguigna alta o bassa, condizioni cardiache o polmonari, diabete, gravidanza o assunzione di farmaci, droghe o alcol. Consultare sempre un medico prima dell'uso.<\/p>","protected":false},"excerpt":{"rendered":"<p>Il White Maeng Da \u00e8 un'ottima variet\u00e0 di kratom a vena bianca, perfetta per chi cerca una maggiore motivazione e una grande carica di energia. Quando il lavoro deve essere fatto e il caff\u00e8 non basta, alcuni considerano una piccola, ma potente spinta energetica da questa variet\u00e0. Molti utenti riferiscono di aver migliorato la concentrazione e la facilit\u00e0 di pensiero, quindi questa \u00e8 una variet\u00e0 di kratom perfetta per il giorno!<\/p>","protected":false},"featured_media":126039,"template":"","meta":[],"product_brand":[],"product_cat":[599,297,512,477,509,510,511,476],"product_tag":[],"class_list":{"0":"post-42179","1":"product","2":"type-product","3":"status-publish","4":"has-post-thumbnail","6":"product_cat-kratopia","7":"product_cat-all-products","8":"product_cat-extracts","9":"product_cat-herbs","10":"product_cat-kratom","11":"product_cat-relax","12":"product_cat-relax-herbs","13":"product_cat-smartshop","14":"product_shipping_class-creditcard-off","16":"first","17":"instock","18":"taxable","19":"shipping-taxable","20":"purchasable","21":"product-type-variable","22":"has-default-attributes"},"_links":{"self":[{"href":"https:\/\/www.tatanka.nl\/it\/wp-json\/wp\/v2\/product\/42179","targetHints":{"allow":["GET"]}}],"collection":[{"href":"https:\/\/www.tatanka.nl\/it\/wp-json\/wp\/v2\/product"}],"about":[{"href":"https:\/\/www.tatanka.nl\/it\/wp-json\/wp\/v2\/types\/product"}],"wp:featuredmedia":[{"embeddable":true,"href":"https:\/\/www.tatanka.nl\/it\/wp-json\/wp\/v2\/media\/126039"}],"wp:attachment":[{"href":"https:\/\/www.tatanka.nl\/it\/wp-json\/wp\/v2\/media?parent=42179"}],"wp:term":[{"taxonomy":"product_brand","embeddable":true,"href":"https:\/\/www.tatanka.nl\/it\/wp-json\/wp\/v2\/product_brand?post=42179"},{"taxonomy":"product_cat","embeddable":true,"href":"https:\/\/www.tatanka.nl\/it\/wp-json\/wp\/v2\/product_cat?post=42179"},{"taxonomy":"product_tag","embeddable":true,"href":"https:\/\/www.tatanka.nl\/it\/wp-json\/wp\/v2\/product_tag?post=42179"}],"curies":[{"name":"wp","href":"https:\/\/api.w.org\/{rel}","templated":true}]}}