{"id":42180,"date":"2022-03-08T11:57:04","date_gmt":"2022-03-08T09:57:04","guid":{"rendered":"https:\/\/www.tatanka.nl\/product\/yellow-borneo-kratom\/"},"modified":"2026-03-02T00:48:38","modified_gmt":"2026-03-01T23:48:38","slug":"yellow-borneo-kratom","status":"publish","type":"product","link":"https:\/\/www.tatanka.nl\/it\/yellow-borneo-kratom\/","title":{"rendered":"Yellow Borneo Kratom"},"content":{"rendered":"<h2 data-start=\"0\" data-end=\"33\">Che cos'\u00e8 l'Yellow Borneo Kratom?<\/h2>\n<p data-start=\"35\" data-end=\"1037\">Yellow Borneo Kratom \u00e8 una variet\u00e0 speciale derivata dall'albero Mitragyna speciosa, riconosciuta per i suoi effetti stimolanti ed energizzanti. Chiamata cos\u00ec in onore dell'isola del Borneo, dove viene principalmente coltivata, questa variet\u00e0 unica si distingue per il suo colore giallo, risultato di una tecnica di essiccazione specializzata. Le foglie vengono sottoposte a un rapido processo di essiccazione al sole, che aiuta a preservare gli alcaloidi naturali della pianta riducendone l'amarezza. Nonostante il sapore leggermente amaro, l'Yellow Borneo Kratom \u00e8 una scelta popolare per chi cerca una spinta energetica e una maggiore concentrazione. Molti utenti amano incorporarla in frullati, shake o bevande come succhi di frutta e cioccolate fatte in casa. Questa variet\u00e0 \u00e8 ampiamente utilizzata dagli atleti e dagli individui che cercano una spinta naturale durante la giornata. Con la sua combinazione di stimolazione fisica e mentale, la Yellow Borneo Kratom si \u00e8 guadagnata una solida reputazione come alternativa naturale agli stimolanti tradizionali, offrendo un'esperienza pi\u00f9 fluida ed equilibrata.<\/p>\n<h2 data-start=\"1039\" data-end=\"1074\">Storia di Yellow Borneo Kratom<\/h2>\n<p data-start=\"1076\" data-end=\"2179\">La storia dell'Yellow Borneo Kratom affonda le sue radici nell'uso tradizionale del kratom nel sud-est asiatico. Le culture indigene della regione hanno utilizzato a lungo l'albero della Mitragyna speciosa per i suoi benefici medicinali, tra cui il sollievo dal dolore e l'aumento dell'energia. Nel corso del tempo sono stati sviluppati diversi ceppi di kratom, ognuno dei quali prende il nome dalla zona in cui \u00e8 stato coltivato. La Yellow Borneo Kratom proviene in particolare dall'isola del Borneo, nota per il clima e le condizioni del terreno favorevoli alla coltivazione del kratom. Mentre il kratom \u00e8 stato usato per secoli per le sue propriet\u00e0 terapeutiche nel sud-est asiatico, l'Yellow Borneo Kratom ha guadagnato sempre pi\u00f9 popolarit\u00e0 nei paesi occidentali, soprattutto in luoghi come la California. I suoi effetti equilibrati e il suo particolare processo di essiccazione l'hanno resa una variet\u00e0 ricercata da persone attente alla salute. La Yellow Borneo viene spesso mescolata a frullati e bevande energetiche, dove \u00e8 apprezzata per la sua naturale capacit\u00e0 di aumentare l'energia e migliorare la chiarezza mentale. La combinazione tra la sua ricca storia e l'uso moderno ha reso la Yellow Borneo Kratom un punto fermo nel mondo degli integratori naturali.<\/p>\n<h2 data-start=\"2181\" data-end=\"2216\">Come utilizzare Yellow Borneo Kratom<\/h2>\n<p data-start=\"2218\" data-end=\"3233\">L'Yellow Borneo Kratom si consuma in genere preparando un t\u00e8. Per la preparazione, sciogliere 4 o 5 grammi di kratom in polvere in acqua calda, a una temperatura compresa tra 70 e 95 gradi Celsius. Lasciare in infusione la miscela per circa 3-5 minuti per consentire la completa estrazione dei composti attivi. Non \u00e8 necessario filtrare il t\u00e8, perch\u00e9 pu\u00f2 essere consumato nella sua interezza, comprese le foglie. Per rendere il t\u00e8 pi\u00f9 gradevole, alcuni utenti scelgono di aggiungere dolcificanti come il miele o di mescolare della frutta per contrastare l'amarezza del kratom. Per chi preferisce un metodo diverso, l'Yellow Borneo Kratom pu\u00f2 anche essere aggiunto a frullati o shake, fornendo una spinta energetica di lunga durata. Per cominciare, si consiglia di iniziare con una dose leggera, da 3 a 5 grammi, e di regolarla in base all'esperienza personale. Poich\u00e9 gli effetti del kratom possono variare da persona a persona, iniziare con una piccola dose permette agli utenti di valutare la risposta del proprio corpo. Con il tempo, alcuni utenti potrebbero ritenere necessario aumentare il dosaggio per ottenere gli effetti desiderati.<\/p>\n<h2 data-start=\"3235\" data-end=\"3274\">Ingredienti di Yellow Borneo Kratom<\/h2>\n<p data-start=\"3276\" data-end=\"4387\">La Yellow Borneo Kratom \u00e8 ricavata dalle foglie essiccate dell'albero Mitragyna speciosa, originario delle regioni tropicali del sud-est asiatico. Gli ingredienti chiave di questa variet\u00e0 di kratom sono i suoi alcaloidi naturali, principalmente la mitraginina e la 7-idrossimetraginina. Questi composti attivi sono responsabili degli effetti stimolanti della variet\u00e0, che forniscono agli utilizzatori maggiore energia, concentrazione e un leggero senso di rilassamento. L'esclusivo processo di essiccazione, che prevede l'esposizione delle foglie al sole per un breve periodo, migliora il profilo alcaloide, contribuendo agli effetti equilibrati della Yellow Borneo Kratom. Le foglie vengono raccolte, lavorate con cura e macinate in una polvere fine che viene poi confezionata per l'uso. Il prodotto risultante \u00e8 un integratore puro, a base vegetale, senza aggiunta di sostanze chimiche o artificiali. Gli alcaloidi presenti nella Yellow Borneo Kratom la rendono una variet\u00e0 versatile, adatta agli utenti che cercano una carica di energia e un leggero rilassamento. Sia che venga consumata come t\u00e8 o mescolata in frullati, la forma in polvere fine assicura un facile consumo e un efficace assorbimento dei composti attivi.<\/p>\n<p data-start=\"4389\" data-end=\"4401\"><strong data-start=\"4389\" data-end=\"4401\">Attenzione:<\/strong><\/p>\n<p data-start=\"4403\" data-end=\"4720\" data-is-last-node=\"\">Questo prodotto non \u00e8 destinato alla vendita o all'uso da parte di persone di et\u00e0 inferiore ai 18 anni. Tenere fuori dalla portata dei bambini. Non utilizzare in caso di pressione alta o bassa, patologie cardiache o polmonari, diabete, gravidanza o uso di farmaci, droghe o alcol. Consultare sempre un medico prima di utilizzare qualsiasi integratore.<\/p>","protected":false},"excerpt":{"rendered":"<p>Il Borneo giallo offre un mix di effetti di kratom bianco e verde, il che significa che \u00e8 molto pi\u00f9 energico e vibrante della gamma di effetti del kratom. Aspettatevi una grande esplosione di gioia, energia rilassata e persino concentrazione. Il Borneo Giallo \u00e8 una variet\u00e0 di kratom relativamente nuova, amata da molti consumatori esperti di kratom in tutto il mondo.<\/p>","protected":false},"featured_media":126037,"template":"","meta":[],"product_brand":[],"product_cat":[599,297,512,477,509,510,511,476],"product_tag":[],"class_list":{"0":"post-42180","1":"product","2":"type-product","3":"status-publish","4":"has-post-thumbnail","6":"product_cat-kratopia","7":"product_cat-all-products","8":"product_cat-extracts","9":"product_cat-herbs","10":"product_cat-kratom","11":"product_cat-relax","12":"product_cat-relax-herbs","13":"product_cat-smartshop","14":"product_shipping_class-creditcard-off","16":"first","17":"instock","18":"taxable","19":"shipping-taxable","20":"purchasable","21":"product-type-variable","22":"has-default-attributes"},"_links":{"self":[{"href":"https:\/\/www.tatanka.nl\/it\/wp-json\/wp\/v2\/product\/42180","targetHints":{"allow":["GET"]}}],"collection":[{"href":"https:\/\/www.tatanka.nl\/it\/wp-json\/wp\/v2\/product"}],"about":[{"href":"https:\/\/www.tatanka.nl\/it\/wp-json\/wp\/v2\/types\/product"}],"wp:featuredmedia":[{"embeddable":true,"href":"https:\/\/www.tatanka.nl\/it\/wp-json\/wp\/v2\/media\/126037"}],"wp:attachment":[{"href":"https:\/\/www.tatanka.nl\/it\/wp-json\/wp\/v2\/media?parent=42180"}],"wp:term":[{"taxonomy":"product_brand","embeddable":true,"href":"https:\/\/www.tatanka.nl\/it\/wp-json\/wp\/v2\/product_brand?post=42180"},{"taxonomy":"product_cat","embeddable":true,"href":"https:\/\/www.tatanka.nl\/it\/wp-json\/wp\/v2\/product_cat?post=42180"},{"taxonomy":"product_tag","embeddable":true,"href":"https:\/\/www.tatanka.nl\/it\/wp-json\/wp\/v2\/product_tag?post=42180"}],"curies":[{"name":"wp","href":"https:\/\/api.w.org\/{rel}","templated":true}]}}