{"id":42536,"date":"2022-03-14T10:32:22","date_gmt":"2022-03-14T08:32:22","guid":{"rendered":"https:\/\/www.tatanka.nl\/?post_type=product&#038;p=42536"},"modified":"2025-05-20T08:33:43","modified_gmt":"2025-05-20T07:33:43","slug":"actitube-activated-charcoal-filter-tip","status":"publish","type":"product","link":"https:\/\/www.tatanka.nl\/it\/actitube-activated-charcoal-filter-tip\/","title":{"rendered":"Punta del filtro a carbone attivo ActiTube"},"content":{"rendered":"<h2>Informazioni su Actitube<\/h2>\n<p>Se c'\u00e8 un marchio di fumo intelligente, \u00e8 questo! Attitude \u00e8 l'innovatore quando si tratta di filtrare il fumo di cannabis e tabacco. Per farla breve, se non avete mai provato a fumare il vostro spinello con i filtri a carbone attivati dall'actitube, vi state perdendo qualcosa!<\/p>","protected":false},"excerpt":{"rendered":"<p>Esiste un modo pi\u00f9 sano per fumare il vostro join? S\u00ec, esiste e si chiama filtro a carboni attivi! Questi filtri speciali fanno in modo che tutte le sostanze cattive della vostra boccata vengano pulite, senza farvi perdere le cose buone che vi aspettereste da uno spinello di cannabis. Una volta provato ActiTube, non tornerete pi\u00f9 indietro! \u00c8 semplicemente molto meglio!<\/p>","protected":false},"featured_media":45278,"template":"","meta":[],"product_brand":[],"product_cat":[571,297,556,567,488,492],"product_tag":[],"class_list":{"0":"post-42536","1":"product","2":"type-product","3":"status-publish","4":"has-post-thumbnail","6":"product_cat-tips","7":"product_cat-all-products","8":"product_cat-charcoal-filter-tips","9":"product_cat-filters","10":"product_cat-headshop","11":"product_cat-rolling-papers","12":"product_shipping_class-creditcard-on","14":"first","15":"instock","16":"taxable","17":"shipping-taxable","18":"purchasable","19":"product-type-variable","20":"has-default-attributes"},"_links":{"self":[{"href":"https:\/\/www.tatanka.nl\/it\/wp-json\/wp\/v2\/product\/42536","targetHints":{"allow":["GET"]}}],"collection":[{"href":"https:\/\/www.tatanka.nl\/it\/wp-json\/wp\/v2\/product"}],"about":[{"href":"https:\/\/www.tatanka.nl\/it\/wp-json\/wp\/v2\/types\/product"}],"wp:featuredmedia":[{"embeddable":true,"href":"https:\/\/www.tatanka.nl\/it\/wp-json\/wp\/v2\/media\/45278"}],"wp:attachment":[{"href":"https:\/\/www.tatanka.nl\/it\/wp-json\/wp\/v2\/media?parent=42536"}],"wp:term":[{"taxonomy":"product_brand","embeddable":true,"href":"https:\/\/www.tatanka.nl\/it\/wp-json\/wp\/v2\/product_brand?post=42536"},{"taxonomy":"product_cat","embeddable":true,"href":"https:\/\/www.tatanka.nl\/it\/wp-json\/wp\/v2\/product_cat?post=42536"},{"taxonomy":"product_tag","embeddable":true,"href":"https:\/\/www.tatanka.nl\/it\/wp-json\/wp\/v2\/product_tag?post=42536"}],"curies":[{"name":"wp","href":"https:\/\/api.w.org\/{rel}","templated":true}]}}