{"id":42595,"date":"2022-03-14T10:32:39","date_gmt":"2022-03-14T08:32:39","guid":{"rendered":"https:\/\/www.tatanka.nl\/?post_type=product&#038;p=42595"},"modified":"2024-09-17T11:36:46","modified_gmt":"2024-09-17T10:36:46","slug":"raw-pre-rolled-organic-hemp-king-size-cones","status":"publish","type":"product","link":"https:\/\/www.tatanka.nl\/it\/raw-pre-rolled-organic-hemp-king-size-cones\/","title":{"rendered":"Raw Canapa biologica pre-arrotolata King Size Cones"},"content":{"rendered":"<h2>Informazioni su Raw Naturale Rolling Papers<\/h2>\n<p>C'\u00e8 un motivo per cui le carte da rollare Raw sono uno dei marchi di carta da rollare pi\u00f9 riconosciuti al mondo. Raw \u00e8 nota non solo per la sua altissima qualit\u00e0, ma anche per i materiali naturali. E quando diciamo naturali, intendiamo proprio naturali!<\/p>\n<p>Tutte le carte da rollare Raw sono non sbiancate e completamente non raffinate. Raw non utilizza coloranti, additivi per la combustione o gesso nella produzione delle sue carte. Tutte le carte Raw sono prodotte solo con materiali naturali come le piante.<\/p>\n<p>Ci\u00f2 significa che quando rollate con la Raw, sarete in grado di sentire il massimo livello naturale del vostro fumo. Usate la Raw per fumare davvero!<\/p>","protected":false},"excerpt":{"rendered":"<p>Carta da rotolamento di canapa di altissima qualit\u00e0? Controllare! Coni gi\u00e0 pre-arrotolati per rollare pigramente? Doppio controllo! Rollate i vostri spinelli pi\u00f9 velocemente e assicuratevi che brucino tutti in modo uniforme con i coni di canapa pre-arrotolati di Raw. Potete aspettarvi di avere la carta della migliore qualit\u00e0 che brucer\u00e0 lentamente e in modo uniforme! Amate questi!<\/p>","protected":false},"featured_media":44911,"template":"","meta":[],"product_brand":[],"product_cat":[297,505,488,565,471,492,564],"product_tag":[],"class_list":{"0":"post-42595","1":"product","2":"type-product","3":"status-publish","4":"has-post-thumbnail","6":"product_cat-all-products","7":"product_cat-cones","8":"product_cat-headshop","9":"product_cat-hemp-rolling-papers","10":"product_cat-raw","11":"product_cat-rolling-papers","12":"product_cat-unbleached-rolling-papers","13":"product_shipping_class-creditcard-on","15":"first","16":"outofstock","17":"taxable","18":"shipping-taxable","19":"product-type-variable","20":"has-default-attributes"},"_links":{"self":[{"href":"https:\/\/www.tatanka.nl\/it\/wp-json\/wp\/v2\/product\/42595","targetHints":{"allow":["GET"]}}],"collection":[{"href":"https:\/\/www.tatanka.nl\/it\/wp-json\/wp\/v2\/product"}],"about":[{"href":"https:\/\/www.tatanka.nl\/it\/wp-json\/wp\/v2\/types\/product"}],"wp:featuredmedia":[{"embeddable":true,"href":"https:\/\/www.tatanka.nl\/it\/wp-json\/wp\/v2\/media\/44911"}],"wp:attachment":[{"href":"https:\/\/www.tatanka.nl\/it\/wp-json\/wp\/v2\/media?parent=42595"}],"wp:term":[{"taxonomy":"product_brand","embeddable":true,"href":"https:\/\/www.tatanka.nl\/it\/wp-json\/wp\/v2\/product_brand?post=42595"},{"taxonomy":"product_cat","embeddable":true,"href":"https:\/\/www.tatanka.nl\/it\/wp-json\/wp\/v2\/product_cat?post=42595"},{"taxonomy":"product_tag","embeddable":true,"href":"https:\/\/www.tatanka.nl\/it\/wp-json\/wp\/v2\/product_tag?post=42595"}],"curies":[{"name":"wp","href":"https:\/\/api.w.org\/{rel}","templated":true}]}}