{"id":42678,"date":"2022-03-14T10:33:00","date_gmt":"2022-03-14T08:33:00","guid":{"rendered":"https:\/\/www.tatanka.nl\/?post_type=product&#038;p=42678"},"modified":"2025-05-20T08:16:01","modified_gmt":"2025-05-20T07:16:01","slug":"jumbo-pro-gold-rolls-with-prerolled-tips","status":"publish","type":"product","link":"https:\/\/www.tatanka.nl\/it\/jumbo-pro-gold-rolls-with-prerolled-tips\/","title":{"rendered":"Jumbo Pro Gold Rolls con Prerolled Tips"},"content":{"rendered":"<h2>Jumbo Rolling Papers<\/h2>\n<p>Jumbo Papers \u00e8 un marchio olandese di carta da rollare che si propone di offrire la qualit\u00e0 dei prodotti da fumo di fascia alta a un prezzo pi\u00f9 accessibile. Jumbo Papers ha diversi tipi di linee di carta da rollare che consentono di acquistare carta da rollare rosa, verde, blu, marrone o bianca classica.<\/p>\n<p>Questo fa di Jumbo un marchio di forniture per fumatori interessante ed emergente per i fumatori che sono sempre alla ricerca di una novit\u00e0. Se cercate forniture per fumatori che non siano uniche nel loro colore, ma che abbiano anche un ottimo rapporto qualit\u00e0-prezzo, dovete provare Jumbo!<\/p>","protected":false},"excerpt":{"rendered":"<p>Carta da rollare Rolls con punte prerollate? S\u00ec, proprio cos\u00ec! Rollate le vostre canne pi\u00f9 velocemente e non perdete tempo per ottenere la forma perfetta delle punte. La Rolls permette di scegliere la lunghezza della carta, quindi \u00e8 un prodotto combinato perfetto per chi ama le canne pi\u00f9 lunghe o pi\u00f9 corte. Ottimo prodotto!<\/p>","protected":false},"featured_media":43933,"template":"","meta":[],"product_brand":[],"product_cat":[492,297,488,464,494,560],"product_tag":[],"class_list":{"0":"post-42678","1":"product","2":"type-product","3":"status-publish","4":"has-post-thumbnail","6":"product_cat-rolling-papers","7":"product_cat-all-products","8":"product_cat-headshop","9":"product_cat-jumbo","10":"product_cat-papers-with-tips","11":"product_cat-rolls","12":"product_shipping_class-creditcard-on","14":"first","15":"instock","16":"taxable","17":"shipping-taxable","18":"purchasable","19":"product-type-variable","20":"has-default-attributes"},"_links":{"self":[{"href":"https:\/\/www.tatanka.nl\/it\/wp-json\/wp\/v2\/product\/42678","targetHints":{"allow":["GET"]}}],"collection":[{"href":"https:\/\/www.tatanka.nl\/it\/wp-json\/wp\/v2\/product"}],"about":[{"href":"https:\/\/www.tatanka.nl\/it\/wp-json\/wp\/v2\/types\/product"}],"wp:featuredmedia":[{"embeddable":true,"href":"https:\/\/www.tatanka.nl\/it\/wp-json\/wp\/v2\/media\/43933"}],"wp:attachment":[{"href":"https:\/\/www.tatanka.nl\/it\/wp-json\/wp\/v2\/media?parent=42678"}],"wp:term":[{"taxonomy":"product_brand","embeddable":true,"href":"https:\/\/www.tatanka.nl\/it\/wp-json\/wp\/v2\/product_brand?post=42678"},{"taxonomy":"product_cat","embeddable":true,"href":"https:\/\/www.tatanka.nl\/it\/wp-json\/wp\/v2\/product_cat?post=42678"},{"taxonomy":"product_tag","embeddable":true,"href":"https:\/\/www.tatanka.nl\/it\/wp-json\/wp\/v2\/product_tag?post=42678"}],"curies":[{"name":"wp","href":"https:\/\/api.w.org\/{rel}","templated":true}]}}