{"id":50193,"date":"2022-09-13T14:34:24","date_gmt":"2022-09-13T12:34:24","guid":{"rendered":"https:\/\/www.tatanka.nl\/?post_type=product&#038;p=50193"},"modified":"2025-12-02T08:59:13","modified_gmt":"2025-12-02T07:59:13","slug":"maitake-extract-capsules","status":"publish","type":"product","link":"https:\/\/www.tatanka.nl\/it\/maitake-extract-capsules\/","title":{"rendered":"Maitake extract Capsules"},"content":{"rendered":"<h2 data-pm-slice=\"1 1 []\">Che cos'\u00e8 il Maitake?<\/h2>\n<p>Il Maitake (Grifola Frondosa), noto anche come \"Gallina delle Wood\", \u00e8 un fungo medicinale unico che cresce alla base degli alberi, in particolare delle querce. Da secoli \u00e8 molto apprezzato nella medicina tradizionale giapponese e cinese per le sue propriet\u00e0 benefiche. Questo fungo \u00e8 ricco di sostanze nutritive essenziali, tra cui polisaccaridi come i beta-glucani, noti per sostenere il sistema immunitario. A differenza dei comuni funghi culinari, il Maitake viene spesso consumato sotto forma di integratore per massimizzare i suoi benefici per la salute. La sua capacit\u00e0 di crescere in natura e il suo impressionante profilo nutritivo lo rendono uno dei superalimenti pi\u00f9 popolari oggi disponibili.<\/p>\n<h2>Storia del Maitake<\/h2>\n<p>Il maitake ha una ricca storia che risale a pi\u00f9 di 3000 anni fa. In Giappone era talmente apprezzato che a volte veniva usato come forma di moneta. Il nome \"Maitake\" si traduce in \"fungo danzante\", in quanto il folklore suggerisce che le persone danzassero di gioia quando lo scoprivano in natura a causa del suo valore eccezionale. I praticanti della medicina tradizionale orientale hanno usato a lungo il Maitake per promuovere la salute e la longevit\u00e0, ritenendo che aiuti a ripristinare l'equilibrio nel corpo. In tempi moderni, la ricerca continua a esplorare i suoi potenziali benefici, in particolare il suo ruolo nel sostenere il sistema immunitario e il benessere generale. Oggi il Maitake rimane un rimedio naturale ricercato, apprezzato sia per il suo significato storico che per le sue potenziali propriet\u00e0 di sostegno alla salute.<\/p>\n<h2>Come utilizzare il Maitake<\/h2>\n<p>Il Maitake \u00e8 disponibile in varie forme, tra cui polveri, t\u00e8 e capsule. Le nostre capsule di Maitake offrono un modo conveniente per incorporare questo potente fungo nella vostra routine quotidiana. Il dosaggio consigliato \u00e8 di una o due capsule due volte al giorno, da assumere durante i pasti e con acqua. L'uso regolare \u00e8 fondamentale per sperimentare tutti i suoi benefici. Il maitake viene spesso utilizzato come parte di un regime di benessere per sostenere l'immunit\u00e0, promuovere la vitalit\u00e0 generale e migliorare la naturale capacit\u00e0 di recupero dell'organismo. Mentre alcuni utenti notano i benefici nel giro di poche settimane, altri possono impiegare pi\u00f9 tempo per avvertire effetti evidenti. Per massimizzare il potenziale del Maitake, \u00e8 bene associarlo a una dieta equilibrata e a uno stile di vita sano. Come per qualsiasi altro integratore, \u00e8 fondamentale attenersi al dosaggio raccomandato e consultare un medico se si hanno condizioni di salute preesistenti.<\/p>\n<h2>Ingredienti di Maitake Capsules<\/h2>\n<p>Ogni capsula vegana contiene 400 mg di estratto biologico di Maitake (Grifola Frondosa) derivato dai corpi fruttiferi 100%. Questo estratto a spettro completo \u00e8 ottenuto mediante estrazione con acqua ed etanolo per massimizzare la concentrazione di composti benefici. L'estratto \u00e8 standardizzato per contenere 30% beta-glucani, noti per le loro propriet\u00e0 di sostegno immunitario. Tra gli altri ingredienti figurano il citrato di magnesio e il biossido di silicio, che contribuiscono a migliorare la stabilit\u00e0 e l'assorbimento dell'integratore. Le capsule di Maitake McMyco soddisfano i pi\u00f9 alti standard di qualit\u00e0 e sono prive di additivi artificiali, il che le rende una scelta eccellente per chi cerca un modo naturale di sostenere il proprio benessere.<\/p>\n<p><strong>Attenzione:<\/strong><br \/>\nMaitake by McMyco \u00e8 un integratore alimentare e deve essere utilizzato di conseguenza. Non superare la dose giornaliera raccomandata. Tenere il prodotto fuori dalla portata dei bambini. Consultare il medico prima dell'uso, soprattutto in caso di gravidanza, allattamento o condizioni mediche particolari. Conservare in un luogo fresco e buio a temperatura ambiente.<\/p>","protected":false},"excerpt":{"rendered":"<p data-pm-slice=\"1 1 []\">Scoprite il potere del Maitake, noto anche come \"Re dei Mushrooms\". Questo potente integratore \u00e8 ricco di preziosi nutrienti e beta-glucani, che lo rendono un superfood molto apprezzato. Grazie alla sua lunga storia nelle pratiche di benessere tradizionali giapponesi, il Maitake favorisce il benessere generale e la vitalit\u00e0.<\/p>","protected":false},"featured_media":134877,"template":"","meta":[],"product_brand":[],"product_cat":[596,297,512,475,521,523,533,515,476,487,486],"product_tag":[662],"class_list":{"0":"post-50193","1":"product","2":"type-product","3":"status-publish","4":"has-post-thumbnail","6":"product_cat-mcmyco","7":"product_cat-all-products","8":"product_cat-extracts","9":"product_cat-healthshop","10":"product_cat-medicinal-mushrooms","11":"product_cat-medicinal-mushrooms-supplements","12":"product_cat-recovery","13":"product_cat-shroomshop","14":"product_cat-smartshop","15":"product_cat-sport","16":"product_cat-superfoods","17":"product_tag-shrdeal","18":"product_shipping_class-creditcard-on","20":"first","21":"instock","22":"taxable","23":"shipping-taxable","24":"purchasable","25":"product-type-variable","26":"has-default-attributes"},"_links":{"self":[{"href":"https:\/\/www.tatanka.nl\/it\/wp-json\/wp\/v2\/product\/50193","targetHints":{"allow":["GET"]}}],"collection":[{"href":"https:\/\/www.tatanka.nl\/it\/wp-json\/wp\/v2\/product"}],"about":[{"href":"https:\/\/www.tatanka.nl\/it\/wp-json\/wp\/v2\/types\/product"}],"wp:featuredmedia":[{"embeddable":true,"href":"https:\/\/www.tatanka.nl\/it\/wp-json\/wp\/v2\/media\/134877"}],"wp:attachment":[{"href":"https:\/\/www.tatanka.nl\/it\/wp-json\/wp\/v2\/media?parent=50193"}],"wp:term":[{"taxonomy":"product_brand","embeddable":true,"href":"https:\/\/www.tatanka.nl\/it\/wp-json\/wp\/v2\/product_brand?post=50193"},{"taxonomy":"product_cat","embeddable":true,"href":"https:\/\/www.tatanka.nl\/it\/wp-json\/wp\/v2\/product_cat?post=50193"},{"taxonomy":"product_tag","embeddable":true,"href":"https:\/\/www.tatanka.nl\/it\/wp-json\/wp\/v2\/product_tag?post=50193"}],"curies":[{"name":"wp","href":"https:\/\/api.w.org\/{rel}","templated":true}]}}